{"id":1999,"date":"2022-04-28T15:02:07","date_gmt":"2022-04-28T13:02:07","guid":{"rendered":"https:\/\/legrenierdelatour.be\/brocante\/?post_type=product&#038;p=1999"},"modified":"2022-05-19T09:07:00","modified_gmt":"2022-05-19T07:07:00","slug":"flacon-a-cognac-verre-dore","status":"publish","type":"product","link":"https:\/\/legrenierdelatour.be\/brocante\/produit\/flacon-a-cognac-verre-dore\/","title":{"rendered":"Flacon \u00e0 cognac verre dor\u00e9"},"content":{"rendered":"<p>Beau flacon en verre souffl\u00e9 (21 cm de haut) et rehauss\u00e9 de dorures sans doute \u00e0 la main. Flacon en tr\u00e8s bon \u00e9tat, de forme pyramidale, fabriqu\u00e9 en Belgique, sans pr\u00e9cision de marque.<\/p>\n<div>R\u00e9f 11.25<\/div>\n","protected":false},"excerpt":{"rendered":"<p>Beau flacon en verre souffl\u00e9 (21 cm de haut) et rehauss\u00e9 de dorures sans doute \u00e0 la main. Flacon en tr\u00e8s bon \u00e9tat, de forme pyramidale, fabriqu\u00e9 en Belgique, sans pr\u00e9cision de marque. R\u00e9f 11.25<\/p>\n","protected":false},"featured_media":1986,"comment_status":"open","ping_status":"closed","template":"","meta":{"neve_meta_sidebar":"","neve_meta_container":"","neve_meta_enable_content_width":"off","neve_meta_content_width":100,"neve_meta_title_alignment":"","neve_meta_author_avatar":"","neve_post_elements_order":"","neve_meta_disable_header":"","neve_meta_disable_footer":"","neve_meta_disable_title":""},"product_brand":[],"product_cat":[106,107,162,22],"product_tag":[21,40],"class_list":{"0":"post-1999","1":"product","2":"type-product","3":"status-publish","4":"has-post-thumbnail","6":"product_cat-boom","7":"product_cat-doyen","8":"product_cat-productions-belges","9":"product_cat-verrerie","10":"product_tag-art-deco","11":"product_tag-belgique","13":"first","14":"instock","15":"shipping-taxable","16":"purchasable","17":"product-type-simple"},"_links":{"self":[{"href":"https:\/\/legrenierdelatour.be\/brocante\/wp-json\/wp\/v2\/product\/1999","targetHints":{"allow":["GET"]}}],"collection":[{"href":"https:\/\/legrenierdelatour.be\/brocante\/wp-json\/wp\/v2\/product"}],"about":[{"href":"https:\/\/legrenierdelatour.be\/brocante\/wp-json\/wp\/v2\/types\/product"}],"replies":[{"embeddable":true,"href":"https:\/\/legrenierdelatour.be\/brocante\/wp-json\/wp\/v2\/comments?post=1999"}],"wp:featuredmedia":[{"embeddable":true,"href":"https:\/\/legrenierdelatour.be\/brocante\/wp-json\/wp\/v2\/media\/1986"}],"wp:attachment":[{"href":"https:\/\/legrenierdelatour.be\/brocante\/wp-json\/wp\/v2\/media?parent=1999"}],"wp:term":[{"taxonomy":"product_brand","embeddable":true,"href":"https:\/\/legrenierdelatour.be\/brocante\/wp-json\/wp\/v2\/product_brand?post=1999"},{"taxonomy":"product_cat","embeddable":true,"href":"https:\/\/legrenierdelatour.be\/brocante\/wp-json\/wp\/v2\/product_cat?post=1999"},{"taxonomy":"product_tag","embeddable":true,"href":"https:\/\/legrenierdelatour.be\/brocante\/wp-json\/wp\/v2\/product_tag?post=1999"}],"curies":[{"name":"wp","href":"https:\/\/api.w.org\/{rel}","templated":true}]}}