{"id":1993,"date":"2022-04-27T16:39:09","date_gmt":"2022-04-27T14:39:09","guid":{"rendered":"https:\/\/legrenierdelatour.be\/brocante\/?post_type=product&#038;p=1993"},"modified":"2025-08-22T16:18:23","modified_gmt":"2025-08-22T14:18:23","slug":"assiettes-a-dessert-paradisio-boch-la-louviere","status":"publish","type":"product","link":"https:\/\/legrenierdelatour.be\/brocante\/produit\/assiettes-a-dessert-paradisio-boch-la-louviere\/","title":{"rendered":"Assiettes \u00e0 dessert \u00ab\u00a0Paradisio\u00a0\u00bb Boch La Louvi\u00e8re"},"content":{"rendered":"<p>5 assiettes \u00e0 dessert (19 cm de diam\u00e8tre), de la collection Paradiso \u00e9dit\u00e9e en 1969 par Boch La Louvi\u00e8re. Les assiettes sont en parfait \u00e9tat.<\/p>\n<div>Les assiettes sont vendues \u00e0 la pi\u00e8ce au prix de 5\u20ac.<\/div>\n<div>R\u00e9f 11.21<\/div>\n","protected":false},"excerpt":{"rendered":"<p>5 assiettes \u00e0 dessert (19 cm de diam\u00e8tre), de la collection Paradiso \u00e9dit\u00e9e en 1969 par Boch La Louvi\u00e8re. Les assiettes sont en parfait \u00e9tat. Les assiettes sont vendues \u00e0 la pi\u00e8ce au prix de 5\u20ac. R\u00e9f 11.21<\/p>\n","protected":false},"featured_media":1962,"comment_status":"open","ping_status":"closed","template":"","meta":{"neve_meta_sidebar":"","neve_meta_container":"","neve_meta_enable_content_width":"off","neve_meta_content_width":100,"neve_meta_title_alignment":"","neve_meta_author_avatar":"","neve_post_elements_order":"","neve_meta_disable_header":"","neve_meta_disable_footer":"","neve_meta_disable_title":""},"product_brand":[],"product_cat":[37,175,172,16],"product_tag":[40,20,19,28],"class_list":{"0":"post-1993","1":"product","2":"type-product","3":"status-publish","4":"has-post-thumbnail","6":"product_cat-belgique","7":"product_cat-boch","8":"product_cat-en-cuisine","9":"product_cat-ceramique","10":"product_tag-belgique","11":"product_tag-boch","12":"product_tag-faience","13":"product_tag-vintage","15":"first","16":"outofstock","17":"shipping-taxable","18":"purchasable","19":"product-type-simple"},"_links":{"self":[{"href":"https:\/\/legrenierdelatour.be\/brocante\/wp-json\/wp\/v2\/product\/1993","targetHints":{"allow":["GET"]}}],"collection":[{"href":"https:\/\/legrenierdelatour.be\/brocante\/wp-json\/wp\/v2\/product"}],"about":[{"href":"https:\/\/legrenierdelatour.be\/brocante\/wp-json\/wp\/v2\/types\/product"}],"replies":[{"embeddable":true,"href":"https:\/\/legrenierdelatour.be\/brocante\/wp-json\/wp\/v2\/comments?post=1993"}],"wp:featuredmedia":[{"embeddable":true,"href":"https:\/\/legrenierdelatour.be\/brocante\/wp-json\/wp\/v2\/media\/1962"}],"wp:attachment":[{"href":"https:\/\/legrenierdelatour.be\/brocante\/wp-json\/wp\/v2\/media?parent=1993"}],"wp:term":[{"taxonomy":"product_brand","embeddable":true,"href":"https:\/\/legrenierdelatour.be\/brocante\/wp-json\/wp\/v2\/product_brand?post=1993"},{"taxonomy":"product_cat","embeddable":true,"href":"https:\/\/legrenierdelatour.be\/brocante\/wp-json\/wp\/v2\/product_cat?post=1993"},{"taxonomy":"product_tag","embeddable":true,"href":"https:\/\/legrenierdelatour.be\/brocante\/wp-json\/wp\/v2\/product_tag?post=1993"}],"curies":[{"name":"wp","href":"https:\/\/api.w.org\/{rel}","templated":true}]}}