{"id":1991,"date":"2022-04-27T14:42:22","date_gmt":"2022-04-27T12:42:22","guid":{"rendered":"https:\/\/legrenierdelatour.be\/brocante\/?post_type=product&#038;p=1991"},"modified":"2022-05-19T09:10:06","modified_gmt":"2022-05-19T07:10:06","slug":"cafetiere-arcopal-pommes","status":"publish","type":"product","link":"https:\/\/legrenierdelatour.be\/brocante\/produit\/cafetiere-arcopal-pommes\/","title":{"rendered":"Cafeti\u00e8re Arcopal \u00ab\u00a0Pommes\u00a0\u00bb"},"content":{"rendered":"<p>Cafeti\u00e8re en Arcopal (19 cm de haut) avec son filtre. Elle est encore emball\u00e9e dans son emballage d\u2019origine et n\u2019a donc jamais servi. Cette cafeti\u00e8re a sans doute \u00e9t\u00e9 produite dans les ann\u00e9es 1970.<\/p>\n<div>R\u00e9f 11.19<\/div>\n","protected":false},"excerpt":{"rendered":"<p>Cafeti\u00e8re en Arcopal (19 cm de haut) avec son filtre. Elle est encore emball\u00e9e dans son emballage d\u2019origine et n\u2019a donc jamais servi. Cette cafeti\u00e8re a sans doute \u00e9t\u00e9 produite dans les ann\u00e9es 1970. R\u00e9f 11.19<\/p>\n","protected":false},"featured_media":1969,"comment_status":"open","ping_status":"closed","template":"","meta":{"neve_meta_sidebar":"","neve_meta_container":"","neve_meta_enable_content_width":"off","neve_meta_content_width":100,"neve_meta_title_alignment":"","neve_meta_author_avatar":"","neve_post_elements_order":"","neve_meta_disable_header":"","neve_meta_disable_footer":"","neve_meta_disable_title":""},"product_brand":[],"product_cat":[115,116,172,163,22],"product_tag":[88,28],"class_list":{"0":"post-1991","1":"product","2":"type-product","3":"status-publish","4":"has-post-thumbnail","6":"product_cat-arcopal","7":"product_cat-cristal-darques","8":"product_cat-en-cuisine","9":"product_cat-productions-francaises","10":"product_cat-verrerie","11":"product_tag-arcopal","12":"product_tag-vintage","14":"first","15":"instock","16":"shipping-taxable","17":"purchasable","18":"product-type-simple"},"_links":{"self":[{"href":"https:\/\/legrenierdelatour.be\/brocante\/wp-json\/wp\/v2\/product\/1991","targetHints":{"allow":["GET"]}}],"collection":[{"href":"https:\/\/legrenierdelatour.be\/brocante\/wp-json\/wp\/v2\/product"}],"about":[{"href":"https:\/\/legrenierdelatour.be\/brocante\/wp-json\/wp\/v2\/types\/product"}],"replies":[{"embeddable":true,"href":"https:\/\/legrenierdelatour.be\/brocante\/wp-json\/wp\/v2\/comments?post=1991"}],"wp:featuredmedia":[{"embeddable":true,"href":"https:\/\/legrenierdelatour.be\/brocante\/wp-json\/wp\/v2\/media\/1969"}],"wp:attachment":[{"href":"https:\/\/legrenierdelatour.be\/brocante\/wp-json\/wp\/v2\/media?parent=1991"}],"wp:term":[{"taxonomy":"product_brand","embeddable":true,"href":"https:\/\/legrenierdelatour.be\/brocante\/wp-json\/wp\/v2\/product_brand?post=1991"},{"taxonomy":"product_cat","embeddable":true,"href":"https:\/\/legrenierdelatour.be\/brocante\/wp-json\/wp\/v2\/product_cat?post=1991"},{"taxonomy":"product_tag","embeddable":true,"href":"https:\/\/legrenierdelatour.be\/brocante\/wp-json\/wp\/v2\/product_tag?post=1991"}],"curies":[{"name":"wp","href":"https:\/\/api.w.org\/{rel}","templated":true}]}}