{"id":1990,"date":"2022-04-27T14:22:22","date_gmt":"2022-04-27T12:22:22","guid":{"rendered":"https:\/\/legrenierdelatour.be\/brocante\/?post_type=product&#038;p=1990"},"modified":"2024-04-25T16:01:43","modified_gmt":"2024-04-25T14:01:43","slug":"boite-metallique-josephine-charlotte","status":"publish","type":"product","link":"https:\/\/legrenierdelatour.be\/brocante\/produit\/boite-metallique-josephine-charlotte\/","title":{"rendered":"Bo\u00eete m\u00e9tallique Jos\u00e9phine-Charlotte"},"content":{"rendered":"<p>Boite en m\u00e9tal (26&#215;18 cm) avec repr\u00e9sentation de Jos\u00e9phine-Charlotte de Belgique, avant son mariage avec Jean de Luxembourg. Il s\u2019agit d\u2019une bo\u00eete de biscuits DBF, produits en Belgique.<\/p>\n<p>Deux exemplaires disponibles.<\/p>\n<div>R\u00e9f 11.17<\/div>\n","protected":false},"excerpt":{"rendered":"<p>Boite en m\u00e9tal (26&#215;18 cm) avec repr\u00e9sentation de Jos\u00e9phine-Charlotte de Belgique, avant son mariage avec Jean de Luxembourg. Il s\u2019agit d\u2019une bo\u00eete de biscuits DBF, produits en Belgique. Deux exemplaires disponibles. R\u00e9f 11.17<\/p>\n","protected":false},"featured_media":2288,"comment_status":"open","ping_status":"closed","template":"","meta":{"neve_meta_sidebar":"","neve_meta_container":"","neve_meta_enable_content_width":"off","neve_meta_content_width":100,"neve_meta_title_alignment":"","neve_meta_author_avatar":"","neve_post_elements_order":"","neve_meta_disable_header":"","neve_meta_disable_footer":"","neve_meta_disable_title":""},"product_brand":[],"product_cat":[30,166,173],"product_tag":[40,83,68],"class_list":{"0":"post-1990","1":"product","2":"type-product","3":"status-publish","4":"has-post-thumbnail","6":"product_cat-luxemburgensia","7":"product_cat-luxemburgensia-luxemburgensia","8":"product_cat-objets-de-publicite","9":"product_tag-belgique","10":"product_tag-luxemburgensia","11":"product_tag-publicite","13":"first","14":"instock","15":"shipping-taxable","16":"purchasable","17":"product-type-simple"},"_links":{"self":[{"href":"https:\/\/legrenierdelatour.be\/brocante\/wp-json\/wp\/v2\/product\/1990","targetHints":{"allow":["GET"]}}],"collection":[{"href":"https:\/\/legrenierdelatour.be\/brocante\/wp-json\/wp\/v2\/product"}],"about":[{"href":"https:\/\/legrenierdelatour.be\/brocante\/wp-json\/wp\/v2\/types\/product"}],"replies":[{"embeddable":true,"href":"https:\/\/legrenierdelatour.be\/brocante\/wp-json\/wp\/v2\/comments?post=1990"}],"wp:featuredmedia":[{"embeddable":true,"href":"https:\/\/legrenierdelatour.be\/brocante\/wp-json\/wp\/v2\/media\/2288"}],"wp:attachment":[{"href":"https:\/\/legrenierdelatour.be\/brocante\/wp-json\/wp\/v2\/media?parent=1990"}],"wp:term":[{"taxonomy":"product_brand","embeddable":true,"href":"https:\/\/legrenierdelatour.be\/brocante\/wp-json\/wp\/v2\/product_brand?post=1990"},{"taxonomy":"product_cat","embeddable":true,"href":"https:\/\/legrenierdelatour.be\/brocante\/wp-json\/wp\/v2\/product_cat?post=1990"},{"taxonomy":"product_tag","embeddable":true,"href":"https:\/\/legrenierdelatour.be\/brocante\/wp-json\/wp\/v2\/product_tag?post=1990"}],"curies":[{"name":"wp","href":"https:\/\/api.w.org\/{rel}","templated":true}]}}