{"id":194,"date":"2022-02-10T11:11:02","date_gmt":"2022-02-10T10:11:02","guid":{"rendered":"https:\/\/legrenierdelatour.be\/brocante\/?post_type=product&#038;p=194"},"modified":"2022-05-20T15:43:35","modified_gmt":"2022-05-20T13:43:35","slug":"vierge-a-lenfant-en-faience-villeroy-boch-mettlach","status":"publish","type":"product","link":"https:\/\/legrenierdelatour.be\/brocante\/produit\/vierge-a-lenfant-en-faience-villeroy-boch-mettlach\/","title":{"rendered":"Vierge \u00e0 l&rsquo;enfant en fa\u00efence Villeroy &#038; Boch Mettlach"},"content":{"rendered":"<p>Carrelage (20,5 cm) repr\u00e9sentant une Vierge \u00e0 l&rsquo;enfant, produit par Villeroy &amp; Boch \u00e0 Mettlach. Etat impeccable. Il s&rsquo;agit d&rsquo;une production des ann\u00e9es 1970.<\/p>\n<p>Voir \u00e9galement 11.63<\/p>\n<p>R\u00e9f 7.52<\/p>\n","protected":false},"excerpt":{"rendered":"<p>Carrelage (20,5 cm) repr\u00e9sentant une Vierge \u00e0 l&rsquo;enfant, produit par Villeroy &amp; Boch \u00e0 Mettlach. Etat impeccable. Il s&rsquo;agit d&rsquo;une production des ann\u00e9es 1970. Voir \u00e9galement 11.63 R\u00e9f 7.52<\/p>\n","protected":false},"featured_media":195,"comment_status":"open","ping_status":"closed","template":"","meta":{"neve_meta_sidebar":"","neve_meta_container":"","neve_meta_enable_content_width":"off","neve_meta_content_width":100,"neve_meta_title_alignment":"","neve_meta_author_avatar":"","neve_post_elements_order":"","neve_meta_disable_header":"","neve_meta_disable_footer":"","neve_meta_disable_title":""},"product_brand":[],"product_cat":[15,48,16,167,34,29],"product_tag":[19,33,35,32,28],"class_list":{"0":"post-194","1":"product","2":"type-product","3":"status-publish","4":"has-post-thumbnail","6":"product_cat-non-classe","7":"product_cat-allemagne","8":"product_cat-ceramique","9":"product_cat-peintures-et-sculptures","10":"product_cat-religiosa","11":"product_cat-villeroy-boch","12":"product_tag-faience","13":"product_tag-mettlach","14":"product_tag-religion","15":"product_tag-villeroy-et-boch","16":"product_tag-vintage","18":"first","19":"instock","20":"shipping-taxable","21":"purchasable","22":"product-type-simple"},"_links":{"self":[{"href":"https:\/\/legrenierdelatour.be\/brocante\/wp-json\/wp\/v2\/product\/194","targetHints":{"allow":["GET"]}}],"collection":[{"href":"https:\/\/legrenierdelatour.be\/brocante\/wp-json\/wp\/v2\/product"}],"about":[{"href":"https:\/\/legrenierdelatour.be\/brocante\/wp-json\/wp\/v2\/types\/product"}],"replies":[{"embeddable":true,"href":"https:\/\/legrenierdelatour.be\/brocante\/wp-json\/wp\/v2\/comments?post=194"}],"wp:featuredmedia":[{"embeddable":true,"href":"https:\/\/legrenierdelatour.be\/brocante\/wp-json\/wp\/v2\/media\/195"}],"wp:attachment":[{"href":"https:\/\/legrenierdelatour.be\/brocante\/wp-json\/wp\/v2\/media?parent=194"}],"wp:term":[{"taxonomy":"product_brand","embeddable":true,"href":"https:\/\/legrenierdelatour.be\/brocante\/wp-json\/wp\/v2\/product_brand?post=194"},{"taxonomy":"product_cat","embeddable":true,"href":"https:\/\/legrenierdelatour.be\/brocante\/wp-json\/wp\/v2\/product_cat?post=194"},{"taxonomy":"product_tag","embeddable":true,"href":"https:\/\/legrenierdelatour.be\/brocante\/wp-json\/wp\/v2\/product_tag?post=194"}],"curies":[{"name":"wp","href":"https:\/\/api.w.org\/{rel}","templated":true}]}}