{"id":1933,"date":"2022-04-26T18:53:54","date_gmt":"2022-04-26T16:53:54","guid":{"rendered":"https:\/\/legrenierdelatour.be\/brocante\/?post_type=product&#038;p=1933"},"modified":"2022-05-19T09:25:00","modified_gmt":"2022-05-19T07:25:00","slug":"viege-a-lenfant-peinte-sur-faience","status":"publish","type":"product","link":"https:\/\/legrenierdelatour.be\/brocante\/produit\/viege-a-lenfant-peinte-sur-faience\/","title":{"rendered":"Viege \u00e0 l&rsquo;Enfant peinte sur fa\u00efence"},"content":{"rendered":"<p>Joli cadre compos\u00e9 de 2 carreaux de fa\u00efence (de 15 cm de c\u00f4t\u00e9 chacun), avec une repr\u00e9sentation peinte de la Vierge \u00e0 l\u2019Enfant. Cette \u00ab\u00a0peinture\u00a0\u00bb est sign\u00e9e Juman (?), et date sans doute des ann\u00e9es 1950-60. Les carreaux sont fix\u00e9s sur une panche de contreplaqu\u00e9 recouverte d\u2019adh\u00e9sif \u00ab\u00a0bois\u00a0\u00bb.<\/p>\n<div>R\u00e9f 11.14<\/div>\n","protected":false},"excerpt":{"rendered":"<p>Joli cadre compos\u00e9 de 2 carreaux de fa\u00efence (de 15 cm de c\u00f4t\u00e9 chacun), avec une repr\u00e9sentation peinte de la Vierge \u00e0 l\u2019Enfant. Cette \u00ab\u00a0peinture\u00a0\u00bb est sign\u00e9e Juman (?), et date sans doute des ann\u00e9es 1950-60. Les carreaux sont fix\u00e9s sur une panche de contreplaqu\u00e9 recouverte d\u2019adh\u00e9sif \u00ab\u00a0bois\u00a0\u00bb. R\u00e9f 11.14<\/p>\n","protected":false},"featured_media":1931,"comment_status":"open","ping_status":"closed","template":"","meta":{"neve_meta_sidebar":"","neve_meta_container":"","neve_meta_enable_content_width":"off","neve_meta_content_width":100,"neve_meta_title_alignment":"","neve_meta_author_avatar":"","neve_post_elements_order":"","neve_meta_disable_header":"","neve_meta_disable_footer":"","neve_meta_disable_title":""},"product_brand":[],"product_cat":[16,167,34],"product_tag":[79,19,35,28],"class_list":{"0":"post-1933","1":"product","2":"type-product","3":"status-publish","4":"has-post-thumbnail","6":"product_cat-ceramique","7":"product_cat-peintures-et-sculptures","8":"product_cat-religiosa","9":"product_tag-art","10":"product_tag-faience","11":"product_tag-religion","12":"product_tag-vintage","14":"first","15":"instock","16":"shipping-taxable","17":"purchasable","18":"product-type-simple"},"_links":{"self":[{"href":"https:\/\/legrenierdelatour.be\/brocante\/wp-json\/wp\/v2\/product\/1933","targetHints":{"allow":["GET"]}}],"collection":[{"href":"https:\/\/legrenierdelatour.be\/brocante\/wp-json\/wp\/v2\/product"}],"about":[{"href":"https:\/\/legrenierdelatour.be\/brocante\/wp-json\/wp\/v2\/types\/product"}],"replies":[{"embeddable":true,"href":"https:\/\/legrenierdelatour.be\/brocante\/wp-json\/wp\/v2\/comments?post=1933"}],"wp:featuredmedia":[{"embeddable":true,"href":"https:\/\/legrenierdelatour.be\/brocante\/wp-json\/wp\/v2\/media\/1931"}],"wp:attachment":[{"href":"https:\/\/legrenierdelatour.be\/brocante\/wp-json\/wp\/v2\/media?parent=1933"}],"wp:term":[{"taxonomy":"product_brand","embeddable":true,"href":"https:\/\/legrenierdelatour.be\/brocante\/wp-json\/wp\/v2\/product_brand?post=1933"},{"taxonomy":"product_cat","embeddable":true,"href":"https:\/\/legrenierdelatour.be\/brocante\/wp-json\/wp\/v2\/product_cat?post=1933"},{"taxonomy":"product_tag","embeddable":true,"href":"https:\/\/legrenierdelatour.be\/brocante\/wp-json\/wp\/v2\/product_tag?post=1933"}],"curies":[{"name":"wp","href":"https:\/\/api.w.org\/{rel}","templated":true}]}}