{"id":1921,"date":"2022-04-22T14:36:24","date_gmt":"2022-04-22T12:36:24","guid":{"rendered":"https:\/\/legrenierdelatour.be\/brocante\/?post_type=product&#038;p=1921"},"modified":"2022-05-19T13:16:54","modified_gmt":"2022-05-19T11:16:54","slug":"cendrier-632-marzi-et-remy","status":"publish","type":"product","link":"https:\/\/legrenierdelatour.be\/brocante\/produit\/cendrier-632-marzi-et-remy\/","title":{"rendered":"Cendrier 632 Marzi et Remy"},"content":{"rendered":"<p>Cendrier West Germany (12 cm de c\u00f4t\u00e9) produit par la manufacture Marzi &amp; Remy (fond\u00e9e en 1879 par Anton Marzi et Peter Remy \u00e0 H\u00f6hr-Grenzhausen en Allemagne. mLa manufacture exista jusqu\u2019en 1996. En tr\u00e8s bon \u00e9tat, ce cendrier est de forme 632 et a \u00e9t\u00e9 rehauss\u00e9 de couleur dor\u00e9e peinte \u00e0 la main. Il a sans doute \u00e9t\u00e9 produit entre 1964 et 1970.<\/p>\n<div>R\u00e9f 11.9<\/div>\n","protected":false},"excerpt":{"rendered":"<p>Cendrier West Germany (12 cm de c\u00f4t\u00e9) produit par la manufacture Marzi &amp; Remy (fond\u00e9e en 1879 par Anton Marzi et Peter Remy \u00e0 H\u00f6hr-Grenzhausen en Allemagne. mLa manufacture exista jusqu\u2019en 1996. En tr\u00e8s bon \u00e9tat, ce cendrier est de forme 632 et a \u00e9t\u00e9 rehauss\u00e9 de couleur dor\u00e9e peinte \u00e0 la main. Il a&hellip;&nbsp;<a href=\"https:\/\/legrenierdelatour.be\/brocante\/produit\/cendrier-632-marzi-et-remy\/\" class=\"\" rel=\"bookmark\">Lire la suite &raquo;<span class=\"screen-reader-text\">Cendrier 632 Marzi et Remy<\/span><\/a><\/p>\n","protected":false},"featured_media":1911,"comment_status":"open","ping_status":"closed","template":"","meta":{"neve_meta_sidebar":"","neve_meta_container":"","neve_meta_enable_content_width":"off","neve_meta_content_width":100,"neve_meta_title_alignment":"","neve_meta_author_avatar":"","neve_post_elements_order":"","neve_meta_disable_header":"","neve_meta_disable_footer":"","neve_meta_disable_title":""},"product_brand":[],"product_cat":[48,170,183,16,47],"product_tag":[122,19,121,113,148,28,49],"class_list":{"0":"post-1921","1":"product","2":"type-product","3":"status-publish","4":"has-post-thumbnail","6":"product_cat-allemagne","7":"product_cat-autres-producteurs","8":"product_cat-bureau-et-fumoir","9":"product_cat-ceramique","10":"product_cat-west-germany","11":"product_tag-bureau","12":"product_tag-faience","13":"product_tag-fumoir","14":"product_tag-gres","15":"product_tag-marzi-et-remy","16":"product_tag-vintage","17":"product_tag-west-germany","19":"first","20":"instock","21":"shipping-taxable","22":"purchasable","23":"product-type-simple"},"_links":{"self":[{"href":"https:\/\/legrenierdelatour.be\/brocante\/wp-json\/wp\/v2\/product\/1921","targetHints":{"allow":["GET"]}}],"collection":[{"href":"https:\/\/legrenierdelatour.be\/brocante\/wp-json\/wp\/v2\/product"}],"about":[{"href":"https:\/\/legrenierdelatour.be\/brocante\/wp-json\/wp\/v2\/types\/product"}],"replies":[{"embeddable":true,"href":"https:\/\/legrenierdelatour.be\/brocante\/wp-json\/wp\/v2\/comments?post=1921"}],"wp:featuredmedia":[{"embeddable":true,"href":"https:\/\/legrenierdelatour.be\/brocante\/wp-json\/wp\/v2\/media\/1911"}],"wp:attachment":[{"href":"https:\/\/legrenierdelatour.be\/brocante\/wp-json\/wp\/v2\/media?parent=1921"}],"wp:term":[{"taxonomy":"product_brand","embeddable":true,"href":"https:\/\/legrenierdelatour.be\/brocante\/wp-json\/wp\/v2\/product_brand?post=1921"},{"taxonomy":"product_cat","embeddable":true,"href":"https:\/\/legrenierdelatour.be\/brocante\/wp-json\/wp\/v2\/product_cat?post=1921"},{"taxonomy":"product_tag","embeddable":true,"href":"https:\/\/legrenierdelatour.be\/brocante\/wp-json\/wp\/v2\/product_tag?post=1921"}],"curies":[{"name":"wp","href":"https:\/\/api.w.org\/{rel}","templated":true}]}}