{"id":1893,"date":"2022-04-21T17:41:56","date_gmt":"2022-04-21T15:41:56","guid":{"rendered":"https:\/\/legrenierdelatour.be\/brocante\/?post_type=product&#038;p=1893"},"modified":"2022-05-19T09:31:31","modified_gmt":"2022-05-19T07:31:31","slug":"assiettes-marguerites-boch-la-louviere-2","status":"publish","type":"product","link":"https:\/\/legrenierdelatour.be\/brocante\/produit\/assiettes-marguerites-boch-la-louviere-2\/","title":{"rendered":"Assiettes \u00ab\u00a0Marguerites\u00a0\u00bb Boch La Louvi\u00e8re"},"content":{"rendered":"<p>8 assiettes \u00e0 dessert avec motif \u00ab\u00a0Marguerites\u00a0\u00bb en bon \u00e9tat, de 19 cm de diam\u00e8tre. Le cachet vert atteste d\u2019une production de Boch La Louvi\u00e8re vers 1960-70.<\/p>\n<p>Ces assiettes sont vendues \u00e0 la pi\u00e8ce au prix de 5\u20ac.<\/p>\n<div>\n<p>D\u2019autres \u00e9l\u00e9ments de la m\u00eame collection se trouvent en r\u00e9f 9.16 et 5.8, ainsi que 11.3 et 11.4<\/p>\n<div>R\u00e9f 11.2<\/div>\n<\/div>\n","protected":false},"excerpt":{"rendered":"<p>8 assiettes \u00e0 dessert avec motif \u00ab\u00a0Marguerites\u00a0\u00bb en bon \u00e9tat, de 19 cm de diam\u00e8tre. Le cachet vert atteste d\u2019une production de Boch La Louvi\u00e8re vers 1960-70. Ces assiettes sont vendues \u00e0 la pi\u00e8ce au prix de 5\u20ac. D\u2019autres \u00e9l\u00e9ments de la m\u00eame collection se trouvent en r\u00e9f 9.16 et 5.8, ainsi que 11.3 et&hellip;&nbsp;<a href=\"https:\/\/legrenierdelatour.be\/brocante\/produit\/assiettes-marguerites-boch-la-louviere-2\/\" class=\"\" rel=\"bookmark\">Lire la suite &raquo;<span class=\"screen-reader-text\">Assiettes \u00ab\u00a0Marguerites\u00a0\u00bb Boch La Louvi\u00e8re<\/span><\/a><\/p>\n","protected":false},"featured_media":1913,"comment_status":"open","ping_status":"closed","template":"","meta":{"neve_meta_sidebar":"","neve_meta_container":"","neve_meta_enable_content_width":"off","neve_meta_content_width":100,"neve_meta_title_alignment":"","neve_meta_author_avatar":"","neve_post_elements_order":"","neve_meta_disable_header":"","neve_meta_disable_footer":"","neve_meta_disable_title":""},"product_brand":[],"product_cat":[15,37,175,172,16],"product_tag":[40,20,19,28],"class_list":{"0":"post-1893","1":"product","2":"type-product","3":"status-publish","4":"has-post-thumbnail","6":"product_cat-non-classe","7":"product_cat-belgique","8":"product_cat-boch","9":"product_cat-en-cuisine","10":"product_cat-ceramique","11":"product_tag-belgique","12":"product_tag-boch","13":"product_tag-faience","14":"product_tag-vintage","16":"first","17":"instock","18":"shipping-taxable","19":"purchasable","20":"product-type-simple"},"_links":{"self":[{"href":"https:\/\/legrenierdelatour.be\/brocante\/wp-json\/wp\/v2\/product\/1893","targetHints":{"allow":["GET"]}}],"collection":[{"href":"https:\/\/legrenierdelatour.be\/brocante\/wp-json\/wp\/v2\/product"}],"about":[{"href":"https:\/\/legrenierdelatour.be\/brocante\/wp-json\/wp\/v2\/types\/product"}],"replies":[{"embeddable":true,"href":"https:\/\/legrenierdelatour.be\/brocante\/wp-json\/wp\/v2\/comments?post=1893"}],"wp:featuredmedia":[{"embeddable":true,"href":"https:\/\/legrenierdelatour.be\/brocante\/wp-json\/wp\/v2\/media\/1913"}],"wp:attachment":[{"href":"https:\/\/legrenierdelatour.be\/brocante\/wp-json\/wp\/v2\/media?parent=1893"}],"wp:term":[{"taxonomy":"product_brand","embeddable":true,"href":"https:\/\/legrenierdelatour.be\/brocante\/wp-json\/wp\/v2\/product_brand?post=1893"},{"taxonomy":"product_cat","embeddable":true,"href":"https:\/\/legrenierdelatour.be\/brocante\/wp-json\/wp\/v2\/product_cat?post=1893"},{"taxonomy":"product_tag","embeddable":true,"href":"https:\/\/legrenierdelatour.be\/brocante\/wp-json\/wp\/v2\/product_tag?post=1893"}],"curies":[{"name":"wp","href":"https:\/\/api.w.org\/{rel}","templated":true}]}}