{"id":1885,"date":"2022-04-20T12:46:17","date_gmt":"2022-04-20T10:46:17","guid":{"rendered":"https:\/\/legrenierdelatour.be\/brocante\/?post_type=product&#038;p=1885"},"modified":"2023-02-01T21:10:55","modified_gmt":"2023-02-01T20:10:55","slug":"vase-1006-dummler-breiden","status":"publish","type":"product","link":"https:\/\/legrenierdelatour.be\/brocante\/produit\/vase-1006-dummler-breiden\/","title":{"rendered":"Vase 1006 Dumler &#038; Breiden"},"content":{"rendered":"<p>Petit vase cruche (14 cm de haut) produit par Dumler und Breiden (cr\u00e9\u00e9e en 1883 par Peter D\u00fcmler et Albert Breiden) \u00e0 H\u00f6hr Grenzhausen en Allemagne. Cette poterie dont le d\u00e9cor de fleurs dor\u00e9es a \u00e9t\u00e9 peint main, a sans doute \u00e9t\u00e9 produite dans les ann\u00e9es 1980.<\/p>\n<div>R\u00e9f 10.98<\/div>\n","protected":false},"excerpt":{"rendered":"<p>Petit vase cruche (14 cm de haut) produit par Dumler und Breiden (cr\u00e9\u00e9e en 1883 par Peter D\u00fcmler et Albert Breiden) \u00e0 H\u00f6hr Grenzhausen en Allemagne. Cette poterie dont le d\u00e9cor de fleurs dor\u00e9es a \u00e9t\u00e9 peint main, a sans doute \u00e9t\u00e9 produite dans les ann\u00e9es 1980. R\u00e9f 10.98<\/p>\n","protected":false},"featured_media":1849,"comment_status":"open","ping_status":"closed","template":"","meta":{"neve_meta_sidebar":"","neve_meta_container":"","neve_meta_enable_content_width":"off","neve_meta_content_width":100,"neve_meta_title_alignment":"","neve_meta_author_avatar":"","neve_post_elements_order":"","neve_meta_disable_header":"","neve_meta_disable_footer":"","neve_meta_disable_title":""},"product_brand":[],"product_cat":[48,169,16,47],"product_tag":[56,19,49],"class_list":{"0":"post-1885","1":"product","2":"type-product","3":"status-publish","4":"has-post-thumbnail","6":"product_cat-allemagne","7":"product_cat-dummler-breiden","8":"product_cat-ceramique","9":"product_cat-west-germany","10":"product_tag-dummler-breiden","11":"product_tag-faience","12":"product_tag-west-germany","14":"first","15":"instock","16":"shipping-taxable","17":"purchasable","18":"product-type-simple"},"_links":{"self":[{"href":"https:\/\/legrenierdelatour.be\/brocante\/wp-json\/wp\/v2\/product\/1885","targetHints":{"allow":["GET"]}}],"collection":[{"href":"https:\/\/legrenierdelatour.be\/brocante\/wp-json\/wp\/v2\/product"}],"about":[{"href":"https:\/\/legrenierdelatour.be\/brocante\/wp-json\/wp\/v2\/types\/product"}],"replies":[{"embeddable":true,"href":"https:\/\/legrenierdelatour.be\/brocante\/wp-json\/wp\/v2\/comments?post=1885"}],"wp:featuredmedia":[{"embeddable":true,"href":"https:\/\/legrenierdelatour.be\/brocante\/wp-json\/wp\/v2\/media\/1849"}],"wp:attachment":[{"href":"https:\/\/legrenierdelatour.be\/brocante\/wp-json\/wp\/v2\/media?parent=1885"}],"wp:term":[{"taxonomy":"product_brand","embeddable":true,"href":"https:\/\/legrenierdelatour.be\/brocante\/wp-json\/wp\/v2\/product_brand?post=1885"},{"taxonomy":"product_cat","embeddable":true,"href":"https:\/\/legrenierdelatour.be\/brocante\/wp-json\/wp\/v2\/product_cat?post=1885"},{"taxonomy":"product_tag","embeddable":true,"href":"https:\/\/legrenierdelatour.be\/brocante\/wp-json\/wp\/v2\/product_tag?post=1885"}],"curies":[{"name":"wp","href":"https:\/\/api.w.org\/{rel}","templated":true}]}}