{"id":1883,"date":"2022-04-20T12:26:34","date_gmt":"2022-04-20T10:26:34","guid":{"rendered":"https:\/\/legrenierdelatour.be\/brocante\/?post_type=product&#038;p=1883"},"modified":"2022-05-19T12:12:36","modified_gmt":"2022-05-19T10:12:36","slug":"tasse-iris-herrinbone-jeannete","status":"publish","type":"product","link":"https:\/\/legrenierdelatour.be\/brocante\/produit\/tasse-iris-herrinbone-jeannete\/","title":{"rendered":"Tasse Iris &#038; Herrinbone Jeannete"},"content":{"rendered":"<p>Tasse en verre moul\u00e9 (7,5 cm de haut), en verre iris\u00e9, avec dessin \u00ab\u00a0Iris and Herringbone\u00a0\u00bb. Il a \u00e9t\u00e9 produite par la \u00ab\u00a0Jeannete Glass Company\u00a0\u00bb (1898-1983) \u00e0 Jeannette en Pennsylvanie (Etats Unis). \u00a0Cette collection a \u00e9t\u00e9 produite en verre clair de 1928 \u00e0 1932, puis une collection iridescente dans les ann\u00e9es 1950-1970.<\/p>\n<p>R\u00e9f 10.96<\/p>\n","protected":false},"excerpt":{"rendered":"<p>Tasse en verre moul\u00e9 (7,5 cm de haut), en verre iris\u00e9, avec dessin \u00ab\u00a0Iris and Herringbone\u00a0\u00bb. Il a \u00e9t\u00e9 produite par la \u00ab\u00a0Jeannete Glass Company\u00a0\u00bb (1898-1983) \u00e0 Jeannette en Pennsylvanie (Etats Unis). \u00a0Cette collection a \u00e9t\u00e9 produite en verre clair de 1928 \u00e0 1932, puis une collection iridescente dans les ann\u00e9es 1950-1970. R\u00e9f 10.96<\/p>\n","protected":false},"featured_media":1852,"comment_status":"open","ping_status":"closed","template":"","meta":{"neve_meta_sidebar":"","neve_meta_container":"","neve_meta_enable_content_width":"off","neve_meta_content_width":100,"neve_meta_title_alignment":"","neve_meta_author_avatar":"","neve_post_elements_order":"","neve_meta_disable_header":"","neve_meta_disable_footer":"","neve_meta_disable_title":""},"product_brand":[],"product_cat":[164,141,22],"product_tag":[28],"class_list":{"0":"post-1883","1":"product","2":"type-product","3":"status-publish","4":"has-post-thumbnail","6":"product_cat-autres-productions","7":"product_cat-jeannette","8":"product_cat-verrerie","9":"product_tag-vintage","11":"first","12":"instock","13":"shipping-taxable","14":"purchasable","15":"product-type-simple"},"_links":{"self":[{"href":"https:\/\/legrenierdelatour.be\/brocante\/wp-json\/wp\/v2\/product\/1883","targetHints":{"allow":["GET"]}}],"collection":[{"href":"https:\/\/legrenierdelatour.be\/brocante\/wp-json\/wp\/v2\/product"}],"about":[{"href":"https:\/\/legrenierdelatour.be\/brocante\/wp-json\/wp\/v2\/types\/product"}],"replies":[{"embeddable":true,"href":"https:\/\/legrenierdelatour.be\/brocante\/wp-json\/wp\/v2\/comments?post=1883"}],"wp:featuredmedia":[{"embeddable":true,"href":"https:\/\/legrenierdelatour.be\/brocante\/wp-json\/wp\/v2\/media\/1852"}],"wp:attachment":[{"href":"https:\/\/legrenierdelatour.be\/brocante\/wp-json\/wp\/v2\/media?parent=1883"}],"wp:term":[{"taxonomy":"product_brand","embeddable":true,"href":"https:\/\/legrenierdelatour.be\/brocante\/wp-json\/wp\/v2\/product_brand?post=1883"},{"taxonomy":"product_cat","embeddable":true,"href":"https:\/\/legrenierdelatour.be\/brocante\/wp-json\/wp\/v2\/product_cat?post=1883"},{"taxonomy":"product_tag","embeddable":true,"href":"https:\/\/legrenierdelatour.be\/brocante\/wp-json\/wp\/v2\/product_tag?post=1883"}],"curies":[{"name":"wp","href":"https:\/\/api.w.org\/{rel}","templated":true}]}}