{"id":1881,"date":"2022-04-20T12:21:33","date_gmt":"2022-04-20T10:21:33","guid":{"rendered":"https:\/\/legrenierdelatour.be\/brocante\/?post_type=product&#038;p=1881"},"modified":"2022-04-20T12:21:33","modified_gmt":"2022-04-20T10:21:33","slug":"plat-en-faience-avec-anse-vintage","status":"publish","type":"product","link":"https:\/\/legrenierdelatour.be\/brocante\/produit\/plat-en-faience-avec-anse-vintage\/","title":{"rendered":"Plat en fa\u00efence avec anse, vintage"},"content":{"rendered":"<p>Petit plat en fa\u00efence \u00e9maill\u00e9e (16 cm de diam\u00e8tre), avec anse en osier et m\u00e9tal. Le d\u00e9cor est ethique vintage et ce plat, sans doute produit en allemagne, date probablement des ann\u00e9es 1950-70.<\/p>\n<div>R\u00e9f 10.95<\/div>\n","protected":false},"excerpt":{"rendered":"<p>Petit plat en fa\u00efence \u00e9maill\u00e9e (16 cm de diam\u00e8tre), avec anse en osier et m\u00e9tal. Le d\u00e9cor est ethique vintage et ce plat, sans doute produit en allemagne, date probablement des ann\u00e9es 1950-70. R\u00e9f 10.95<\/p>\n","protected":false},"featured_media":1853,"comment_status":"open","ping_status":"closed","template":"","meta":{"neve_meta_sidebar":"","neve_meta_container":"","neve_meta_enable_content_width":"off","neve_meta_content_width":100,"neve_meta_title_alignment":"","neve_meta_author_avatar":"","neve_post_elements_order":"","neve_meta_disable_header":"","neve_meta_disable_footer":"","neve_meta_disable_title":""},"product_brand":[],"product_cat":[48,16],"product_tag":[19,28,49],"class_list":{"0":"post-1881","1":"product","2":"type-product","3":"status-publish","4":"has-post-thumbnail","6":"product_cat-allemagne","7":"product_cat-ceramique","8":"product_tag-faience","9":"product_tag-vintage","10":"product_tag-west-germany","12":"first","13":"instock","14":"shipping-taxable","15":"purchasable","16":"product-type-simple"},"_links":{"self":[{"href":"https:\/\/legrenierdelatour.be\/brocante\/wp-json\/wp\/v2\/product\/1881","targetHints":{"allow":["GET"]}}],"collection":[{"href":"https:\/\/legrenierdelatour.be\/brocante\/wp-json\/wp\/v2\/product"}],"about":[{"href":"https:\/\/legrenierdelatour.be\/brocante\/wp-json\/wp\/v2\/types\/product"}],"replies":[{"embeddable":true,"href":"https:\/\/legrenierdelatour.be\/brocante\/wp-json\/wp\/v2\/comments?post=1881"}],"wp:featuredmedia":[{"embeddable":true,"href":"https:\/\/legrenierdelatour.be\/brocante\/wp-json\/wp\/v2\/media\/1853"}],"wp:attachment":[{"href":"https:\/\/legrenierdelatour.be\/brocante\/wp-json\/wp\/v2\/media?parent=1881"}],"wp:term":[{"taxonomy":"product_brand","embeddable":true,"href":"https:\/\/legrenierdelatour.be\/brocante\/wp-json\/wp\/v2\/product_brand?post=1881"},{"taxonomy":"product_cat","embeddable":true,"href":"https:\/\/legrenierdelatour.be\/brocante\/wp-json\/wp\/v2\/product_cat?post=1881"},{"taxonomy":"product_tag","embeddable":true,"href":"https:\/\/legrenierdelatour.be\/brocante\/wp-json\/wp\/v2\/product_tag?post=1881"}],"curies":[{"name":"wp","href":"https:\/\/api.w.org\/{rel}","templated":true}]}}