{"id":188,"date":"2022-02-10T10:52:31","date_gmt":"2022-02-10T09:52:31","guid":{"rendered":"https:\/\/legrenierdelatour.be\/brocante\/?post_type=product&#038;p=188"},"modified":"2022-05-19T17:41:01","modified_gmt":"2022-05-19T15:41:01","slug":"cafetiere-en-faience-brune-villeroy-et-boch-luxembourg","status":"publish","type":"product","link":"https:\/\/legrenierdelatour.be\/brocante\/produit\/cafetiere-en-faience-brune-villeroy-et-boch-luxembourg\/","title":{"rendered":"Cafeti\u00e8re en fa\u00efence brune Villeroy et Boch Luxembourg"},"content":{"rendered":"<p>Tr\u00e8s grosse cafeti\u00e8re (20 cm de haut, Taille 0) en tr\u00e8s bon \u00e9tat, produite par Villeroy et Boch dans les ann\u00e9es 1950. Elle est disponible en deux exemplaires, le prix \u00e9tant \u00e0 la pi\u00e8ce.<\/p>\n<p>R\u00e9f 5.97<\/p>\n","protected":false},"excerpt":{"rendered":"<p>Tr\u00e8s grosse cafeti\u00e8re (20 cm de haut, Taille 0) en tr\u00e8s bon \u00e9tat, produite par Villeroy et Boch dans les ann\u00e9es 1950. Elle est disponible en deux exemplaires, le prix \u00e9tant \u00e0 la pi\u00e8ce. R\u00e9f 5.97<\/p>\n","protected":false},"featured_media":189,"comment_status":"open","ping_status":"closed","template":"","meta":{"neve_meta_sidebar":"","neve_meta_container":"","neve_meta_enable_content_width":"off","neve_meta_content_width":100,"neve_meta_title_alignment":"","neve_meta_author_avatar":"","neve_post_elements_order":"","neve_meta_disable_header":"","neve_meta_disable_footer":"","neve_meta_disable_title":""},"product_brand":[],"product_cat":[15,172,16,165,29],"product_tag":[19,32,28],"class_list":{"0":"post-188","1":"product","2":"type-product","3":"status-publish","4":"has-post-thumbnail","6":"product_cat-non-classe","7":"product_cat-en-cuisine","8":"product_cat-ceramique","9":"product_cat-luxembourg","10":"product_cat-villeroy-boch","11":"product_tag-faience","12":"product_tag-villeroy-et-boch","13":"product_tag-vintage","15":"first","16":"instock","17":"shipping-taxable","18":"purchasable","19":"product-type-simple"},"_links":{"self":[{"href":"https:\/\/legrenierdelatour.be\/brocante\/wp-json\/wp\/v2\/product\/188","targetHints":{"allow":["GET"]}}],"collection":[{"href":"https:\/\/legrenierdelatour.be\/brocante\/wp-json\/wp\/v2\/product"}],"about":[{"href":"https:\/\/legrenierdelatour.be\/brocante\/wp-json\/wp\/v2\/types\/product"}],"replies":[{"embeddable":true,"href":"https:\/\/legrenierdelatour.be\/brocante\/wp-json\/wp\/v2\/comments?post=188"}],"wp:featuredmedia":[{"embeddable":true,"href":"https:\/\/legrenierdelatour.be\/brocante\/wp-json\/wp\/v2\/media\/189"}],"wp:attachment":[{"href":"https:\/\/legrenierdelatour.be\/brocante\/wp-json\/wp\/v2\/media?parent=188"}],"wp:term":[{"taxonomy":"product_brand","embeddable":true,"href":"https:\/\/legrenierdelatour.be\/brocante\/wp-json\/wp\/v2\/product_brand?post=188"},{"taxonomy":"product_cat","embeddable":true,"href":"https:\/\/legrenierdelatour.be\/brocante\/wp-json\/wp\/v2\/product_cat?post=188"},{"taxonomy":"product_tag","embeddable":true,"href":"https:\/\/legrenierdelatour.be\/brocante\/wp-json\/wp\/v2\/product_tag?post=188"}],"curies":[{"name":"wp","href":"https:\/\/api.w.org\/{rel}","templated":true}]}}