{"id":187,"date":"2022-02-10T10:42:22","date_gmt":"2022-02-10T09:42:22","guid":{"rendered":"https:\/\/legrenierdelatour.be\/brocante\/?post_type=product&#038;p=187"},"modified":"2022-05-19T17:41:11","modified_gmt":"2022-05-19T15:41:11","slug":"casserole-en-faience-brune-villeroy-et-boch-luxembourg","status":"publish","type":"product","link":"https:\/\/legrenierdelatour.be\/brocante\/produit\/casserole-en-faience-brune-villeroy-et-boch-luxembourg\/","title":{"rendered":"Casserole en fa\u00efence brune Villeroy et Boch Luxembourg"},"content":{"rendered":"<p>Petite casserole \u00e9maill\u00e9e (12,5 cm de diam\u00e8tre \u00e0 la base, taille 4) produite par Villeroy et Boch. Elle pr\u00e9sente de nombreuses traces d&rsquo;utilisation. Ce type de fa\u00efence est \u00e9galement appel\u00e9 \u00ab\u00a0porcelaine \u00e0 feu\u00a0\u00bb.<\/p>\n<p>R\u00e9f 5.19<\/p>\n","protected":false},"excerpt":{"rendered":"<p>Petite casserole \u00e9maill\u00e9e (12,5 cm de diam\u00e8tre \u00e0 la base, taille 4) produite par Villeroy et Boch. Elle pr\u00e9sente de nombreuses traces d&rsquo;utilisation. Ce type de fa\u00efence est \u00e9galement appel\u00e9 \u00ab\u00a0porcelaine \u00e0 feu\u00a0\u00bb. R\u00e9f 5.19<\/p>\n","protected":false},"featured_media":182,"comment_status":"open","ping_status":"closed","template":"","meta":{"neve_meta_sidebar":"","neve_meta_container":"","neve_meta_enable_content_width":"off","neve_meta_content_width":100,"neve_meta_title_alignment":"","neve_meta_author_avatar":"","neve_post_elements_order":"","neve_meta_disable_header":"","neve_meta_disable_footer":"","neve_meta_disable_title":""},"product_brand":[],"product_cat":[15,172,16,165,29],"product_tag":[19,32,28],"class_list":{"0":"post-187","1":"product","2":"type-product","3":"status-publish","4":"has-post-thumbnail","6":"product_cat-non-classe","7":"product_cat-en-cuisine","8":"product_cat-ceramique","9":"product_cat-luxembourg","10":"product_cat-villeroy-boch","11":"product_tag-faience","12":"product_tag-villeroy-et-boch","13":"product_tag-vintage","15":"first","16":"instock","17":"shipping-taxable","18":"purchasable","19":"product-type-simple"},"_links":{"self":[{"href":"https:\/\/legrenierdelatour.be\/brocante\/wp-json\/wp\/v2\/product\/187","targetHints":{"allow":["GET"]}}],"collection":[{"href":"https:\/\/legrenierdelatour.be\/brocante\/wp-json\/wp\/v2\/product"}],"about":[{"href":"https:\/\/legrenierdelatour.be\/brocante\/wp-json\/wp\/v2\/types\/product"}],"replies":[{"embeddable":true,"href":"https:\/\/legrenierdelatour.be\/brocante\/wp-json\/wp\/v2\/comments?post=187"}],"wp:featuredmedia":[{"embeddable":true,"href":"https:\/\/legrenierdelatour.be\/brocante\/wp-json\/wp\/v2\/media\/182"}],"wp:attachment":[{"href":"https:\/\/legrenierdelatour.be\/brocante\/wp-json\/wp\/v2\/media?parent=187"}],"wp:term":[{"taxonomy":"product_brand","embeddable":true,"href":"https:\/\/legrenierdelatour.be\/brocante\/wp-json\/wp\/v2\/product_brand?post=187"},{"taxonomy":"product_cat","embeddable":true,"href":"https:\/\/legrenierdelatour.be\/brocante\/wp-json\/wp\/v2\/product_cat?post=187"},{"taxonomy":"product_tag","embeddable":true,"href":"https:\/\/legrenierdelatour.be\/brocante\/wp-json\/wp\/v2\/product_tag?post=187"}],"curies":[{"name":"wp","href":"https:\/\/api.w.org\/{rel}","templated":true}]}}