{"id":1845,"date":"2022-04-20T10:57:33","date_gmt":"2022-04-20T08:57:33","guid":{"rendered":"https:\/\/legrenierdelatour.be\/brocante\/?post_type=product&#038;p=1845"},"modified":"2026-04-07T10:56:47","modified_gmt":"2026-04-07T08:56:47","slug":"plaque-gres-emaille-saint-pirmin-kaundorf","status":"publish","type":"product","link":"https:\/\/legrenierdelatour.be\/brocante\/produit\/plaque-gres-emaille-saint-pirmin-kaundorf\/","title":{"rendered":"Plaque gr\u00e8s \u00e9maill\u00e9 Saint Pirmin Kaundorf"},"content":{"rendered":"<p>Plaque en gr\u00e8s \u00e9maill\u00e9e (18,5&#215;10 cm) avec une repr\u00e9sentation de Saint Pirmin (Scarapsus St. Pirminus 8\u00e8 si\u00e8cle). A Kaundorf, des processions r\u00e9guli\u00e8res sont organis\u00e9es \u00e0 la Chapelle St Pirmin. La plaque en tr\u00e8s bon \u00e9tat est sign\u00e9e WP (Wenzel Profant 1913-1989) et a \u00e9t\u00e9 produite par Villeroy &amp; Boch.<\/p>\n<div>R\u00e9f 10.91<\/div>\n","protected":false},"excerpt":{"rendered":"<p>Plaque en gr\u00e8s \u00e9maill\u00e9e (18,5&#215;10 cm) avec une repr\u00e9sentation de Saint Pirmin (Scarapsus St. Pirminus 8\u00e8 si\u00e8cle). A Kaundorf, des processions r\u00e9guli\u00e8res sont organis\u00e9es \u00e0 la Chapelle St Pirmin. La plaque en tr\u00e8s bon \u00e9tat est sign\u00e9e WP (Wenzel Profant 1913-1989) et a \u00e9t\u00e9 produite par Villeroy &amp; Boch. R\u00e9f 10.91<\/p>\n","protected":false},"featured_media":1828,"comment_status":"open","ping_status":"closed","template":"","meta":{"neve_meta_sidebar":"","neve_meta_container":"","neve_meta_enable_content_width":"off","neve_meta_content_width":100,"neve_meta_title_alignment":"","neve_meta_author_avatar":"","neve_post_elements_order":"","neve_meta_disable_header":"","neve_meta_disable_footer":"","neve_meta_disable_title":""},"product_brand":[],"product_cat":[16,165,30,166,34,55,29],"product_tag":[79,19,83,35,32],"class_list":{"0":"post-1845","1":"product","2":"type-product","3":"status-publish","4":"has-post-thumbnail","6":"product_cat-ceramique","7":"product_cat-luxembourg","8":"product_cat-luxemburgensia","9":"product_cat-luxemburgensia-luxemburgensia","10":"product_cat-religiosa","11":"product_cat-vendu","12":"product_cat-villeroy-boch","13":"product_tag-art","14":"product_tag-faience","15":"product_tag-luxemburgensia","16":"product_tag-religion","17":"product_tag-villeroy-et-boch","19":"first","20":"instock","21":"shipping-taxable","22":"purchasable","23":"product-type-simple"},"_links":{"self":[{"href":"https:\/\/legrenierdelatour.be\/brocante\/wp-json\/wp\/v2\/product\/1845","targetHints":{"allow":["GET"]}}],"collection":[{"href":"https:\/\/legrenierdelatour.be\/brocante\/wp-json\/wp\/v2\/product"}],"about":[{"href":"https:\/\/legrenierdelatour.be\/brocante\/wp-json\/wp\/v2\/types\/product"}],"replies":[{"embeddable":true,"href":"https:\/\/legrenierdelatour.be\/brocante\/wp-json\/wp\/v2\/comments?post=1845"}],"wp:featuredmedia":[{"embeddable":true,"href":"https:\/\/legrenierdelatour.be\/brocante\/wp-json\/wp\/v2\/media\/1828"}],"wp:attachment":[{"href":"https:\/\/legrenierdelatour.be\/brocante\/wp-json\/wp\/v2\/media?parent=1845"}],"wp:term":[{"taxonomy":"product_brand","embeddable":true,"href":"https:\/\/legrenierdelatour.be\/brocante\/wp-json\/wp\/v2\/product_brand?post=1845"},{"taxonomy":"product_cat","embeddable":true,"href":"https:\/\/legrenierdelatour.be\/brocante\/wp-json\/wp\/v2\/product_cat?post=1845"},{"taxonomy":"product_tag","embeddable":true,"href":"https:\/\/legrenierdelatour.be\/brocante\/wp-json\/wp\/v2\/product_tag?post=1845"}],"curies":[{"name":"wp","href":"https:\/\/api.w.org\/{rel}","templated":true}]}}