{"id":1843,"date":"2022-04-20T10:23:14","date_gmt":"2022-04-20T08:23:14","guid":{"rendered":"https:\/\/legrenierdelatour.be\/brocante\/?post_type=product&#038;p=1843"},"modified":"2022-05-19T12:22:27","modified_gmt":"2022-05-19T10:22:27","slug":"platre-cire-de-la-vierge-marie","status":"publish","type":"product","link":"https:\/\/legrenierdelatour.be\/brocante\/produit\/platre-cire-de-la-vierge-marie\/","title":{"rendered":"Pl\u00e2tre cir\u00e9 de la Vierge Marie"},"content":{"rendered":"<p>M\u00e9daillon de la Vierge (22 cm de diam\u00e8tre) en pl\u00e2tre cir\u00e9, en tr\u00e8s bon \u00e9tat. Une suspension est pr\u00e9vue \u00e0 l\u2019arri\u00e8re. En tr\u00e8s bon \u00e9tat, cet objet religieux date sans doute de la fin du 19\u00e8 si\u00e8cle.<\/p>\n<div>R\u00e9f 10.89<\/div>\n","protected":false},"excerpt":{"rendered":"<p>M\u00e9daillon de la Vierge (22 cm de diam\u00e8tre) en pl\u00e2tre cir\u00e9, en tr\u00e8s bon \u00e9tat. Une suspension est pr\u00e9vue \u00e0 l\u2019arri\u00e8re. En tr\u00e8s bon \u00e9tat, cet objet religieux date sans doute de la fin du 19\u00e8 si\u00e8cle. R\u00e9f 10.89<\/p>\n","protected":false},"featured_media":1825,"comment_status":"open","ping_status":"closed","template":"","meta":{"neve_meta_sidebar":"","neve_meta_container":"","neve_meta_enable_content_width":"off","neve_meta_content_width":100,"neve_meta_title_alignment":"","neve_meta_author_avatar":"","neve_post_elements_order":"","neve_meta_disable_header":"","neve_meta_disable_footer":"","neve_meta_disable_title":""},"product_brand":[],"product_cat":[16,167,34],"product_tag":[79,35],"class_list":{"0":"post-1843","1":"product","2":"type-product","3":"status-publish","4":"has-post-thumbnail","6":"product_cat-ceramique","7":"product_cat-peintures-et-sculptures","8":"product_cat-religiosa","9":"product_tag-art","10":"product_tag-religion","12":"first","13":"instock","14":"shipping-taxable","15":"purchasable","16":"product-type-simple"},"_links":{"self":[{"href":"https:\/\/legrenierdelatour.be\/brocante\/wp-json\/wp\/v2\/product\/1843","targetHints":{"allow":["GET"]}}],"collection":[{"href":"https:\/\/legrenierdelatour.be\/brocante\/wp-json\/wp\/v2\/product"}],"about":[{"href":"https:\/\/legrenierdelatour.be\/brocante\/wp-json\/wp\/v2\/types\/product"}],"replies":[{"embeddable":true,"href":"https:\/\/legrenierdelatour.be\/brocante\/wp-json\/wp\/v2\/comments?post=1843"}],"wp:featuredmedia":[{"embeddable":true,"href":"https:\/\/legrenierdelatour.be\/brocante\/wp-json\/wp\/v2\/media\/1825"}],"wp:attachment":[{"href":"https:\/\/legrenierdelatour.be\/brocante\/wp-json\/wp\/v2\/media?parent=1843"}],"wp:term":[{"taxonomy":"product_brand","embeddable":true,"href":"https:\/\/legrenierdelatour.be\/brocante\/wp-json\/wp\/v2\/product_brand?post=1843"},{"taxonomy":"product_cat","embeddable":true,"href":"https:\/\/legrenierdelatour.be\/brocante\/wp-json\/wp\/v2\/product_cat?post=1843"},{"taxonomy":"product_tag","embeddable":true,"href":"https:\/\/legrenierdelatour.be\/brocante\/wp-json\/wp\/v2\/product_tag?post=1843"}],"curies":[{"name":"wp","href":"https:\/\/api.w.org\/{rel}","templated":true}]}}