{"id":1841,"date":"2022-04-19T21:37:05","date_gmt":"2022-04-19T19:37:05","guid":{"rendered":"https:\/\/legrenierdelatour.be\/brocante\/?post_type=product&#038;p=1841"},"modified":"2023-02-01T21:11:51","modified_gmt":"2023-02-01T20:11:51","slug":"vase-139-20-dummler-breiden","status":"publish","type":"product","link":"https:\/\/legrenierdelatour.be\/brocante\/produit\/vase-139-20-dummler-breiden\/","title":{"rendered":"Vase 139\/20 Dumler &#038; Breiden"},"content":{"rendered":"<p>Vase West Germany de forme 139 et de 20 cm de haut, produit par Dumler und Breiden (1883-) \u00e0 H\u00f6hr en Allemagne, dans les ann\u00e9es 1970. Le vase est en parfait \u00e9tat.<\/p>\n<div>R\u00e9f 10.88<\/div>\n","protected":false},"excerpt":{"rendered":"<p>Vase West Germany de forme 139 et de 20 cm de haut, produit par Dumler und Breiden (1883-) \u00e0 H\u00f6hr en Allemagne, dans les ann\u00e9es 1970. Le vase est en parfait \u00e9tat. R\u00e9f 10.88<\/p>\n","protected":false},"featured_media":1831,"comment_status":"open","ping_status":"closed","template":"","meta":{"neve_meta_sidebar":"","neve_meta_container":"","neve_meta_enable_content_width":"off","neve_meta_content_width":100,"neve_meta_title_alignment":"","neve_meta_author_avatar":"","neve_post_elements_order":"","neve_meta_disable_header":"","neve_meta_disable_footer":"","neve_meta_disable_title":""},"product_brand":[],"product_cat":[15,48,169,16,47],"product_tag":[56,50,113,28,49],"class_list":{"0":"post-1841","1":"product","2":"type-product","3":"status-publish","4":"has-post-thumbnail","6":"product_cat-non-classe","7":"product_cat-allemagne","8":"product_cat-dummler-breiden","9":"product_cat-ceramique","10":"product_cat-west-germany","11":"product_tag-dummler-breiden","12":"product_tag-fat-lava","13":"product_tag-gres","14":"product_tag-vintage","15":"product_tag-west-germany","17":"first","18":"instock","19":"shipping-taxable","20":"purchasable","21":"product-type-simple"},"_links":{"self":[{"href":"https:\/\/legrenierdelatour.be\/brocante\/wp-json\/wp\/v2\/product\/1841","targetHints":{"allow":["GET"]}}],"collection":[{"href":"https:\/\/legrenierdelatour.be\/brocante\/wp-json\/wp\/v2\/product"}],"about":[{"href":"https:\/\/legrenierdelatour.be\/brocante\/wp-json\/wp\/v2\/types\/product"}],"replies":[{"embeddable":true,"href":"https:\/\/legrenierdelatour.be\/brocante\/wp-json\/wp\/v2\/comments?post=1841"}],"wp:featuredmedia":[{"embeddable":true,"href":"https:\/\/legrenierdelatour.be\/brocante\/wp-json\/wp\/v2\/media\/1831"}],"wp:attachment":[{"href":"https:\/\/legrenierdelatour.be\/brocante\/wp-json\/wp\/v2\/media?parent=1841"}],"wp:term":[{"taxonomy":"product_brand","embeddable":true,"href":"https:\/\/legrenierdelatour.be\/brocante\/wp-json\/wp\/v2\/product_brand?post=1841"},{"taxonomy":"product_cat","embeddable":true,"href":"https:\/\/legrenierdelatour.be\/brocante\/wp-json\/wp\/v2\/product_cat?post=1841"},{"taxonomy":"product_tag","embeddable":true,"href":"https:\/\/legrenierdelatour.be\/brocante\/wp-json\/wp\/v2\/product_tag?post=1841"}],"curies":[{"name":"wp","href":"https:\/\/api.w.org\/{rel}","templated":true}]}}