{"id":1840,"date":"2022-04-19T21:33:44","date_gmt":"2022-04-19T19:33:44","guid":{"rendered":"https:\/\/legrenierdelatour.be\/brocante\/?post_type=product&#038;p=1840"},"modified":"2022-07-31T17:07:28","modified_gmt":"2022-07-31T15:07:28","slug":"cafetiere-et-pot-a-lait-thermisol-furstenberg","status":"publish","type":"product","link":"https:\/\/legrenierdelatour.be\/brocante\/produit\/cafetiere-et-pot-a-lait-thermisol-furstenberg\/","title":{"rendered":"Cafeti\u00e8re et pot \u00e0 lait \u00ab\u00a0Thermisol\u00a0\u00bb F\u00fcrstenberg"},"content":{"rendered":"<p>Cafeti\u00e8re en porcelaine (14 cm de haut) avec manteau d\u2019isolation en inox 18\/8 avec rembourrage en thermoplastique \u00e0 l\u2019int\u00e9rieur. Elle est accompagn\u00e9e de son pot \u00e0 lait (9,5 cm de haut), \u00e9galement \u2018m\u00e9tallis\u00e9\u2019. Ils sont de la collection \u00ab\u00a0Thermisol\u00a0\u00bb et ont \u00e9t\u00e9 produits par la manufacture F\u00fcrstenberg (depuis 1747) en Allemagne et le manteau de m\u00e9tal par Demeyere. Ces \u00e9l\u00e9ments ont sans doute \u00e9t\u00e9 produits dans les ann\u00e9es 1960 peut-\u00eatre pour la marque Melitta.<\/p>\n<div>R\u00e9f 10.87<\/div>\n","protected":false},"excerpt":{"rendered":"<p>Cafeti\u00e8re en porcelaine (14 cm de haut) avec manteau d\u2019isolation en inox 18\/8 avec rembourrage en thermoplastique \u00e0 l\u2019int\u00e9rieur. Elle est accompagn\u00e9e de son pot \u00e0 lait (9,5 cm de haut), \u00e9galement \u2018m\u00e9tallis\u00e9\u2019. Ils sont de la collection \u00ab\u00a0Thermisol\u00a0\u00bb et ont \u00e9t\u00e9 produits par la manufacture F\u00fcrstenberg (depuis 1747) en Allemagne et le manteau de&hellip;&nbsp;<a href=\"https:\/\/legrenierdelatour.be\/brocante\/produit\/cafetiere-et-pot-a-lait-thermisol-furstenberg\/\" class=\"\" rel=\"bookmark\">Lire la suite &raquo;<span class=\"screen-reader-text\">Cafeti\u00e8re et pot \u00e0 lait \u00ab\u00a0Thermisol\u00a0\u00bb F\u00fcrstenberg<\/span><\/a><\/p>\n","protected":false},"featured_media":1820,"comment_status":"open","ping_status":"closed","template":"","meta":{"neve_meta_sidebar":"","neve_meta_container":"","neve_meta_enable_content_width":"off","neve_meta_content_width":100,"neve_meta_title_alignment":"","neve_meta_author_avatar":"","neve_post_elements_order":"","neve_meta_disable_header":"","neve_meta_disable_footer":"","neve_meta_disable_title":""},"product_brand":[],"product_cat":[48,168,172,16,109],"product_tag":[145,74,28],"class_list":{"0":"post-1840","1":"product","2":"type-product","3":"status-publish","4":"has-post-thumbnail","6":"product_cat-allemagne","7":"product_cat-bavaria","8":"product_cat-en-cuisine","9":"product_cat-ceramique","10":"product_cat-metal","11":"product_tag-furstenberg","12":"product_tag-porcelaine","13":"product_tag-vintage","15":"first","16":"instock","17":"shipping-taxable","18":"purchasable","19":"product-type-simple"},"_links":{"self":[{"href":"https:\/\/legrenierdelatour.be\/brocante\/wp-json\/wp\/v2\/product\/1840","targetHints":{"allow":["GET"]}}],"collection":[{"href":"https:\/\/legrenierdelatour.be\/brocante\/wp-json\/wp\/v2\/product"}],"about":[{"href":"https:\/\/legrenierdelatour.be\/brocante\/wp-json\/wp\/v2\/types\/product"}],"replies":[{"embeddable":true,"href":"https:\/\/legrenierdelatour.be\/brocante\/wp-json\/wp\/v2\/comments?post=1840"}],"wp:featuredmedia":[{"embeddable":true,"href":"https:\/\/legrenierdelatour.be\/brocante\/wp-json\/wp\/v2\/media\/1820"}],"wp:attachment":[{"href":"https:\/\/legrenierdelatour.be\/brocante\/wp-json\/wp\/v2\/media?parent=1840"}],"wp:term":[{"taxonomy":"product_brand","embeddable":true,"href":"https:\/\/legrenierdelatour.be\/brocante\/wp-json\/wp\/v2\/product_brand?post=1840"},{"taxonomy":"product_cat","embeddable":true,"href":"https:\/\/legrenierdelatour.be\/brocante\/wp-json\/wp\/v2\/product_cat?post=1840"},{"taxonomy":"product_tag","embeddable":true,"href":"https:\/\/legrenierdelatour.be\/brocante\/wp-json\/wp\/v2\/product_tag?post=1840"}],"curies":[{"name":"wp","href":"https:\/\/api.w.org\/{rel}","templated":true}]}}