{"id":1812,"date":"2022-04-19T16:38:02","date_gmt":"2022-04-19T14:38:02","guid":{"rendered":"https:\/\/legrenierdelatour.be\/brocante\/?post_type=product&#038;p=1812"},"modified":"2022-05-19T12:24:48","modified_gmt":"2022-05-19T10:24:48","slug":"vase-west-germany-225","status":"publish","type":"product","link":"https:\/\/legrenierdelatour.be\/brocante\/produit\/vase-west-germany-225\/","title":{"rendered":"Vase West Germany 225"},"content":{"rendered":"<p>Vase West Germany double anse, de forme 225 et 46 cm de haut, avec une repr\u00e9sentation de sc\u00e8nes de march\u00e9 de c\u00e9ramique ancien. Il a sans doute \u00e9t\u00e9 produit dans les ann\u00e9es 1970, et pr\u00e9sente un cheveux au niveau du goulot.<\/p>\n<div>R\u00e9f 10.82<\/div>\n","protected":false},"excerpt":{"rendered":"<p>Vase West Germany double anse, de forme 225 et 46 cm de haut, avec une repr\u00e9sentation de sc\u00e8nes de march\u00e9 de c\u00e9ramique ancien. Il a sans doute \u00e9t\u00e9 produit dans les ann\u00e9es 1970, et pr\u00e9sente un cheveux au niveau du goulot. R\u00e9f 10.82<\/p>\n","protected":false},"featured_media":1803,"comment_status":"open","ping_status":"closed","template":"","meta":{"neve_meta_sidebar":"","neve_meta_container":"","neve_meta_enable_content_width":"off","neve_meta_content_width":100,"neve_meta_title_alignment":"","neve_meta_author_avatar":"","neve_post_elements_order":"","neve_meta_disable_header":"","neve_meta_disable_footer":"","neve_meta_disable_title":""},"product_brand":[],"product_cat":[48,16,47],"product_tag":[113,49],"class_list":{"0":"post-1812","1":"product","2":"type-product","3":"status-publish","4":"has-post-thumbnail","6":"product_cat-allemagne","7":"product_cat-ceramique","8":"product_cat-west-germany","9":"product_tag-gres","10":"product_tag-west-germany","12":"first","13":"instock","14":"shipping-taxable","15":"purchasable","16":"product-type-simple"},"_links":{"self":[{"href":"https:\/\/legrenierdelatour.be\/brocante\/wp-json\/wp\/v2\/product\/1812","targetHints":{"allow":["GET"]}}],"collection":[{"href":"https:\/\/legrenierdelatour.be\/brocante\/wp-json\/wp\/v2\/product"}],"about":[{"href":"https:\/\/legrenierdelatour.be\/brocante\/wp-json\/wp\/v2\/types\/product"}],"replies":[{"embeddable":true,"href":"https:\/\/legrenierdelatour.be\/brocante\/wp-json\/wp\/v2\/comments?post=1812"}],"wp:featuredmedia":[{"embeddable":true,"href":"https:\/\/legrenierdelatour.be\/brocante\/wp-json\/wp\/v2\/media\/1803"}],"wp:attachment":[{"href":"https:\/\/legrenierdelatour.be\/brocante\/wp-json\/wp\/v2\/media?parent=1812"}],"wp:term":[{"taxonomy":"product_brand","embeddable":true,"href":"https:\/\/legrenierdelatour.be\/brocante\/wp-json\/wp\/v2\/product_brand?post=1812"},{"taxonomy":"product_cat","embeddable":true,"href":"https:\/\/legrenierdelatour.be\/brocante\/wp-json\/wp\/v2\/product_cat?post=1812"},{"taxonomy":"product_tag","embeddable":true,"href":"https:\/\/legrenierdelatour.be\/brocante\/wp-json\/wp\/v2\/product_tag?post=1812"}],"curies":[{"name":"wp","href":"https:\/\/api.w.org\/{rel}","templated":true}]}}