{"id":1810,"date":"2022-04-19T16:09:58","date_gmt":"2022-04-19T14:09:58","guid":{"rendered":"https:\/\/legrenierdelatour.be\/brocante\/?post_type=product&#038;p=1810"},"modified":"2025-12-11T13:35:42","modified_gmt":"2025-12-11T12:35:42","slug":"tasses-tournesols-boch-la-louviere","status":"publish","type":"product","link":"https:\/\/legrenierdelatour.be\/brocante\/produit\/tasses-tournesols-boch-la-louviere\/","title":{"rendered":"Tasses \u00ab\u00a0Tournesols\u00a0\u00bb Boch La Louvi\u00e8re"},"content":{"rendered":"<p>12 tasses avec motifs de tournesols, appel\u00e9s \u00ab\u00a0Valse brune\u00a0\u00bb, produites par Boch La Louvi\u00e8re sans doute dans les ann\u00e9es 1960-70. 6 sous-tasses sont \u00e9galement disponibles. A l\u2019occasion du 125\u00e8 anniversaire de la manufacture Boch fr\u00e8res Keramis, une nouvelle forme embl\u00e9matique voit le jour : la forme Delta, qui se caract\u00e9rise par sa panse cylindrique et des dentelures \u00e0 la base. Cette nouvelle vaisselle se d\u00e9clinera en diff\u00e9rents motifs v\u00e9g\u00e9taux stylis\u00e9s dont les tournesols. Ces tasses portent \u00e9galement le cachet de \u00ab Caf\u00e9s Coop\u00bb, sans doute le commanditaire. Elles sont en bon \u00e9tat (certaines ont un dessin un peu pass\u00e9), et peuvent \u00e9galement \u00eatre acquises \u00e0 la pi\u00e8ce au prix de 2,00 ou avec la sous-tasse au prix de 4\u20ac les deux.<\/p>\n<div>R\u00e9f 10.80<\/div>\n","protected":false},"excerpt":{"rendered":"<p>12 tasses avec motifs de tournesols, appel\u00e9s \u00ab\u00a0Valse brune\u00a0\u00bb, produites par Boch La Louvi\u00e8re sans doute dans les ann\u00e9es 1960-70. 6 sous-tasses sont \u00e9galement disponibles. A l\u2019occasion du 125\u00e8 anniversaire de la manufacture Boch fr\u00e8res Keramis, une nouvelle forme embl\u00e9matique voit le jour : la forme Delta, qui se caract\u00e9rise par sa panse cylindrique et&hellip;&nbsp;<a href=\"https:\/\/legrenierdelatour.be\/brocante\/produit\/tasses-tournesols-boch-la-louviere\/\" class=\"\" rel=\"bookmark\">Lire la suite &raquo;<span class=\"screen-reader-text\">Tasses \u00ab\u00a0Tournesols\u00a0\u00bb Boch La Louvi\u00e8re<\/span><\/a><\/p>\n","protected":false},"featured_media":4397,"comment_status":"open","ping_status":"closed","template":"","meta":{"neve_meta_sidebar":"","neve_meta_container":"","neve_meta_enable_content_width":"off","neve_meta_content_width":100,"neve_meta_title_alignment":"","neve_meta_author_avatar":"","neve_post_elements_order":"","neve_meta_disable_header":"","neve_meta_disable_footer":"","neve_meta_disable_title":""},"product_brand":[],"product_cat":[37,175,172,16,173],"product_tag":[40,20,19,28],"class_list":{"0":"post-1810","1":"product","2":"type-product","3":"status-publish","4":"has-post-thumbnail","6":"product_cat-belgique","7":"product_cat-boch","8":"product_cat-en-cuisine","9":"product_cat-ceramique","10":"product_cat-objets-de-publicite","11":"product_tag-belgique","12":"product_tag-boch","13":"product_tag-faience","14":"product_tag-vintage","16":"first","17":"instock","18":"shipping-taxable","19":"purchasable","20":"product-type-simple"},"_links":{"self":[{"href":"https:\/\/legrenierdelatour.be\/brocante\/wp-json\/wp\/v2\/product\/1810","targetHints":{"allow":["GET"]}}],"collection":[{"href":"https:\/\/legrenierdelatour.be\/brocante\/wp-json\/wp\/v2\/product"}],"about":[{"href":"https:\/\/legrenierdelatour.be\/brocante\/wp-json\/wp\/v2\/types\/product"}],"replies":[{"embeddable":true,"href":"https:\/\/legrenierdelatour.be\/brocante\/wp-json\/wp\/v2\/comments?post=1810"}],"wp:featuredmedia":[{"embeddable":true,"href":"https:\/\/legrenierdelatour.be\/brocante\/wp-json\/wp\/v2\/media\/4397"}],"wp:attachment":[{"href":"https:\/\/legrenierdelatour.be\/brocante\/wp-json\/wp\/v2\/media?parent=1810"}],"wp:term":[{"taxonomy":"product_brand","embeddable":true,"href":"https:\/\/legrenierdelatour.be\/brocante\/wp-json\/wp\/v2\/product_brand?post=1810"},{"taxonomy":"product_cat","embeddable":true,"href":"https:\/\/legrenierdelatour.be\/brocante\/wp-json\/wp\/v2\/product_cat?post=1810"},{"taxonomy":"product_tag","embeddable":true,"href":"https:\/\/legrenierdelatour.be\/brocante\/wp-json\/wp\/v2\/product_tag?post=1810"}],"curies":[{"name":"wp","href":"https:\/\/api.w.org\/{rel}","templated":true}]}}