{"id":1789,"date":"2022-04-15T17:24:09","date_gmt":"2022-04-15T15:24:09","guid":{"rendered":"https:\/\/legrenierdelatour.be\/brocante\/?post_type=product&#038;p=1789"},"modified":"2023-02-01T21:13:15","modified_gmt":"2023-02-01T20:13:15","slug":"plat-est-germany-250iii-dummlerbreiden","status":"publish","type":"product","link":"https:\/\/legrenierdelatour.be\/brocante\/produit\/plat-est-germany-250iii-dummlerbreiden\/","title":{"rendered":"Plat est Germany 250III Dumler&#038;Breiden"},"content":{"rendered":"<p><span style=\"color: #000000; font-size: medium;\">Plat en gr\u00e8s West Germany de forme\u00a0\u00ab 250 III\u00a0\u00bb\u00a0produit par la manufacture Dumler et Breiden (1883-?) \u00e0 H\u00f6hr en Allemagne, dans les ann\u00e9es 1950 sans doute.<\/span><\/p>\n<div><span style=\"color: #000000; font-size: medium;\">R\u00e9f 10.72<\/span><\/div>\n","protected":false},"excerpt":{"rendered":"<p>Plat en gr\u00e8s West Germany de forme\u00a0\u00ab 250 III\u00a0\u00bb\u00a0produit par la manufacture Dumler et Breiden (1883-?) \u00e0 H\u00f6hr en Allemagne, dans les ann\u00e9es 1950 sans doute. R\u00e9f 10.72<\/p>\n","protected":false},"featured_media":1778,"comment_status":"open","ping_status":"closed","template":"","meta":{"neve_meta_sidebar":"","neve_meta_container":"","neve_meta_enable_content_width":"off","neve_meta_content_width":100,"neve_meta_title_alignment":"","neve_meta_author_avatar":"","neve_post_elements_order":"","neve_meta_disable_header":"","neve_meta_disable_footer":"","neve_meta_disable_title":""},"product_brand":[],"product_cat":[48,169,16,47],"product_tag":[56,113,49],"class_list":{"0":"post-1789","1":"product","2":"type-product","3":"status-publish","4":"has-post-thumbnail","6":"product_cat-allemagne","7":"product_cat-dummler-breiden","8":"product_cat-ceramique","9":"product_cat-west-germany","10":"product_tag-dummler-breiden","11":"product_tag-gres","12":"product_tag-west-germany","14":"first","15":"instock","16":"shipping-taxable","17":"purchasable","18":"product-type-simple"},"_links":{"self":[{"href":"https:\/\/legrenierdelatour.be\/brocante\/wp-json\/wp\/v2\/product\/1789","targetHints":{"allow":["GET"]}}],"collection":[{"href":"https:\/\/legrenierdelatour.be\/brocante\/wp-json\/wp\/v2\/product"}],"about":[{"href":"https:\/\/legrenierdelatour.be\/brocante\/wp-json\/wp\/v2\/types\/product"}],"replies":[{"embeddable":true,"href":"https:\/\/legrenierdelatour.be\/brocante\/wp-json\/wp\/v2\/comments?post=1789"}],"wp:featuredmedia":[{"embeddable":true,"href":"https:\/\/legrenierdelatour.be\/brocante\/wp-json\/wp\/v2\/media\/1778"}],"wp:attachment":[{"href":"https:\/\/legrenierdelatour.be\/brocante\/wp-json\/wp\/v2\/media?parent=1789"}],"wp:term":[{"taxonomy":"product_brand","embeddable":true,"href":"https:\/\/legrenierdelatour.be\/brocante\/wp-json\/wp\/v2\/product_brand?post=1789"},{"taxonomy":"product_cat","embeddable":true,"href":"https:\/\/legrenierdelatour.be\/brocante\/wp-json\/wp\/v2\/product_cat?post=1789"},{"taxonomy":"product_tag","embeddable":true,"href":"https:\/\/legrenierdelatour.be\/brocante\/wp-json\/wp\/v2\/product_tag?post=1789"}],"curies":[{"name":"wp","href":"https:\/\/api.w.org\/{rel}","templated":true}]}}