{"id":1763,"date":"2022-04-14T20:05:14","date_gmt":"2022-04-14T18:05:14","guid":{"rendered":"https:\/\/legrenierdelatour.be\/brocante\/?post_type=product&#038;p=1763"},"modified":"2022-05-19T12:29:02","modified_gmt":"2022-05-19T10:29:02","slug":"serviteur-de-table-en-verre","status":"publish","type":"product","link":"https:\/\/legrenierdelatour.be\/brocante\/produit\/serviteur-de-table-en-verre\/","title":{"rendered":"Serviteur de table en verre"},"content":{"rendered":"<p>Serviteur de table, distributeur d&rsquo;\u00e9pices, en verre moul\u00e9. En tr\u00e8s bon \u00e9tat, ce type de serviteur \u00e9tait pr\u00e9vu pour le sel, le poivre, la moutarde et date sans doute des ann\u00e9es 1950.<\/p>\n<p>R\u00e9f 4.26<\/p>\n","protected":false},"excerpt":{"rendered":"<p>Serviteur de table, distributeur d&rsquo;\u00e9pices, en verre moul\u00e9. En tr\u00e8s bon \u00e9tat, ce type de serviteur \u00e9tait pr\u00e9vu pour le sel, le poivre, la moutarde et date sans doute des ann\u00e9es 1950. R\u00e9f 4.26<\/p>\n","protected":false},"featured_media":1668,"comment_status":"open","ping_status":"closed","template":"","meta":{"neve_meta_sidebar":"","neve_meta_container":"","neve_meta_enable_content_width":"off","neve_meta_content_width":100,"neve_meta_title_alignment":"","neve_meta_author_avatar":"","neve_post_elements_order":"","neve_meta_disable_header":"","neve_meta_disable_footer":"","neve_meta_disable_title":""},"product_brand":[],"product_cat":[172,22],"product_tag":[],"class_list":{"0":"post-1763","1":"product","2":"type-product","3":"status-publish","4":"has-post-thumbnail","6":"product_cat-en-cuisine","7":"product_cat-verrerie","9":"first","10":"instock","11":"shipping-taxable","12":"purchasable","13":"product-type-simple"},"_links":{"self":[{"href":"https:\/\/legrenierdelatour.be\/brocante\/wp-json\/wp\/v2\/product\/1763","targetHints":{"allow":["GET"]}}],"collection":[{"href":"https:\/\/legrenierdelatour.be\/brocante\/wp-json\/wp\/v2\/product"}],"about":[{"href":"https:\/\/legrenierdelatour.be\/brocante\/wp-json\/wp\/v2\/types\/product"}],"replies":[{"embeddable":true,"href":"https:\/\/legrenierdelatour.be\/brocante\/wp-json\/wp\/v2\/comments?post=1763"}],"wp:featuredmedia":[{"embeddable":true,"href":"https:\/\/legrenierdelatour.be\/brocante\/wp-json\/wp\/v2\/media\/1668"}],"wp:attachment":[{"href":"https:\/\/legrenierdelatour.be\/brocante\/wp-json\/wp\/v2\/media?parent=1763"}],"wp:term":[{"taxonomy":"product_brand","embeddable":true,"href":"https:\/\/legrenierdelatour.be\/brocante\/wp-json\/wp\/v2\/product_brand?post=1763"},{"taxonomy":"product_cat","embeddable":true,"href":"https:\/\/legrenierdelatour.be\/brocante\/wp-json\/wp\/v2\/product_cat?post=1763"},{"taxonomy":"product_tag","embeddable":true,"href":"https:\/\/legrenierdelatour.be\/brocante\/wp-json\/wp\/v2\/product_tag?post=1763"}],"curies":[{"name":"wp","href":"https:\/\/api.w.org\/{rel}","templated":true}]}}