{"id":1759,"date":"2022-04-14T19:53:08","date_gmt":"2022-04-14T17:53:08","guid":{"rendered":"https:\/\/legrenierdelatour.be\/brocante\/?post_type=product&#038;p=1759"},"modified":"2022-05-19T12:29:58","modified_gmt":"2022-05-19T10:29:58","slug":"plat-a-fruits-iris-and-herringbone","status":"publish","type":"product","link":"https:\/\/legrenierdelatour.be\/brocante\/produit\/plat-a-fruits-iris-and-herringbone\/","title":{"rendered":"Plat \u00e0 fruits \u00ab\u00a0Iris and Herringbone\u00a0\u00bb"},"content":{"rendered":"<p>Plat \u00e0 fruits en verre moul\u00e9 (29 cm de diam\u00e8tre), en verre iris\u00e9, avec dessin \u00ab\u00a0Iris and Herringbone\u00a0\u00bb. Elle a \u00e9t\u00e9 produite par la \u00ab\u00a0Jeannete Glass Company\u00a0\u00bb (1898-1983) \u00e0 Jeannette en Pennsylvanie (Etats Unis). \u00a0Cette collection a \u00e9t\u00e9 produite en verre clair de 1928 \u00e0 1932, puis une collection iridescente dans les ann\u00e9es 1950-1970.<\/p>\n<p>Deux exemplaires disponibles.<\/p>\n<p>R\u00e9f 4.88<\/p>\n","protected":false},"excerpt":{"rendered":"<p>Plat \u00e0 fruits en verre moul\u00e9 (29 cm de diam\u00e8tre), en verre iris\u00e9, avec dessin \u00ab\u00a0Iris and Herringbone\u00a0\u00bb. Elle a \u00e9t\u00e9 produite par la \u00ab\u00a0Jeannete Glass Company\u00a0\u00bb (1898-1983) \u00e0 Jeannette en Pennsylvanie (Etats Unis). \u00a0Cette collection a \u00e9t\u00e9 produite en verre clair de 1928 \u00e0 1932, puis une collection iridescente dans les ann\u00e9es 1950-1970. Deux&hellip;&nbsp;<a href=\"https:\/\/legrenierdelatour.be\/brocante\/produit\/plat-a-fruits-iris-and-herringbone\/\" class=\"\" rel=\"bookmark\">Lire la suite &raquo;<span class=\"screen-reader-text\">Plat \u00e0 fruits \u00ab\u00a0Iris and Herringbone\u00a0\u00bb<\/span><\/a><\/p>\n","protected":false},"featured_media":1671,"comment_status":"open","ping_status":"closed","template":"","meta":{"neve_meta_sidebar":"","neve_meta_container":"","neve_meta_enable_content_width":"off","neve_meta_content_width":100,"neve_meta_title_alignment":"","neve_meta_author_avatar":"","neve_post_elements_order":"","neve_meta_disable_header":"","neve_meta_disable_footer":"","neve_meta_disable_title":""},"product_brand":[],"product_cat":[164,172,141,22],"product_tag":[142,28],"class_list":{"0":"post-1759","1":"product","2":"type-product","3":"status-publish","4":"has-post-thumbnail","6":"product_cat-autres-productions","7":"product_cat-en-cuisine","8":"product_cat-jeannette","9":"product_cat-verrerie","10":"product_tag-jeannette","11":"product_tag-vintage","13":"first","14":"instock","15":"shipping-taxable","16":"purchasable","17":"product-type-simple"},"_links":{"self":[{"href":"https:\/\/legrenierdelatour.be\/brocante\/wp-json\/wp\/v2\/product\/1759","targetHints":{"allow":["GET"]}}],"collection":[{"href":"https:\/\/legrenierdelatour.be\/brocante\/wp-json\/wp\/v2\/product"}],"about":[{"href":"https:\/\/legrenierdelatour.be\/brocante\/wp-json\/wp\/v2\/types\/product"}],"replies":[{"embeddable":true,"href":"https:\/\/legrenierdelatour.be\/brocante\/wp-json\/wp\/v2\/comments?post=1759"}],"wp:featuredmedia":[{"embeddable":true,"href":"https:\/\/legrenierdelatour.be\/brocante\/wp-json\/wp\/v2\/media\/1671"}],"wp:attachment":[{"href":"https:\/\/legrenierdelatour.be\/brocante\/wp-json\/wp\/v2\/media?parent=1759"}],"wp:term":[{"taxonomy":"product_brand","embeddable":true,"href":"https:\/\/legrenierdelatour.be\/brocante\/wp-json\/wp\/v2\/product_brand?post=1759"},{"taxonomy":"product_cat","embeddable":true,"href":"https:\/\/legrenierdelatour.be\/brocante\/wp-json\/wp\/v2\/product_cat?post=1759"},{"taxonomy":"product_tag","embeddable":true,"href":"https:\/\/legrenierdelatour.be\/brocante\/wp-json\/wp\/v2\/product_tag?post=1759"}],"curies":[{"name":"wp","href":"https:\/\/api.w.org\/{rel}","templated":true}]}}