{"id":1757,"date":"2022-04-14T19:46:04","date_gmt":"2022-04-14T17:46:04","guid":{"rendered":"https:\/\/legrenierdelatour.be\/brocante\/?post_type=product&#038;p=1757"},"modified":"2022-05-19T12:30:51","modified_gmt":"2022-05-19T10:30:51","slug":"bonbonniere-en-verre-rose-opalescent","status":"publish","type":"product","link":"https:\/\/legrenierdelatour.be\/brocante\/produit\/bonbonniere-en-verre-rose-opalescent\/","title":{"rendered":"Bonbonni\u00e8re en verre rose opalescent"},"content":{"rendered":"<p>grosse bonbonni\u00e8re (16 cm de diam\u00e8tre) en verre rose souffl\u00e9 avec dorures sans doute peintes \u00e0 la main. Elle est en tr\u00e8s bon \u00e9tat g\u00e9n\u00e9ral et date sans doute des ann\u00e9es 1950.<\/p>\n<p>R\u00e9f 5.34<\/p>\n","protected":false},"excerpt":{"rendered":"<p>grosse bonbonni\u00e8re (16 cm de diam\u00e8tre) en verre rose souffl\u00e9 avec dorures sans doute peintes \u00e0 la main. Elle est en tr\u00e8s bon \u00e9tat g\u00e9n\u00e9ral et date sans doute des ann\u00e9es 1950. R\u00e9f 5.34<\/p>\n","protected":false},"featured_media":1678,"comment_status":"open","ping_status":"closed","template":"","meta":{"neve_meta_sidebar":"","neve_meta_container":"","neve_meta_enable_content_width":"off","neve_meta_content_width":100,"neve_meta_title_alignment":"","neve_meta_author_avatar":"","neve_post_elements_order":"","neve_meta_disable_header":"","neve_meta_disable_footer":"","neve_meta_disable_title":""},"product_brand":[],"product_cat":[162,22],"product_tag":[21,40,28],"class_list":{"0":"post-1757","1":"product","2":"type-product","3":"status-publish","4":"has-post-thumbnail","6":"product_cat-productions-belges","7":"product_cat-verrerie","8":"product_tag-art-deco","9":"product_tag-belgique","10":"product_tag-vintage","12":"first","13":"instock","14":"shipping-taxable","15":"purchasable","16":"product-type-simple"},"_links":{"self":[{"href":"https:\/\/legrenierdelatour.be\/brocante\/wp-json\/wp\/v2\/product\/1757","targetHints":{"allow":["GET"]}}],"collection":[{"href":"https:\/\/legrenierdelatour.be\/brocante\/wp-json\/wp\/v2\/product"}],"about":[{"href":"https:\/\/legrenierdelatour.be\/brocante\/wp-json\/wp\/v2\/types\/product"}],"replies":[{"embeddable":true,"href":"https:\/\/legrenierdelatour.be\/brocante\/wp-json\/wp\/v2\/comments?post=1757"}],"wp:featuredmedia":[{"embeddable":true,"href":"https:\/\/legrenierdelatour.be\/brocante\/wp-json\/wp\/v2\/media\/1678"}],"wp:attachment":[{"href":"https:\/\/legrenierdelatour.be\/brocante\/wp-json\/wp\/v2\/media?parent=1757"}],"wp:term":[{"taxonomy":"product_brand","embeddable":true,"href":"https:\/\/legrenierdelatour.be\/brocante\/wp-json\/wp\/v2\/product_brand?post=1757"},{"taxonomy":"product_cat","embeddable":true,"href":"https:\/\/legrenierdelatour.be\/brocante\/wp-json\/wp\/v2\/product_cat?post=1757"},{"taxonomy":"product_tag","embeddable":true,"href":"https:\/\/legrenierdelatour.be\/brocante\/wp-json\/wp\/v2\/product_tag?post=1757"}],"curies":[{"name":"wp","href":"https:\/\/api.w.org\/{rel}","templated":true}]}}