{"id":1753,"date":"2022-04-14T13:52:51","date_gmt":"2022-04-14T11:52:51","guid":{"rendered":"https:\/\/legrenierdelatour.be\/brocante\/?post_type=product&#038;p=1753"},"modified":"2022-05-19T12:32:07","modified_gmt":"2022-05-19T10:32:07","slug":"ensemble-de-toilette-en-cristal","status":"publish","type":"product","link":"https:\/\/legrenierdelatour.be\/brocante\/produit\/ensemble-de-toilette-en-cristal\/","title":{"rendered":"Ensemble de toilette en cristal"},"content":{"rendered":"<p>Ensemble de deux flacons de toilette (14 cm et 9 cm de haut) en cristal avec d\u00e9corations oranges, en assez bon \u00e9tat g\u00e9n\u00e9ral. L&rsquo;ensemble est compos\u00e9 d&rsquo;un flacon et d&rsquo;une \u00ab\u00a0bo\u00eete\u00a0\u00bb.<\/p>\n<p>R\u00e9f 5.79<\/p>\n","protected":false},"excerpt":{"rendered":"<p>Ensemble de deux flacons de toilette (14 cm et 9 cm de haut) en cristal avec d\u00e9corations oranges, en assez bon \u00e9tat g\u00e9n\u00e9ral. L&rsquo;ensemble est compos\u00e9 d&rsquo;un flacon et d&rsquo;une \u00ab\u00a0bo\u00eete\u00a0\u00bb. R\u00e9f 5.79<\/p>\n","protected":false},"featured_media":1686,"comment_status":"open","ping_status":"closed","template":"","meta":{"neve_meta_sidebar":"","neve_meta_container":"","neve_meta_enable_content_width":"off","neve_meta_content_width":100,"neve_meta_title_alignment":"","neve_meta_author_avatar":"","neve_post_elements_order":"","neve_meta_disable_header":"","neve_meta_disable_footer":"","neve_meta_disable_title":""},"product_brand":[],"product_cat":[22],"product_tag":[57],"class_list":{"0":"post-1753","1":"product","2":"type-product","3":"status-publish","4":"has-post-thumbnail","6":"product_cat-verrerie","7":"product_tag-cristal","9":"first","10":"instock","11":"shipping-taxable","12":"purchasable","13":"product-type-simple"},"_links":{"self":[{"href":"https:\/\/legrenierdelatour.be\/brocante\/wp-json\/wp\/v2\/product\/1753","targetHints":{"allow":["GET"]}}],"collection":[{"href":"https:\/\/legrenierdelatour.be\/brocante\/wp-json\/wp\/v2\/product"}],"about":[{"href":"https:\/\/legrenierdelatour.be\/brocante\/wp-json\/wp\/v2\/types\/product"}],"replies":[{"embeddable":true,"href":"https:\/\/legrenierdelatour.be\/brocante\/wp-json\/wp\/v2\/comments?post=1753"}],"wp:featuredmedia":[{"embeddable":true,"href":"https:\/\/legrenierdelatour.be\/brocante\/wp-json\/wp\/v2\/media\/1686"}],"wp:attachment":[{"href":"https:\/\/legrenierdelatour.be\/brocante\/wp-json\/wp\/v2\/media?parent=1753"}],"wp:term":[{"taxonomy":"product_brand","embeddable":true,"href":"https:\/\/legrenierdelatour.be\/brocante\/wp-json\/wp\/v2\/product_brand?post=1753"},{"taxonomy":"product_cat","embeddable":true,"href":"https:\/\/legrenierdelatour.be\/brocante\/wp-json\/wp\/v2\/product_cat?post=1753"},{"taxonomy":"product_tag","embeddable":true,"href":"https:\/\/legrenierdelatour.be\/brocante\/wp-json\/wp\/v2\/product_tag?post=1753"}],"curies":[{"name":"wp","href":"https:\/\/api.w.org\/{rel}","templated":true}]}}