{"id":1751,"date":"2022-04-14T13:44:49","date_gmt":"2022-04-14T11:44:49","guid":{"rendered":"https:\/\/legrenierdelatour.be\/brocante\/?post_type=product&#038;p=1751"},"modified":"2022-05-19T12:33:06","modified_gmt":"2022-05-19T10:33:06","slug":"cruche-a-lait-iris-and-herringbone","status":"publish","type":"product","link":"https:\/\/legrenierdelatour.be\/brocante\/produit\/cruche-a-lait-iris-and-herringbone\/","title":{"rendered":"Cruche \u00e0 lait \u00ab\u00a0Iris and Herringbone\u00a0\u00bb"},"content":{"rendered":"<p>Petite cruche \u00e0 lait en verre moul\u00e9 (8 cm de haut), en verre iris\u00e9, avec dessin \u00ab\u00a0Iris and Herringbone\u00a0\u00bb. Elle a \u00e9t\u00e9 produite par la \u00ab\u00a0Jeannete Glass Company\u00a0\u00bb (1898-1983) \u00e0 Jeannette en Pennsylvanie (Etats Unis). \u00a0Cette collection a \u00e9t\u00e9 produite en verre clair de 1928 \u00e0 1932, puis une collection iridescente dans les ann\u00e9es 1950-1970.<\/p>\n<p>Deux exemplaires disponibles.<\/p>\n<p>R\u00e9f 6.25<\/p>\n","protected":false},"excerpt":{"rendered":"<p>Petite cruche \u00e0 lait en verre moul\u00e9 (8 cm de haut), en verre iris\u00e9, avec dessin \u00ab\u00a0Iris and Herringbone\u00a0\u00bb. Elle a \u00e9t\u00e9 produite par la \u00ab\u00a0Jeannete Glass Company\u00a0\u00bb (1898-1983) \u00e0 Jeannette en Pennsylvanie (Etats Unis). \u00a0Cette collection a \u00e9t\u00e9 produite en verre clair de 1928 \u00e0 1932, puis une collection iridescente dans les ann\u00e9es 1950-1970.&hellip;&nbsp;<a href=\"https:\/\/legrenierdelatour.be\/brocante\/produit\/cruche-a-lait-iris-and-herringbone\/\" class=\"\" rel=\"bookmark\">Lire la suite &raquo;<span class=\"screen-reader-text\">Cruche \u00e0 lait \u00ab\u00a0Iris and Herringbone\u00a0\u00bb<\/span><\/a><\/p>\n","protected":false},"featured_media":1692,"comment_status":"open","ping_status":"closed","template":"","meta":{"neve_meta_sidebar":"","neve_meta_container":"","neve_meta_enable_content_width":"off","neve_meta_content_width":100,"neve_meta_title_alignment":"","neve_meta_author_avatar":"","neve_post_elements_order":"","neve_meta_disable_header":"","neve_meta_disable_footer":"","neve_meta_disable_title":""},"product_brand":[],"product_cat":[164,141,22],"product_tag":[142,28],"class_list":{"0":"post-1751","1":"product","2":"type-product","3":"status-publish","4":"has-post-thumbnail","6":"product_cat-autres-productions","7":"product_cat-jeannette","8":"product_cat-verrerie","9":"product_tag-jeannette","10":"product_tag-vintage","12":"first","13":"instock","14":"shipping-taxable","15":"purchasable","16":"product-type-simple"},"_links":{"self":[{"href":"https:\/\/legrenierdelatour.be\/brocante\/wp-json\/wp\/v2\/product\/1751","targetHints":{"allow":["GET"]}}],"collection":[{"href":"https:\/\/legrenierdelatour.be\/brocante\/wp-json\/wp\/v2\/product"}],"about":[{"href":"https:\/\/legrenierdelatour.be\/brocante\/wp-json\/wp\/v2\/types\/product"}],"replies":[{"embeddable":true,"href":"https:\/\/legrenierdelatour.be\/brocante\/wp-json\/wp\/v2\/comments?post=1751"}],"wp:featuredmedia":[{"embeddable":true,"href":"https:\/\/legrenierdelatour.be\/brocante\/wp-json\/wp\/v2\/media\/1692"}],"wp:attachment":[{"href":"https:\/\/legrenierdelatour.be\/brocante\/wp-json\/wp\/v2\/media?parent=1751"}],"wp:term":[{"taxonomy":"product_brand","embeddable":true,"href":"https:\/\/legrenierdelatour.be\/brocante\/wp-json\/wp\/v2\/product_brand?post=1751"},{"taxonomy":"product_cat","embeddable":true,"href":"https:\/\/legrenierdelatour.be\/brocante\/wp-json\/wp\/v2\/product_cat?post=1751"},{"taxonomy":"product_tag","embeddable":true,"href":"https:\/\/legrenierdelatour.be\/brocante\/wp-json\/wp\/v2\/product_tag?post=1751"}],"curies":[{"name":"wp","href":"https:\/\/api.w.org\/{rel}","templated":true}]}}