{"id":1749,"date":"2022-04-14T13:27:40","date_gmt":"2022-04-14T11:27:40","guid":{"rendered":"https:\/\/legrenierdelatour.be\/brocante\/?post_type=product&#038;p=1749"},"modified":"2022-05-19T12:33:44","modified_gmt":"2022-05-19T10:33:44","slug":"serviteur-en-verre-et-metal","status":"publish","type":"product","link":"https:\/\/legrenierdelatour.be\/brocante\/produit\/serviteur-en-verre-et-metal\/","title":{"rendered":"Serviteur en verre et m\u00e9tal"},"content":{"rendered":"<p>Serviteur (13&#215;13 cm) en verre, \u00e0 trois compartiments, en verre moul\u00e9. Ce serviteur a sa partie m\u00e9tallique assez oxyd\u00e9e, et date sans doute du d\u00e9but du XX\u00e8 si\u00e8cle.<\/p>\n<p>R\u00e9f 6.41<\/p>\n","protected":false},"excerpt":{"rendered":"<p>Serviteur (13&#215;13 cm) en verre, \u00e0 trois compartiments, en verre moul\u00e9. Ce serviteur a sa partie m\u00e9tallique assez oxyd\u00e9e, et date sans doute du d\u00e9but du XX\u00e8 si\u00e8cle. R\u00e9f 6.41<\/p>\n","protected":false},"featured_media":1694,"comment_status":"open","ping_status":"closed","template":"","meta":{"neve_meta_sidebar":"","neve_meta_container":"","neve_meta_enable_content_width":"off","neve_meta_content_width":100,"neve_meta_title_alignment":"","neve_meta_author_avatar":"","neve_post_elements_order":"","neve_meta_disable_header":"","neve_meta_disable_footer":"","neve_meta_disable_title":""},"product_brand":[],"product_cat":[172,22],"product_tag":[],"class_list":{"0":"post-1749","1":"product","2":"type-product","3":"status-publish","4":"has-post-thumbnail","6":"product_cat-en-cuisine","7":"product_cat-verrerie","9":"first","10":"instock","11":"shipping-taxable","12":"purchasable","13":"product-type-simple"},"_links":{"self":[{"href":"https:\/\/legrenierdelatour.be\/brocante\/wp-json\/wp\/v2\/product\/1749","targetHints":{"allow":["GET"]}}],"collection":[{"href":"https:\/\/legrenierdelatour.be\/brocante\/wp-json\/wp\/v2\/product"}],"about":[{"href":"https:\/\/legrenierdelatour.be\/brocante\/wp-json\/wp\/v2\/types\/product"}],"replies":[{"embeddable":true,"href":"https:\/\/legrenierdelatour.be\/brocante\/wp-json\/wp\/v2\/comments?post=1749"}],"wp:featuredmedia":[{"embeddable":true,"href":"https:\/\/legrenierdelatour.be\/brocante\/wp-json\/wp\/v2\/media\/1694"}],"wp:attachment":[{"href":"https:\/\/legrenierdelatour.be\/brocante\/wp-json\/wp\/v2\/media?parent=1749"}],"wp:term":[{"taxonomy":"product_brand","embeddable":true,"href":"https:\/\/legrenierdelatour.be\/brocante\/wp-json\/wp\/v2\/product_brand?post=1749"},{"taxonomy":"product_cat","embeddable":true,"href":"https:\/\/legrenierdelatour.be\/brocante\/wp-json\/wp\/v2\/product_cat?post=1749"},{"taxonomy":"product_tag","embeddable":true,"href":"https:\/\/legrenierdelatour.be\/brocante\/wp-json\/wp\/v2\/product_tag?post=1749"}],"curies":[{"name":"wp","href":"https:\/\/api.w.org\/{rel}","templated":true}]}}