{"id":1746,"date":"2022-04-14T13:09:37","date_gmt":"2022-04-14T11:09:37","guid":{"rendered":"https:\/\/legrenierdelatour.be\/brocante\/?post_type=product&#038;p=1746"},"modified":"2022-05-19T12:35:22","modified_gmt":"2022-05-19T10:35:22","slug":"flacon-de-liqueur-et-6-verres-vintage","status":"publish","type":"product","link":"https:\/\/legrenierdelatour.be\/brocante\/produit\/flacon-de-liqueur-et-6-verres-vintage\/","title":{"rendered":"Flacon de liqueur et 6 verres Vintage"},"content":{"rendered":"<p>Un flacon de liqueur (19 cm de haut) et 6 verres assortis (7 cm de haut) en verre moul\u00e9, avec d\u00e9cor granit\u00e9 et peintures noires. Les verres ont des couleurs diff\u00e9rentes. Le service a sans doute \u00e9t\u00e9 produit en France dans les ann\u00e9es 1950-60.<\/p>\n<p>R\u00e9f 6.96<\/p>\n","protected":false},"excerpt":{"rendered":"<p>Un flacon de liqueur (19 cm de haut) et 6 verres assortis (7 cm de haut) en verre moul\u00e9, avec d\u00e9cor granit\u00e9 et peintures noires. Les verres ont des couleurs diff\u00e9rentes. Le service a sans doute \u00e9t\u00e9 produit en France dans les ann\u00e9es 1950-60. R\u00e9f 6.96<\/p>\n","protected":false},"featured_media":1709,"comment_status":"open","ping_status":"closed","template":"","meta":{"neve_meta_sidebar":"","neve_meta_container":"","neve_meta_enable_content_width":"off","neve_meta_content_width":100,"neve_meta_title_alignment":"","neve_meta_author_avatar":"","neve_post_elements_order":"","neve_meta_disable_header":"","neve_meta_disable_footer":"","neve_meta_disable_title":""},"product_brand":[],"product_cat":[163,22],"product_tag":[121,28],"class_list":{"0":"post-1746","1":"product","2":"type-product","3":"status-publish","4":"has-post-thumbnail","6":"product_cat-productions-francaises","7":"product_cat-verrerie","8":"product_tag-fumoir","9":"product_tag-vintage","11":"first","12":"instock","13":"shipping-taxable","14":"purchasable","15":"product-type-simple"},"_links":{"self":[{"href":"https:\/\/legrenierdelatour.be\/brocante\/wp-json\/wp\/v2\/product\/1746","targetHints":{"allow":["GET"]}}],"collection":[{"href":"https:\/\/legrenierdelatour.be\/brocante\/wp-json\/wp\/v2\/product"}],"about":[{"href":"https:\/\/legrenierdelatour.be\/brocante\/wp-json\/wp\/v2\/types\/product"}],"replies":[{"embeddable":true,"href":"https:\/\/legrenierdelatour.be\/brocante\/wp-json\/wp\/v2\/comments?post=1746"}],"wp:featuredmedia":[{"embeddable":true,"href":"https:\/\/legrenierdelatour.be\/brocante\/wp-json\/wp\/v2\/media\/1709"}],"wp:attachment":[{"href":"https:\/\/legrenierdelatour.be\/brocante\/wp-json\/wp\/v2\/media?parent=1746"}],"wp:term":[{"taxonomy":"product_brand","embeddable":true,"href":"https:\/\/legrenierdelatour.be\/brocante\/wp-json\/wp\/v2\/product_brand?post=1746"},{"taxonomy":"product_cat","embeddable":true,"href":"https:\/\/legrenierdelatour.be\/brocante\/wp-json\/wp\/v2\/product_cat?post=1746"},{"taxonomy":"product_tag","embeddable":true,"href":"https:\/\/legrenierdelatour.be\/brocante\/wp-json\/wp\/v2\/product_tag?post=1746"}],"curies":[{"name":"wp","href":"https:\/\/api.w.org\/{rel}","templated":true}]}}