{"id":1745,"date":"2022-04-14T12:59:32","date_gmt":"2022-04-14T10:59:32","guid":{"rendered":"https:\/\/legrenierdelatour.be\/brocante\/?post_type=product&#038;p=1745"},"modified":"2022-05-19T12:38:07","modified_gmt":"2022-05-19T10:38:07","slug":"vase-en-verre-opale-brf","status":"publish","type":"product","link":"https:\/\/legrenierdelatour.be\/brocante\/produit\/vase-en-verre-opale-brf\/","title":{"rendered":"Vase en verre opale BRF"},"content":{"rendered":"<p>5 petits vases (19,5 cm de haut) produit par la firme Bormioli Rocco Figlio (BRF) une manufacture fond\u00e9e en 1825 en Italie. Ces vases ont tous un d\u00e9cor diff\u00e9rent (5 d\u00e9cors de fleurs et un d\u00e9cor de sc\u00e8ne de genre), sont en parfait \u00e9tat, et ont \u00e9t\u00e9 produits dans les ann\u00e9es 1950.<\/p>\n<p>Ces vases sont vendus \u00e0 la pi\u00e8ce.<\/p>\n<p>R\u00e9f 6.97<\/p>\n","protected":false},"excerpt":{"rendered":"<p>5 petits vases (19,5 cm de haut) produit par la firme Bormioli Rocco Figlio (BRF) une manufacture fond\u00e9e en 1825 en Italie. Ces vases ont tous un d\u00e9cor diff\u00e9rent (5 d\u00e9cors de fleurs et un d\u00e9cor de sc\u00e8ne de genre), sont en parfait \u00e9tat, et ont \u00e9t\u00e9 produits dans les ann\u00e9es 1950. Ces vases sont&hellip;&nbsp;<a href=\"https:\/\/legrenierdelatour.be\/brocante\/produit\/vase-en-verre-opale-brf\/\" class=\"\" rel=\"bookmark\">Lire la suite &raquo;<span class=\"screen-reader-text\">Vase en verre opale BRF<\/span><\/a><\/p>\n","protected":false},"featured_media":1740,"comment_status":"open","ping_status":"closed","template":"","meta":{"neve_meta_sidebar":"","neve_meta_container":"","neve_meta_enable_content_width":"off","neve_meta_content_width":100,"neve_meta_title_alignment":"","neve_meta_author_avatar":"","neve_post_elements_order":"","neve_meta_disable_header":"","neve_meta_disable_footer":"","neve_meta_disable_title":""},"product_brand":[],"product_cat":[164,180,22],"product_tag":[125,28],"class_list":{"0":"post-1745","1":"product","2":"type-product","3":"status-publish","4":"has-post-thumbnail","6":"product_cat-autres-productions","7":"product_cat-brf-italie","8":"product_cat-verrerie","9":"product_tag-italie","10":"product_tag-vintage","12":"first","13":"instock","14":"shipping-taxable","15":"purchasable","16":"product-type-simple"},"_links":{"self":[{"href":"https:\/\/legrenierdelatour.be\/brocante\/wp-json\/wp\/v2\/product\/1745","targetHints":{"allow":["GET"]}}],"collection":[{"href":"https:\/\/legrenierdelatour.be\/brocante\/wp-json\/wp\/v2\/product"}],"about":[{"href":"https:\/\/legrenierdelatour.be\/brocante\/wp-json\/wp\/v2\/types\/product"}],"replies":[{"embeddable":true,"href":"https:\/\/legrenierdelatour.be\/brocante\/wp-json\/wp\/v2\/comments?post=1745"}],"wp:featuredmedia":[{"embeddable":true,"href":"https:\/\/legrenierdelatour.be\/brocante\/wp-json\/wp\/v2\/media\/1740"}],"wp:attachment":[{"href":"https:\/\/legrenierdelatour.be\/brocante\/wp-json\/wp\/v2\/media?parent=1745"}],"wp:term":[{"taxonomy":"product_brand","embeddable":true,"href":"https:\/\/legrenierdelatour.be\/brocante\/wp-json\/wp\/v2\/product_brand?post=1745"},{"taxonomy":"product_cat","embeddable":true,"href":"https:\/\/legrenierdelatour.be\/brocante\/wp-json\/wp\/v2\/product_cat?post=1745"},{"taxonomy":"product_tag","embeddable":true,"href":"https:\/\/legrenierdelatour.be\/brocante\/wp-json\/wp\/v2\/product_tag?post=1745"}],"curies":[{"name":"wp","href":"https:\/\/api.w.org\/{rel}","templated":true}]}}