{"id":1738,"date":"2022-04-14T12:40:52","date_gmt":"2022-04-14T10:40:52","guid":{"rendered":"https:\/\/legrenierdelatour.be\/brocante\/?post_type=product&#038;p=1738"},"modified":"2022-05-19T12:42:32","modified_gmt":"2022-05-19T10:42:32","slug":"plats-en-verre-rose-fruits","status":"publish","type":"product","link":"https:\/\/legrenierdelatour.be\/brocante\/produit\/plats-en-verre-rose-fruits\/","title":{"rendered":"Plats en verre rose \u00ab\u00a0Fruits\u00a0\u00bb"},"content":{"rendered":"<p>Deux grands plats (32 et 31 cm de diam\u00e8tre) en verre rose moul\u00e9 press\u00e9 avec corbeille de fruits dans le fond; Ils sont en bon \u00e9tat, et il n&rsquo;y a pas de marque visible.<\/p>\n<p>Ces plats sont vendus s\u00e9par\u00e9ment et le prix est \u00e0 la pi\u00e8ce.<\/p>\n<p>R\u00e9f 8.44<\/p>\n<p>&nbsp;<\/p>\n","protected":false},"excerpt":{"rendered":"<p>Deux grands plats (32 et 31 cm de diam\u00e8tre) en verre rose moul\u00e9 press\u00e9 avec corbeille de fruits dans le fond; Ils sont en bon \u00e9tat, et il n&rsquo;y a pas de marque visible. Ces plats sont vendus s\u00e9par\u00e9ment et le prix est \u00e0 la pi\u00e8ce. R\u00e9f 8.44 &nbsp;<\/p>\n","protected":false},"featured_media":1724,"comment_status":"open","ping_status":"closed","template":"","meta":{"neve_meta_sidebar":"","neve_meta_container":"","neve_meta_enable_content_width":"off","neve_meta_content_width":100,"neve_meta_title_alignment":"","neve_meta_author_avatar":"","neve_post_elements_order":"","neve_meta_disable_header":"","neve_meta_disable_footer":"","neve_meta_disable_title":""},"product_brand":[],"product_cat":[172,22],"product_tag":[28],"class_list":{"0":"post-1738","1":"product","2":"type-product","3":"status-publish","4":"has-post-thumbnail","6":"product_cat-en-cuisine","7":"product_cat-verrerie","8":"product_tag-vintage","10":"first","11":"instock","12":"shipping-taxable","13":"purchasable","14":"product-type-simple"},"_links":{"self":[{"href":"https:\/\/legrenierdelatour.be\/brocante\/wp-json\/wp\/v2\/product\/1738","targetHints":{"allow":["GET"]}}],"collection":[{"href":"https:\/\/legrenierdelatour.be\/brocante\/wp-json\/wp\/v2\/product"}],"about":[{"href":"https:\/\/legrenierdelatour.be\/brocante\/wp-json\/wp\/v2\/types\/product"}],"replies":[{"embeddable":true,"href":"https:\/\/legrenierdelatour.be\/brocante\/wp-json\/wp\/v2\/comments?post=1738"}],"wp:featuredmedia":[{"embeddable":true,"href":"https:\/\/legrenierdelatour.be\/brocante\/wp-json\/wp\/v2\/media\/1724"}],"wp:attachment":[{"href":"https:\/\/legrenierdelatour.be\/brocante\/wp-json\/wp\/v2\/media?parent=1738"}],"wp:term":[{"taxonomy":"product_brand","embeddable":true,"href":"https:\/\/legrenierdelatour.be\/brocante\/wp-json\/wp\/v2\/product_brand?post=1738"},{"taxonomy":"product_cat","embeddable":true,"href":"https:\/\/legrenierdelatour.be\/brocante\/wp-json\/wp\/v2\/product_cat?post=1738"},{"taxonomy":"product_tag","embeddable":true,"href":"https:\/\/legrenierdelatour.be\/brocante\/wp-json\/wp\/v2\/product_tag?post=1738"}],"curies":[{"name":"wp","href":"https:\/\/api.w.org\/{rel}","templated":true}]}}