{"id":1656,"date":"2022-04-13T15:30:13","date_gmt":"2022-04-13T13:30:13","guid":{"rendered":"https:\/\/legrenierdelatour.be\/brocante\/?post_type=product&#038;p=1656"},"modified":"2022-04-13T15:30:14","modified_gmt":"2022-04-13T13:30:14","slug":"gueridon-en-bois","status":"publish","type":"product","link":"https:\/\/legrenierdelatour.be\/brocante\/produit\/gueridon-en-bois\/","title":{"rendered":"Gu\u00e9ridon en bois"},"content":{"rendered":"<p>Petit gu\u00e9ridon ou table d&rsquo;appoint en bois (74 cm de haut), sur 4 pieds joliment courb\u00e9s et cisel\u00e9s. En tr\u00e8s bon \u00e9tat g\u00e9n\u00e9ral, elle date sans doute des ann\u00e9es 1950.<\/p>\n<p>R\u00e9f 1.70<\/p>\n","protected":false},"excerpt":{"rendered":"<p>Petit gu\u00e9ridon ou table d&rsquo;appoint en bois (74 cm de haut), sur 4 pieds joliment courb\u00e9s et cisel\u00e9s. En tr\u00e8s bon \u00e9tat g\u00e9n\u00e9ral, elle date sans doute des ann\u00e9es 1950. R\u00e9f 1.70<\/p>\n","protected":false},"featured_media":1476,"comment_status":"open","ping_status":"closed","template":"","meta":{"neve_meta_sidebar":"","neve_meta_container":"","neve_meta_enable_content_width":"off","neve_meta_content_width":100,"neve_meta_title_alignment":"","neve_meta_author_avatar":"","neve_post_elements_order":"","neve_meta_disable_header":"","neve_meta_disable_footer":"","neve_meta_disable_title":""},"product_brand":[],"product_cat":[23],"product_tag":[84],"class_list":{"0":"post-1656","1":"product","2":"type-product","3":"status-publish","4":"has-post-thumbnail","6":"product_cat-mobilier","7":"product_tag-mobilier","9":"first","10":"instock","11":"shipping-taxable","12":"purchasable","13":"product-type-simple"},"_links":{"self":[{"href":"https:\/\/legrenierdelatour.be\/brocante\/wp-json\/wp\/v2\/product\/1656","targetHints":{"allow":["GET"]}}],"collection":[{"href":"https:\/\/legrenierdelatour.be\/brocante\/wp-json\/wp\/v2\/product"}],"about":[{"href":"https:\/\/legrenierdelatour.be\/brocante\/wp-json\/wp\/v2\/types\/product"}],"replies":[{"embeddable":true,"href":"https:\/\/legrenierdelatour.be\/brocante\/wp-json\/wp\/v2\/comments?post=1656"}],"wp:featuredmedia":[{"embeddable":true,"href":"https:\/\/legrenierdelatour.be\/brocante\/wp-json\/wp\/v2\/media\/1476"}],"wp:attachment":[{"href":"https:\/\/legrenierdelatour.be\/brocante\/wp-json\/wp\/v2\/media?parent=1656"}],"wp:term":[{"taxonomy":"product_brand","embeddable":true,"href":"https:\/\/legrenierdelatour.be\/brocante\/wp-json\/wp\/v2\/product_brand?post=1656"},{"taxonomy":"product_cat","embeddable":true,"href":"https:\/\/legrenierdelatour.be\/brocante\/wp-json\/wp\/v2\/product_cat?post=1656"},{"taxonomy":"product_tag","embeddable":true,"href":"https:\/\/legrenierdelatour.be\/brocante\/wp-json\/wp\/v2\/product_tag?post=1656"}],"curies":[{"name":"wp","href":"https:\/\/api.w.org\/{rel}","templated":true}]}}