{"id":1654,"date":"2022-04-13T15:24:10","date_gmt":"2022-04-13T13:24:10","guid":{"rendered":"https:\/\/legrenierdelatour.be\/brocante\/?post_type=product&#038;p=1654"},"modified":"2022-05-19T12:55:45","modified_gmt":"2022-05-19T10:55:45","slug":"lampe-a-petrole-en-verre-a-anse","status":"publish","type":"product","link":"https:\/\/legrenierdelatour.be\/brocante\/produit\/lampe-a-petrole-en-verre-a-anse\/","title":{"rendered":"Lampe \u00e0 p\u00e9trole en verre \u00e0 anse"},"content":{"rendered":"<p>Petite lampe \u00e0 p\u00e9trole en verre moul\u00e9 avec petite anse des Etablissements \u00a0Lempereur &amp; Bernard (Joseph Lempereur et Lambert Bernard) cr\u00e9\u00e9s en 1867 \u00e0 Herstal, pr\u00e8s de Li\u00e8ge. Appel\u00e9e aussi Lampe belge, cette lampe est reconnaissable par son \u00e9cusson L&amp;B entour\u00e9 de rayons de soleil. La production de lampes durera jusqu&rsquo;\u00e0 la guerre 14-18 puis la soci\u00e9t\u00e9 se reconvertira vers d&rsquo;autres produits. Cette lampe date du d\u00e9but du XX\u00e8 si\u00e8cle et est en tr\u00e8s bon \u00e9tat.<\/p>\n<p>R\u00e9f 1.75<\/p>\n","protected":false},"excerpt":{"rendered":"<p>Petite lampe \u00e0 p\u00e9trole en verre moul\u00e9 avec petite anse des Etablissements \u00a0Lempereur &amp; Bernard (Joseph Lempereur et Lambert Bernard) cr\u00e9\u00e9s en 1867 \u00e0 Herstal, pr\u00e8s de Li\u00e8ge. Appel\u00e9e aussi Lampe belge, cette lampe est reconnaissable par son \u00e9cusson L&amp;B entour\u00e9 de rayons de soleil. La production de lampes durera jusqu&rsquo;\u00e0 la guerre 14-18 puis&hellip;&nbsp;<a href=\"https:\/\/legrenierdelatour.be\/brocante\/produit\/lampe-a-petrole-en-verre-a-anse\/\" class=\"\" rel=\"bookmark\">Lire la suite &raquo;<span class=\"screen-reader-text\">Lampe \u00e0 p\u00e9trole en verre \u00e0 anse<\/span><\/a><\/p>\n","protected":false},"featured_media":1486,"comment_status":"open","ping_status":"closed","template":"","meta":{"neve_meta_sidebar":"","neve_meta_container":"","neve_meta_enable_content_width":"off","neve_meta_content_width":100,"neve_meta_title_alignment":"","neve_meta_author_avatar":"","neve_post_elements_order":"","neve_meta_disable_header":"","neve_meta_disable_footer":"","neve_meta_disable_title":""},"product_brand":[],"product_cat":[181,23,24],"product_tag":[40,121,91,131],"class_list":{"0":"post-1654","1":"product","2":"type-product","3":"status-publish","4":"has-post-thumbnail","6":"product_cat-lampes-a-petrole","7":"product_cat-mobilier","8":"product_cat-luminaires","9":"product_tag-belgique","10":"product_tag-fumoir","11":"product_tag-lampe","12":"product_tag-lampe-a-petrole","14":"first","15":"instock","16":"shipping-taxable","17":"purchasable","18":"product-type-simple"},"_links":{"self":[{"href":"https:\/\/legrenierdelatour.be\/brocante\/wp-json\/wp\/v2\/product\/1654","targetHints":{"allow":["GET"]}}],"collection":[{"href":"https:\/\/legrenierdelatour.be\/brocante\/wp-json\/wp\/v2\/product"}],"about":[{"href":"https:\/\/legrenierdelatour.be\/brocante\/wp-json\/wp\/v2\/types\/product"}],"replies":[{"embeddable":true,"href":"https:\/\/legrenierdelatour.be\/brocante\/wp-json\/wp\/v2\/comments?post=1654"}],"wp:featuredmedia":[{"embeddable":true,"href":"https:\/\/legrenierdelatour.be\/brocante\/wp-json\/wp\/v2\/media\/1486"}],"wp:attachment":[{"href":"https:\/\/legrenierdelatour.be\/brocante\/wp-json\/wp\/v2\/media?parent=1654"}],"wp:term":[{"taxonomy":"product_brand","embeddable":true,"href":"https:\/\/legrenierdelatour.be\/brocante\/wp-json\/wp\/v2\/product_brand?post=1654"},{"taxonomy":"product_cat","embeddable":true,"href":"https:\/\/legrenierdelatour.be\/brocante\/wp-json\/wp\/v2\/product_cat?post=1654"},{"taxonomy":"product_tag","embeddable":true,"href":"https:\/\/legrenierdelatour.be\/brocante\/wp-json\/wp\/v2\/product_tag?post=1654"}],"curies":[{"name":"wp","href":"https:\/\/api.w.org\/{rel}","templated":true}]}}