{"id":1651,"date":"2022-04-13T15:10:36","date_gmt":"2022-04-13T13:10:36","guid":{"rendered":"https:\/\/legrenierdelatour.be\/brocante\/?post_type=product&#038;p=1651"},"modified":"2022-05-19T12:56:26","modified_gmt":"2022-05-19T10:56:26","slug":"lampe-a-petrole-hugo-schneider","status":"publish","type":"product","link":"https:\/\/legrenierdelatour.be\/brocante\/produit\/lampe-a-petrole-hugo-schneider\/","title":{"rendered":"Lampe \u00e0 p\u00e9trole Hugo Schneider"},"content":{"rendered":"<p>Lampe \u00e0 p\u00e9trole (38 cm de haut), produite par la firme Hugo Schneider \u00e0 Paunsdorf en Allemagne, dans les ann\u00e9es 1871-1928. Elle est en tr\u00e8s bon \u00e9tat.<\/p>\n<p>R\u00e9f 1.78<\/p>\n","protected":false},"excerpt":{"rendered":"<p>Lampe \u00e0 p\u00e9trole (38 cm de haut), produite par la firme Hugo Schneider \u00e0 Paunsdorf en Allemagne, dans les ann\u00e9es 1871-1928. Elle est en tr\u00e8s bon \u00e9tat. R\u00e9f 1.78<\/p>\n","protected":false},"featured_media":1493,"comment_status":"open","ping_status":"closed","template":"","meta":{"neve_meta_sidebar":"","neve_meta_container":"","neve_meta_enable_content_width":"off","neve_meta_content_width":100,"neve_meta_title_alignment":"","neve_meta_author_avatar":"","neve_post_elements_order":"","neve_meta_disable_header":"","neve_meta_disable_footer":"","neve_meta_disable_title":""},"product_brand":[],"product_cat":[181,23,24],"product_tag":[122,121,138,91],"class_list":{"0":"post-1651","1":"product","2":"type-product","3":"status-publish","4":"has-post-thumbnail","6":"product_cat-lampes-a-petrole","7":"product_cat-mobilier","8":"product_cat-luminaires","9":"product_tag-bureau","10":"product_tag-fumoir","11":"product_tag-hugo-schneider","12":"product_tag-lampe","14":"first","15":"instock","16":"shipping-taxable","17":"purchasable","18":"product-type-simple"},"_links":{"self":[{"href":"https:\/\/legrenierdelatour.be\/brocante\/wp-json\/wp\/v2\/product\/1651","targetHints":{"allow":["GET"]}}],"collection":[{"href":"https:\/\/legrenierdelatour.be\/brocante\/wp-json\/wp\/v2\/product"}],"about":[{"href":"https:\/\/legrenierdelatour.be\/brocante\/wp-json\/wp\/v2\/types\/product"}],"replies":[{"embeddable":true,"href":"https:\/\/legrenierdelatour.be\/brocante\/wp-json\/wp\/v2\/comments?post=1651"}],"wp:featuredmedia":[{"embeddable":true,"href":"https:\/\/legrenierdelatour.be\/brocante\/wp-json\/wp\/v2\/media\/1493"}],"wp:attachment":[{"href":"https:\/\/legrenierdelatour.be\/brocante\/wp-json\/wp\/v2\/media?parent=1651"}],"wp:term":[{"taxonomy":"product_brand","embeddable":true,"href":"https:\/\/legrenierdelatour.be\/brocante\/wp-json\/wp\/v2\/product_brand?post=1651"},{"taxonomy":"product_cat","embeddable":true,"href":"https:\/\/legrenierdelatour.be\/brocante\/wp-json\/wp\/v2\/product_cat?post=1651"},{"taxonomy":"product_tag","embeddable":true,"href":"https:\/\/legrenierdelatour.be\/brocante\/wp-json\/wp\/v2\/product_tag?post=1651"}],"curies":[{"name":"wp","href":"https:\/\/api.w.org\/{rel}","templated":true}]}}