{"id":1650,"date":"2022-04-13T14:12:58","date_gmt":"2022-04-13T12:12:58","guid":{"rendered":"https:\/\/legrenierdelatour.be\/brocante\/?post_type=product&#038;p=1650"},"modified":"2022-05-19T12:56:42","modified_gmt":"2022-05-19T10:56:42","slug":"trophee-de-chasse-1946","status":"publish","type":"product","link":"https:\/\/legrenierdelatour.be\/brocante\/produit\/trophee-de-chasse-1946\/","title":{"rendered":"Troph\u00e9e de chasse 1946"},"content":{"rendered":"<p>Troph\u00e9e de chasse (plaque de 20 x 18 cm) d&rsquo;une partie du cr\u00e2ne et des cornes d&rsquo;un chevreuil, sur un support en forme de coeur en bois verni. Le bois est d\u00e9cor\u00e9 d&rsquo;encoches sur le pourtour et de la date 30\/10\/1946. R\u00e9paration \u00e0 l&rsquo;arri\u00e8re.<\/p>\n<p>R\u00e9f 1.85<\/p>\n","protected":false},"excerpt":{"rendered":"<p>Troph\u00e9e de chasse (plaque de 20 x 18 cm) d&rsquo;une partie du cr\u00e2ne et des cornes d&rsquo;un chevreuil, sur un support en forme de coeur en bois verni. Le bois est d\u00e9cor\u00e9 d&rsquo;encoches sur le pourtour et de la date 30\/10\/1946. R\u00e9paration \u00e0 l&rsquo;arri\u00e8re. R\u00e9f 1.85<\/p>\n","protected":false},"featured_media":1502,"comment_status":"open","ping_status":"closed","template":"","meta":{"neve_meta_sidebar":"","neve_meta_container":"","neve_meta_enable_content_width":"off","neve_meta_content_width":100,"neve_meta_title_alignment":"","neve_meta_author_avatar":"","neve_post_elements_order":"","neve_meta_disable_header":"","neve_meta_disable_footer":"","neve_meta_disable_title":""},"product_brand":[],"product_cat":[15,182],"product_tag":[40,137,121,84],"class_list":{"0":"post-1650","1":"product","2":"type-product","3":"status-publish","4":"has-post-thumbnail","6":"product_cat-non-classe","7":"product_cat-trophee-de-chasse","8":"product_tag-belgique","9":"product_tag-chasse","10":"product_tag-fumoir","11":"product_tag-mobilier","13":"first","14":"instock","15":"shipping-taxable","16":"purchasable","17":"product-type-simple"},"_links":{"self":[{"href":"https:\/\/legrenierdelatour.be\/brocante\/wp-json\/wp\/v2\/product\/1650","targetHints":{"allow":["GET"]}}],"collection":[{"href":"https:\/\/legrenierdelatour.be\/brocante\/wp-json\/wp\/v2\/product"}],"about":[{"href":"https:\/\/legrenierdelatour.be\/brocante\/wp-json\/wp\/v2\/types\/product"}],"replies":[{"embeddable":true,"href":"https:\/\/legrenierdelatour.be\/brocante\/wp-json\/wp\/v2\/comments?post=1650"}],"wp:featuredmedia":[{"embeddable":true,"href":"https:\/\/legrenierdelatour.be\/brocante\/wp-json\/wp\/v2\/media\/1502"}],"wp:attachment":[{"href":"https:\/\/legrenierdelatour.be\/brocante\/wp-json\/wp\/v2\/media?parent=1650"}],"wp:term":[{"taxonomy":"product_brand","embeddable":true,"href":"https:\/\/legrenierdelatour.be\/brocante\/wp-json\/wp\/v2\/product_brand?post=1650"},{"taxonomy":"product_cat","embeddable":true,"href":"https:\/\/legrenierdelatour.be\/brocante\/wp-json\/wp\/v2\/product_cat?post=1650"},{"taxonomy":"product_tag","embeddable":true,"href":"https:\/\/legrenierdelatour.be\/brocante\/wp-json\/wp\/v2\/product_tag?post=1650"}],"curies":[{"name":"wp","href":"https:\/\/api.w.org\/{rel}","templated":true}]}}