{"id":1649,"date":"2022-04-13T14:08:36","date_gmt":"2022-04-13T12:08:36","guid":{"rendered":"https:\/\/legrenierdelatour.be\/brocante\/?post_type=product&#038;p=1649"},"modified":"2022-05-19T12:56:54","modified_gmt":"2022-05-19T10:56:54","slug":"trophee-de-chasse-porte-manteau","status":"publish","type":"product","link":"https:\/\/legrenierdelatour.be\/brocante\/produit\/trophee-de-chasse-porte-manteau\/","title":{"rendered":"Troph\u00e9e de chasse porte-manteau"},"content":{"rendered":"<p>Troph\u00e9e de chasse d&rsquo;une t\u00eate de biche empaill\u00e9e et de ses 4 pattes, mont\u00e9es en porte-manteau. Il est en tr\u00e8s bon \u00e9tat g\u00e9n\u00e9ral et date sans doute des ann\u00e9es 1950-70.<\/p>\n<p>R\u00e9f 1.89<\/p>\n","protected":false},"excerpt":{"rendered":"<p>Troph\u00e9e de chasse d&rsquo;une t\u00eate de biche empaill\u00e9e et de ses 4 pattes, mont\u00e9es en porte-manteau. Il est en tr\u00e8s bon \u00e9tat g\u00e9n\u00e9ral et date sans doute des ann\u00e9es 1950-70. R\u00e9f 1.89<\/p>\n","protected":false},"featured_media":1504,"comment_status":"open","ping_status":"closed","template":"","meta":{"neve_meta_sidebar":"","neve_meta_container":"","neve_meta_enable_content_width":"off","neve_meta_content_width":100,"neve_meta_title_alignment":"","neve_meta_author_avatar":"","neve_post_elements_order":"","neve_meta_disable_header":"","neve_meta_disable_footer":"","neve_meta_disable_title":""},"product_brand":[],"product_cat":[15,182],"product_tag":[122,137,121],"class_list":{"0":"post-1649","1":"product","2":"type-product","3":"status-publish","4":"has-post-thumbnail","6":"product_cat-non-classe","7":"product_cat-trophee-de-chasse","8":"product_tag-bureau","9":"product_tag-chasse","10":"product_tag-fumoir","12":"first","13":"instock","14":"shipping-taxable","15":"purchasable","16":"product-type-simple"},"_links":{"self":[{"href":"https:\/\/legrenierdelatour.be\/brocante\/wp-json\/wp\/v2\/product\/1649","targetHints":{"allow":["GET"]}}],"collection":[{"href":"https:\/\/legrenierdelatour.be\/brocante\/wp-json\/wp\/v2\/product"}],"about":[{"href":"https:\/\/legrenierdelatour.be\/brocante\/wp-json\/wp\/v2\/types\/product"}],"replies":[{"embeddable":true,"href":"https:\/\/legrenierdelatour.be\/brocante\/wp-json\/wp\/v2\/comments?post=1649"}],"wp:featuredmedia":[{"embeddable":true,"href":"https:\/\/legrenierdelatour.be\/brocante\/wp-json\/wp\/v2\/media\/1504"}],"wp:attachment":[{"href":"https:\/\/legrenierdelatour.be\/brocante\/wp-json\/wp\/v2\/media?parent=1649"}],"wp:term":[{"taxonomy":"product_brand","embeddable":true,"href":"https:\/\/legrenierdelatour.be\/brocante\/wp-json\/wp\/v2\/product_brand?post=1649"},{"taxonomy":"product_cat","embeddable":true,"href":"https:\/\/legrenierdelatour.be\/brocante\/wp-json\/wp\/v2\/product_cat?post=1649"},{"taxonomy":"product_tag","embeddable":true,"href":"https:\/\/legrenierdelatour.be\/brocante\/wp-json\/wp\/v2\/product_tag?post=1649"}],"curies":[{"name":"wp","href":"https:\/\/api.w.org\/{rel}","templated":true}]}}