{"id":1643,"date":"2022-04-13T12:56:02","date_gmt":"2022-04-13T10:56:02","guid":{"rendered":"https:\/\/legrenierdelatour.be\/brocante\/?post_type=product&#038;p=1643"},"modified":"2022-05-19T12:59:21","modified_gmt":"2022-05-19T10:59:21","slug":"lampe-de-chevet-style-napoleon-iii","status":"publish","type":"product","link":"https:\/\/legrenierdelatour.be\/brocante\/produit\/lampe-de-chevet-style-napoleon-iii\/","title":{"rendered":"Lampe de chevet style Napol\u00e9on III"},"content":{"rendered":"<p>Petite lampe de chevet (28 cm de haut) avec pied en m\u00e9tal et c\u00e9ramique assez travaill\u00e9. Le chapeau de lampe est en tissus \u00ab\u00a0romantique\u00a0\u00bb. L&rsquo;\u00e9tat g\u00e9n\u00e9ral est bon et la lampe fonctionne. Elle date sans doute des ann\u00e9es 1950.<\/p>\n<p>R\u00e9f 3.7<\/p>\n","protected":false},"excerpt":{"rendered":"<p>Petite lampe de chevet (28 cm de haut) avec pied en m\u00e9tal et c\u00e9ramique assez travaill\u00e9. Le chapeau de lampe est en tissus \u00ab\u00a0romantique\u00a0\u00bb. L&rsquo;\u00e9tat g\u00e9n\u00e9ral est bon et la lampe fonctionne. Elle date sans doute des ann\u00e9es 1950. R\u00e9f 3.7<\/p>\n","protected":false},"featured_media":1523,"comment_status":"open","ping_status":"closed","template":"","meta":{"neve_meta_sidebar":"","neve_meta_container":"","neve_meta_enable_content_width":"off","neve_meta_content_width":100,"neve_meta_title_alignment":"","neve_meta_author_avatar":"","neve_post_elements_order":"","neve_meta_disable_header":"","neve_meta_disable_footer":"","neve_meta_disable_title":""},"product_brand":[],"product_cat":[23,24],"product_tag":[122,91],"class_list":{"0":"post-1643","1":"product","2":"type-product","3":"status-publish","4":"has-post-thumbnail","6":"product_cat-mobilier","7":"product_cat-luminaires","8":"product_tag-bureau","9":"product_tag-lampe","11":"first","12":"instock","13":"shipping-taxable","14":"purchasable","15":"product-type-simple"},"_links":{"self":[{"href":"https:\/\/legrenierdelatour.be\/brocante\/wp-json\/wp\/v2\/product\/1643","targetHints":{"allow":["GET"]}}],"collection":[{"href":"https:\/\/legrenierdelatour.be\/brocante\/wp-json\/wp\/v2\/product"}],"about":[{"href":"https:\/\/legrenierdelatour.be\/brocante\/wp-json\/wp\/v2\/types\/product"}],"replies":[{"embeddable":true,"href":"https:\/\/legrenierdelatour.be\/brocante\/wp-json\/wp\/v2\/comments?post=1643"}],"wp:featuredmedia":[{"embeddable":true,"href":"https:\/\/legrenierdelatour.be\/brocante\/wp-json\/wp\/v2\/media\/1523"}],"wp:attachment":[{"href":"https:\/\/legrenierdelatour.be\/brocante\/wp-json\/wp\/v2\/media?parent=1643"}],"wp:term":[{"taxonomy":"product_brand","embeddable":true,"href":"https:\/\/legrenierdelatour.be\/brocante\/wp-json\/wp\/v2\/product_brand?post=1643"},{"taxonomy":"product_cat","embeddable":true,"href":"https:\/\/legrenierdelatour.be\/brocante\/wp-json\/wp\/v2\/product_cat?post=1643"},{"taxonomy":"product_tag","embeddable":true,"href":"https:\/\/legrenierdelatour.be\/brocante\/wp-json\/wp\/v2\/product_tag?post=1643"}],"curies":[{"name":"wp","href":"https:\/\/api.w.org\/{rel}","templated":true}]}}