{"id":1641,"date":"2022-04-13T12:42:36","date_gmt":"2022-04-13T10:42:36","guid":{"rendered":"https:\/\/legrenierdelatour.be\/brocante\/?post_type=product&#038;p=1641"},"modified":"2022-05-19T13:00:06","modified_gmt":"2022-05-19T11:00:06","slug":"chaise-cannee-fischel-n14","status":"publish","type":"product","link":"https:\/\/legrenierdelatour.be\/brocante\/produit\/chaise-cannee-fischel-n14\/","title":{"rendered":"Chaise cann\u00e9e Fischel N\u00b014"},"content":{"rendered":"<p>Chaise cann\u00e9e (90 cm haut x 42 cm assise) produite par la manufacture Fischel (depuis 1871), concurrente de Thonet d\u00e8s l&rsquo;expiration de ses brevets en 1869. En bois de h\u00eatre, la chaise voit son manage en mauvais \u00e9tat et qui devra \u00eatre refait. Cette chaise a \u00e9t\u00e9 produite de 1870 \u00e0 1938 en Autriche (Niemes en Boh\u00eame).<\/p>\n<p>R\u00e9f 3.17<\/p>\n","protected":false},"excerpt":{"rendered":"<p>Chaise cann\u00e9e (90 cm haut x 42 cm assise) produite par la manufacture Fischel (depuis 1871), concurrente de Thonet d\u00e8s l&rsquo;expiration de ses brevets en 1869. En bois de h\u00eatre, la chaise voit son manage en mauvais \u00e9tat et qui devra \u00eatre refait. Cette chaise a \u00e9t\u00e9 produite de 1870 \u00e0 1938 en Autriche (Niemes&hellip;&nbsp;<a href=\"https:\/\/legrenierdelatour.be\/brocante\/produit\/chaise-cannee-fischel-n14\/\" class=\"\" rel=\"bookmark\">Lire la suite &raquo;<span class=\"screen-reader-text\">Chaise cann\u00e9e Fischel N\u00b014<\/span><\/a><\/p>\n","protected":false},"featured_media":1529,"comment_status":"open","ping_status":"closed","template":"","meta":{"neve_meta_sidebar":"","neve_meta_container":"","neve_meta_enable_content_width":"off","neve_meta_content_width":100,"neve_meta_title_alignment":"","neve_meta_author_avatar":"","neve_post_elements_order":"","neve_meta_disable_header":"","neve_meta_disable_footer":"","neve_meta_disable_title":""},"product_brand":[],"product_cat":[23,129],"product_tag":[135,84,130],"class_list":{"0":"post-1641","1":"product","2":"type-product","3":"status-publish","4":"has-post-thumbnail","6":"product_cat-mobilier","7":"product_cat-thonet","8":"product_tag-fischel","9":"product_tag-mobilier","10":"product_tag-thonet","12":"first","13":"instock","14":"shipping-taxable","15":"purchasable","16":"product-type-simple"},"_links":{"self":[{"href":"https:\/\/legrenierdelatour.be\/brocante\/wp-json\/wp\/v2\/product\/1641","targetHints":{"allow":["GET"]}}],"collection":[{"href":"https:\/\/legrenierdelatour.be\/brocante\/wp-json\/wp\/v2\/product"}],"about":[{"href":"https:\/\/legrenierdelatour.be\/brocante\/wp-json\/wp\/v2\/types\/product"}],"replies":[{"embeddable":true,"href":"https:\/\/legrenierdelatour.be\/brocante\/wp-json\/wp\/v2\/comments?post=1641"}],"wp:featuredmedia":[{"embeddable":true,"href":"https:\/\/legrenierdelatour.be\/brocante\/wp-json\/wp\/v2\/media\/1529"}],"wp:attachment":[{"href":"https:\/\/legrenierdelatour.be\/brocante\/wp-json\/wp\/v2\/media?parent=1641"}],"wp:term":[{"taxonomy":"product_brand","embeddable":true,"href":"https:\/\/legrenierdelatour.be\/brocante\/wp-json\/wp\/v2\/product_brand?post=1641"},{"taxonomy":"product_cat","embeddable":true,"href":"https:\/\/legrenierdelatour.be\/brocante\/wp-json\/wp\/v2\/product_cat?post=1641"},{"taxonomy":"product_tag","embeddable":true,"href":"https:\/\/legrenierdelatour.be\/brocante\/wp-json\/wp\/v2\/product_tag?post=1641"}],"curies":[{"name":"wp","href":"https:\/\/api.w.org\/{rel}","templated":true}]}}