{"id":1640,"date":"2022-04-13T12:33:23","date_gmt":"2022-04-13T10:33:23","guid":{"rendered":"https:\/\/legrenierdelatour.be\/brocante\/?post_type=product&#038;p=1640"},"modified":"2022-04-13T12:33:24","modified_gmt":"2022-04-13T10:33:24","slug":"lampe-de-chevet-vintage","status":"publish","type":"product","link":"https:\/\/legrenierdelatour.be\/brocante\/produit\/lampe-de-chevet-vintage\/","title":{"rendered":"Lampe de chevet Vintage"},"content":{"rendered":"<p>Lampe de chevet en laiton avec tr\u00e8s beau globe en verre (22 cm de haut). Elle est en tr\u00e8s bon \u00e9tat, le cordon d&rsquo;alimentation est ancien et non conforme, et peut \u00e9galement \u00eatre utilis\u00e9e comme applique. Elle date probablement des ann\u00e9es 1950-60.<\/p>\n<p>R\u00e9f 3.20<\/p>\n","protected":false},"excerpt":{"rendered":"<p>Lampe de chevet en laiton avec tr\u00e8s beau globe en verre (22 cm de haut). Elle est en tr\u00e8s bon \u00e9tat, le cordon d&rsquo;alimentation est ancien et non conforme, et peut \u00e9galement \u00eatre utilis\u00e9e comme applique. Elle date probablement des ann\u00e9es 1950-60. R\u00e9f 3.20<\/p>\n","protected":false},"featured_media":1535,"comment_status":"open","ping_status":"closed","template":"","meta":{"neve_meta_sidebar":"","neve_meta_container":"","neve_meta_enable_content_width":"off","neve_meta_content_width":100,"neve_meta_title_alignment":"","neve_meta_author_avatar":"","neve_post_elements_order":"","neve_meta_disable_header":"","neve_meta_disable_footer":"","neve_meta_disable_title":""},"product_brand":[],"product_cat":[23,24],"product_tag":[122,91,84,28],"class_list":{"0":"post-1640","1":"product","2":"type-product","3":"status-publish","4":"has-post-thumbnail","6":"product_cat-mobilier","7":"product_cat-luminaires","8":"product_tag-bureau","9":"product_tag-lampe","10":"product_tag-mobilier","11":"product_tag-vintage","13":"first","14":"instock","15":"shipping-taxable","16":"purchasable","17":"product-type-simple"},"_links":{"self":[{"href":"https:\/\/legrenierdelatour.be\/brocante\/wp-json\/wp\/v2\/product\/1640","targetHints":{"allow":["GET"]}}],"collection":[{"href":"https:\/\/legrenierdelatour.be\/brocante\/wp-json\/wp\/v2\/product"}],"about":[{"href":"https:\/\/legrenierdelatour.be\/brocante\/wp-json\/wp\/v2\/types\/product"}],"replies":[{"embeddable":true,"href":"https:\/\/legrenierdelatour.be\/brocante\/wp-json\/wp\/v2\/comments?post=1640"}],"wp:featuredmedia":[{"embeddable":true,"href":"https:\/\/legrenierdelatour.be\/brocante\/wp-json\/wp\/v2\/media\/1535"}],"wp:attachment":[{"href":"https:\/\/legrenierdelatour.be\/brocante\/wp-json\/wp\/v2\/media?parent=1640"}],"wp:term":[{"taxonomy":"product_brand","embeddable":true,"href":"https:\/\/legrenierdelatour.be\/brocante\/wp-json\/wp\/v2\/product_brand?post=1640"},{"taxonomy":"product_cat","embeddable":true,"href":"https:\/\/legrenierdelatour.be\/brocante\/wp-json\/wp\/v2\/product_cat?post=1640"},{"taxonomy":"product_tag","embeddable":true,"href":"https:\/\/legrenierdelatour.be\/brocante\/wp-json\/wp\/v2\/product_tag?post=1640"}],"curies":[{"name":"wp","href":"https:\/\/api.w.org\/{rel}","templated":true}]}}