{"id":1639,"date":"2022-04-13T12:29:41","date_gmt":"2022-04-13T10:29:41","guid":{"rendered":"https:\/\/legrenierdelatour.be\/brocante\/?post_type=product&#038;p=1639"},"modified":"2022-04-13T12:29:41","modified_gmt":"2022-04-13T10:29:41","slug":"miroir-style-empire-cygnes","status":"publish","type":"product","link":"https:\/\/legrenierdelatour.be\/brocante\/produit\/miroir-style-empire-cygnes\/","title":{"rendered":"Miroir style Empire \u00ab\u00a0Cygnes\u00a0\u00bb"},"content":{"rendered":"<p>Beau et grand miroir de style Empire, avec certaines d\u00e9corations en laiton, dont l&rsquo;anneau de suspension arri\u00e8re \u00e9galement travaill\u00e9; Tr\u00e8s lourd, ce miroir verni est en tr\u00e8s bon \u00e9tat.<\/p>\n<p>R\u00e9f 3.46<\/p>\n","protected":false},"excerpt":{"rendered":"<p>Beau et grand miroir de style Empire, avec certaines d\u00e9corations en laiton, dont l&rsquo;anneau de suspension arri\u00e8re \u00e9galement travaill\u00e9; Tr\u00e8s lourd, ce miroir verni est en tr\u00e8s bon \u00e9tat. R\u00e9f 3.46<\/p>\n","protected":false},"featured_media":1538,"comment_status":"open","ping_status":"closed","template":"","meta":{"neve_meta_sidebar":"","neve_meta_container":"","neve_meta_enable_content_width":"off","neve_meta_content_width":100,"neve_meta_title_alignment":"","neve_meta_author_avatar":"","neve_post_elements_order":"","neve_meta_disable_header":"","neve_meta_disable_footer":"","neve_meta_disable_title":""},"product_brand":[],"product_cat":[23,85],"product_tag":[134,86,84],"class_list":{"0":"post-1639","1":"product","2":"type-product","3":"status-publish","4":"has-post-thumbnail","6":"product_cat-mobilier","7":"product_cat-miroir","8":"product_tag-empire","9":"product_tag-miroir","10":"product_tag-mobilier","12":"first","13":"instock","14":"shipping-taxable","15":"purchasable","16":"product-type-simple"},"_links":{"self":[{"href":"https:\/\/legrenierdelatour.be\/brocante\/wp-json\/wp\/v2\/product\/1639","targetHints":{"allow":["GET"]}}],"collection":[{"href":"https:\/\/legrenierdelatour.be\/brocante\/wp-json\/wp\/v2\/product"}],"about":[{"href":"https:\/\/legrenierdelatour.be\/brocante\/wp-json\/wp\/v2\/types\/product"}],"replies":[{"embeddable":true,"href":"https:\/\/legrenierdelatour.be\/brocante\/wp-json\/wp\/v2\/comments?post=1639"}],"wp:featuredmedia":[{"embeddable":true,"href":"https:\/\/legrenierdelatour.be\/brocante\/wp-json\/wp\/v2\/media\/1538"}],"wp:attachment":[{"href":"https:\/\/legrenierdelatour.be\/brocante\/wp-json\/wp\/v2\/media?parent=1639"}],"wp:term":[{"taxonomy":"product_brand","embeddable":true,"href":"https:\/\/legrenierdelatour.be\/brocante\/wp-json\/wp\/v2\/product_brand?post=1639"},{"taxonomy":"product_cat","embeddable":true,"href":"https:\/\/legrenierdelatour.be\/brocante\/wp-json\/wp\/v2\/product_cat?post=1639"},{"taxonomy":"product_tag","embeddable":true,"href":"https:\/\/legrenierdelatour.be\/brocante\/wp-json\/wp\/v2\/product_tag?post=1639"}],"curies":[{"name":"wp","href":"https:\/\/api.w.org\/{rel}","templated":true}]}}