{"id":1637,"date":"2022-04-13T12:11:41","date_gmt":"2022-04-13T10:11:41","guid":{"rendered":"https:\/\/legrenierdelatour.be\/brocante\/?post_type=product&#038;p=1637"},"modified":"2022-04-13T12:11:41","modified_gmt":"2022-04-13T10:11:41","slug":"porte-courrier-chien-2","status":"publish","type":"product","link":"https:\/\/legrenierdelatour.be\/brocante\/produit\/porte-courrier-chien-2\/","title":{"rendered":"Porte-courrier \u00ab\u00a0Chien\u00a0\u00bb"},"content":{"rendered":"<p>Porte-courrier en bois \u00e0 deux compartiments (23,5 x 30cm), avec repr\u00e9sentation d&rsquo;un chien en relief. il est peint de diff\u00e9rentes couleurs, et est en tr\u00e8s bon \u00e9tat. Il date probablement des ann\u00e9es 1950-60.<\/p>\n<p>R\u00e9f 4.36<\/p>\n","protected":false},"excerpt":{"rendered":"<p>Porte-courrier en bois \u00e0 deux compartiments (23,5 x 30cm), avec repr\u00e9sentation d&rsquo;un chien en relief. il est peint de diff\u00e9rentes couleurs, et est en tr\u00e8s bon \u00e9tat. Il date probablement des ann\u00e9es 1950-60. R\u00e9f 4.36<\/p>\n","protected":false},"featured_media":1543,"comment_status":"open","ping_status":"closed","template":"","meta":{"neve_meta_sidebar":"","neve_meta_container":"","neve_meta_enable_content_width":"off","neve_meta_content_width":100,"neve_meta_title_alignment":"","neve_meta_author_avatar":"","neve_post_elements_order":"","neve_meta_disable_header":"","neve_meta_disable_footer":"","neve_meta_disable_title":""},"product_brand":[],"product_cat":[23],"product_tag":[122,84],"class_list":{"0":"post-1637","1":"product","2":"type-product","3":"status-publish","4":"has-post-thumbnail","6":"product_cat-mobilier","7":"product_tag-bureau","8":"product_tag-mobilier","10":"first","11":"instock","12":"shipping-taxable","13":"purchasable","14":"product-type-simple"},"_links":{"self":[{"href":"https:\/\/legrenierdelatour.be\/brocante\/wp-json\/wp\/v2\/product\/1637","targetHints":{"allow":["GET"]}}],"collection":[{"href":"https:\/\/legrenierdelatour.be\/brocante\/wp-json\/wp\/v2\/product"}],"about":[{"href":"https:\/\/legrenierdelatour.be\/brocante\/wp-json\/wp\/v2\/types\/product"}],"replies":[{"embeddable":true,"href":"https:\/\/legrenierdelatour.be\/brocante\/wp-json\/wp\/v2\/comments?post=1637"}],"wp:featuredmedia":[{"embeddable":true,"href":"https:\/\/legrenierdelatour.be\/brocante\/wp-json\/wp\/v2\/media\/1543"}],"wp:attachment":[{"href":"https:\/\/legrenierdelatour.be\/brocante\/wp-json\/wp\/v2\/media?parent=1637"}],"wp:term":[{"taxonomy":"product_brand","embeddable":true,"href":"https:\/\/legrenierdelatour.be\/brocante\/wp-json\/wp\/v2\/product_brand?post=1637"},{"taxonomy":"product_cat","embeddable":true,"href":"https:\/\/legrenierdelatour.be\/brocante\/wp-json\/wp\/v2\/product_cat?post=1637"},{"taxonomy":"product_tag","embeddable":true,"href":"https:\/\/legrenierdelatour.be\/brocante\/wp-json\/wp\/v2\/product_tag?post=1637"}],"curies":[{"name":"wp","href":"https:\/\/api.w.org\/{rel}","templated":true}]}}