{"id":1631,"date":"2022-04-13T11:41:39","date_gmt":"2022-04-13T09:41:39","guid":{"rendered":"https:\/\/legrenierdelatour.be\/brocante\/?post_type=product&#038;p=1631"},"modified":"2022-05-19T13:03:02","modified_gmt":"2022-05-19T11:03:02","slug":"bidet-ancien","status":"publish","type":"product","link":"https:\/\/legrenierdelatour.be\/brocante\/produit\/bidet-ancien\/","title":{"rendered":"Bidet ancien"},"content":{"rendered":"<p>Ancien bidet (44 cm de haut) en bois sur pieds, avec bassine en fa\u00efence et couvercle en bois. La bassine a un coup sur un c\u00f4t\u00e9. Il date du d\u00e9but du XX\u00e8 si\u00e8cle. Le bassin de fa\u00efence a \u00e9t\u00e9 produit par la fa\u00efencerie Utzschneider &amp; Cie. L&rsquo;ancienne fa\u00efencerie de Sarreguemines (fond\u00e9e en 1790 par Nicolas-Henri Jacobi, son fr\u00e8re Augustin et Joseph Fabry) fut rachet\u00e9e en 1800 par Paul Utzschneider, un bavarois.<\/p>\n<p>R\u00e9f 4.80<\/p>\n","protected":false},"excerpt":{"rendered":"<p>Ancien bidet (44 cm de haut) en bois sur pieds, avec bassine en fa\u00efence et couvercle en bois. La bassine a un coup sur un c\u00f4t\u00e9. Il date du d\u00e9but du XX\u00e8 si\u00e8cle. Le bassin de fa\u00efence a \u00e9t\u00e9 produit par la fa\u00efencerie Utzschneider &amp; Cie. L&rsquo;ancienne fa\u00efencerie de Sarreguemines (fond\u00e9e en 1790 par Nicolas-Henri&hellip;&nbsp;<a href=\"https:\/\/legrenierdelatour.be\/brocante\/produit\/bidet-ancien\/\" class=\"\" rel=\"bookmark\">Lire la suite &raquo;<span class=\"screen-reader-text\">Bidet ancien<\/span><\/a><\/p>\n","protected":false},"featured_media":1560,"comment_status":"open","ping_status":"closed","template":"","meta":{"neve_meta_sidebar":"","neve_meta_container":"","neve_meta_enable_content_width":"off","neve_meta_content_width":100,"neve_meta_title_alignment":"","neve_meta_author_avatar":"","neve_post_elements_order":"","neve_meta_disable_header":"","neve_meta_disable_footer":"","neve_meta_disable_title":""},"product_brand":[],"product_cat":[16,59,23],"product_tag":[19,84,133,132],"class_list":{"0":"post-1631","1":"product","2":"type-product","3":"status-publish","4":"has-post-thumbnail","6":"product_cat-ceramique","7":"product_cat-france","8":"product_cat-mobilier","9":"product_tag-faience","10":"product_tag-mobilier","11":"product_tag-sarreguemines","12":"product_tag-utzschneider","14":"first","15":"instock","16":"shipping-taxable","17":"purchasable","18":"product-type-simple"},"_links":{"self":[{"href":"https:\/\/legrenierdelatour.be\/brocante\/wp-json\/wp\/v2\/product\/1631","targetHints":{"allow":["GET"]}}],"collection":[{"href":"https:\/\/legrenierdelatour.be\/brocante\/wp-json\/wp\/v2\/product"}],"about":[{"href":"https:\/\/legrenierdelatour.be\/brocante\/wp-json\/wp\/v2\/types\/product"}],"replies":[{"embeddable":true,"href":"https:\/\/legrenierdelatour.be\/brocante\/wp-json\/wp\/v2\/comments?post=1631"}],"wp:featuredmedia":[{"embeddable":true,"href":"https:\/\/legrenierdelatour.be\/brocante\/wp-json\/wp\/v2\/media\/1560"}],"wp:attachment":[{"href":"https:\/\/legrenierdelatour.be\/brocante\/wp-json\/wp\/v2\/media?parent=1631"}],"wp:term":[{"taxonomy":"product_brand","embeddable":true,"href":"https:\/\/legrenierdelatour.be\/brocante\/wp-json\/wp\/v2\/product_brand?post=1631"},{"taxonomy":"product_cat","embeddable":true,"href":"https:\/\/legrenierdelatour.be\/brocante\/wp-json\/wp\/v2\/product_cat?post=1631"},{"taxonomy":"product_tag","embeddable":true,"href":"https:\/\/legrenierdelatour.be\/brocante\/wp-json\/wp\/v2\/product_tag?post=1631"}],"curies":[{"name":"wp","href":"https:\/\/api.w.org\/{rel}","templated":true}]}}