{"id":1628,"date":"2022-04-13T11:14:34","date_gmt":"2022-04-13T09:14:34","guid":{"rendered":"https:\/\/legrenierdelatour.be\/brocante\/?post_type=product&#038;p=1628"},"modified":"2024-07-10T10:22:42","modified_gmt":"2024-07-10T08:22:42","slug":"lampe-a-petrole-lempereur-bernard-en-laiton","status":"publish","type":"product","link":"https:\/\/legrenierdelatour.be\/brocante\/produit\/lampe-a-petrole-lempereur-bernard-en-laiton\/","title":{"rendered":"Lampe \u00e0 p\u00e9trole Lempereur &#038; Bernard en laiton"},"content":{"rendered":"<p>Lampe en laiton (30 cm de haut) des Etablissements \u00a0Lempereur &amp; Bernard (Joseph Lempereur et Lambert Bernard) cr\u00e9\u00e9s en 1867 \u00e0 Herstal, pr\u00e8s de Li\u00e8ge. Appel\u00e9e aussi Lampe belge, cette lampe est reconnaissable par son \u00e9cusson L&amp;B entour\u00e9 de rayons de soleil. La production de lampes durera jusque&rsquo;\u00e0 la guerre 14-18 puis la soci\u00e9t\u00e9 se reconvertira vers d&rsquo;autres produits. Cette lampe date du d\u00e9but du XX\u00e8 si\u00e8cle et est en tr\u00e8s bon \u00e9tat.<\/p>\n<p>R\u00e9f 5.30<\/p>\n<p>&nbsp;<\/p>\n","protected":false},"excerpt":{"rendered":"<p>Lampe en laiton (30 cm de haut) des Etablissements \u00a0Lempereur &amp; Bernard (Joseph Lempereur et Lambert Bernard) cr\u00e9\u00e9s en 1867 \u00e0 Herstal, pr\u00e8s de Li\u00e8ge. Appel\u00e9e aussi Lampe belge, cette lampe est reconnaissable par son \u00e9cusson L&amp;B entour\u00e9 de rayons de soleil. La production de lampes durera jusque&rsquo;\u00e0 la guerre 14-18 puis la soci\u00e9t\u00e9 se&hellip;&nbsp;<a href=\"https:\/\/legrenierdelatour.be\/brocante\/produit\/lampe-a-petrole-lempereur-bernard-en-laiton\/\" class=\"\" rel=\"bookmark\">Lire la suite &raquo;<span class=\"screen-reader-text\">Lampe \u00e0 p\u00e9trole Lempereur &#038; Bernard en laiton<\/span><\/a><\/p>\n","protected":false},"featured_media":1566,"comment_status":"open","ping_status":"closed","template":"","meta":{"neve_meta_sidebar":"","neve_meta_container":"","neve_meta_enable_content_width":"off","neve_meta_content_width":100,"neve_meta_title_alignment":"","neve_meta_author_avatar":"","neve_post_elements_order":"","neve_meta_disable_header":"","neve_meta_disable_footer":"","neve_meta_disable_title":""},"product_brand":[],"product_cat":[181,23,24],"product_tag":[40,91,131],"class_list":{"0":"post-1628","1":"product","2":"type-product","3":"status-publish","4":"has-post-thumbnail","6":"product_cat-lampes-a-petrole","7":"product_cat-mobilier","8":"product_cat-luminaires","9":"product_tag-belgique","10":"product_tag-lampe","11":"product_tag-lampe-a-petrole","13":"first","14":"instock","15":"shipping-taxable","16":"purchasable","17":"product-type-simple"},"_links":{"self":[{"href":"https:\/\/legrenierdelatour.be\/brocante\/wp-json\/wp\/v2\/product\/1628","targetHints":{"allow":["GET"]}}],"collection":[{"href":"https:\/\/legrenierdelatour.be\/brocante\/wp-json\/wp\/v2\/product"}],"about":[{"href":"https:\/\/legrenierdelatour.be\/brocante\/wp-json\/wp\/v2\/types\/product"}],"replies":[{"embeddable":true,"href":"https:\/\/legrenierdelatour.be\/brocante\/wp-json\/wp\/v2\/comments?post=1628"}],"wp:featuredmedia":[{"embeddable":true,"href":"https:\/\/legrenierdelatour.be\/brocante\/wp-json\/wp\/v2\/media\/1566"}],"wp:attachment":[{"href":"https:\/\/legrenierdelatour.be\/brocante\/wp-json\/wp\/v2\/media?parent=1628"}],"wp:term":[{"taxonomy":"product_brand","embeddable":true,"href":"https:\/\/legrenierdelatour.be\/brocante\/wp-json\/wp\/v2\/product_brand?post=1628"},{"taxonomy":"product_cat","embeddable":true,"href":"https:\/\/legrenierdelatour.be\/brocante\/wp-json\/wp\/v2\/product_cat?post=1628"},{"taxonomy":"product_tag","embeddable":true,"href":"https:\/\/legrenierdelatour.be\/brocante\/wp-json\/wp\/v2\/product_tag?post=1628"}],"curies":[{"name":"wp","href":"https:\/\/api.w.org\/{rel}","templated":true}]}}