{"id":1626,"date":"2022-04-13T11:00:19","date_gmt":"2022-04-13T09:00:19","guid":{"rendered":"https:\/\/legrenierdelatour.be\/brocante\/?post_type=product&#038;p=1626"},"modified":"2022-05-19T13:04:48","modified_gmt":"2022-05-19T11:04:48","slug":"lampe-a-huile-tempete-en-laiton","status":"publish","type":"product","link":"https:\/\/legrenierdelatour.be\/brocante\/produit\/lampe-a-huile-tempete-en-laiton\/","title":{"rendered":"Lampe \u00e0 p\u00e9trole temp\u00eate en laiton"},"content":{"rendered":"<p>Belle lampe \u00e0 p\u00e9trole (24 cm de haut) \u00e0 suspendre, en laiton. Pas de marque visible mais le chiffre 5 sur le dessus. elle est en tr\u00e8s bon \u00e9tat g\u00e9n\u00e9ral.<\/p>\n<p>R\u00e9f 5.32<\/p>\n","protected":false},"excerpt":{"rendered":"<p>Belle lampe \u00e0 p\u00e9trole (24 cm de haut) \u00e0 suspendre, en laiton. Pas de marque visible mais le chiffre 5 sur le dessus. elle est en tr\u00e8s bon \u00e9tat g\u00e9n\u00e9ral. R\u00e9f 5.32<\/p>\n","protected":false},"featured_media":1576,"comment_status":"open","ping_status":"closed","template":"","meta":{"neve_meta_sidebar":"","neve_meta_container":"","neve_meta_enable_content_width":"off","neve_meta_content_width":100,"neve_meta_title_alignment":"","neve_meta_author_avatar":"","neve_post_elements_order":"","neve_meta_disable_header":"","neve_meta_disable_footer":"","neve_meta_disable_title":""},"product_brand":[],"product_cat":[181,23,24],"product_tag":[122,91],"class_list":{"0":"post-1626","1":"product","2":"type-product","3":"status-publish","4":"has-post-thumbnail","6":"product_cat-lampes-a-petrole","7":"product_cat-mobilier","8":"product_cat-luminaires","9":"product_tag-bureau","10":"product_tag-lampe","12":"first","13":"instock","14":"shipping-taxable","15":"purchasable","16":"product-type-simple"},"_links":{"self":[{"href":"https:\/\/legrenierdelatour.be\/brocante\/wp-json\/wp\/v2\/product\/1626","targetHints":{"allow":["GET"]}}],"collection":[{"href":"https:\/\/legrenierdelatour.be\/brocante\/wp-json\/wp\/v2\/product"}],"about":[{"href":"https:\/\/legrenierdelatour.be\/brocante\/wp-json\/wp\/v2\/types\/product"}],"replies":[{"embeddable":true,"href":"https:\/\/legrenierdelatour.be\/brocante\/wp-json\/wp\/v2\/comments?post=1626"}],"wp:featuredmedia":[{"embeddable":true,"href":"https:\/\/legrenierdelatour.be\/brocante\/wp-json\/wp\/v2\/media\/1576"}],"wp:attachment":[{"href":"https:\/\/legrenierdelatour.be\/brocante\/wp-json\/wp\/v2\/media?parent=1626"}],"wp:term":[{"taxonomy":"product_brand","embeddable":true,"href":"https:\/\/legrenierdelatour.be\/brocante\/wp-json\/wp\/v2\/product_brand?post=1626"},{"taxonomy":"product_cat","embeddable":true,"href":"https:\/\/legrenierdelatour.be\/brocante\/wp-json\/wp\/v2\/product_cat?post=1626"},{"taxonomy":"product_tag","embeddable":true,"href":"https:\/\/legrenierdelatour.be\/brocante\/wp-json\/wp\/v2\/product_tag?post=1626"}],"curies":[{"name":"wp","href":"https:\/\/api.w.org\/{rel}","templated":true}]}}