{"id":1624,"date":"2022-04-13T10:52:57","date_gmt":"2022-04-13T08:52:57","guid":{"rendered":"https:\/\/legrenierdelatour.be\/brocante\/?post_type=product&#038;p=1624"},"modified":"2022-04-13T10:54:02","modified_gmt":"2022-04-13T08:54:02","slug":"chaise-thonet-n36-436","status":"publish","type":"product","link":"https:\/\/legrenierdelatour.be\/brocante\/produit\/chaise-thonet-n36-436\/","title":{"rendered":"Chaise Thonet N\u00b036 (436)"},"content":{"rendered":"<p>Chaise en bois et manage (92 cm haut x 40cm assise) de marque Thonet (Thonet\/Wien\/Mit gesetlichem Schutz (gegen) Nachahmung&#8230;). Le Canage est ab\u00eem\u00e9 et n\u00e9cessite une restauration. Elle a \u00e9t\u00e9 produite antre 1888 et 1922, date de production de ce mod\u00e8le par les ateliers Thonet ( cr\u00e9\u00e9s par Michael Thonet (1796-1971), qui cr\u00e9e la firme en 1819 \u00a0sp\u00e9cialis\u00e9e dans l&rsquo;utilisation du cintrage bois par autoclave (brevet en 1855). La chaise est marqu\u00e9e de \u00ab\u00a0GT\u00a0\u00bb (Gebr\u00fcder Thonet).<\/p>\n<p>R\u00e9f 6.94<\/p>\n","protected":false},"excerpt":{"rendered":"<p>Chaise en bois et manage (92 cm haut x 40cm assise) de marque Thonet (Thonet\/Wien\/Mit gesetlichem Schutz (gegen) Nachahmung&#8230;). Le Canage est ab\u00eem\u00e9 et n\u00e9cessite une restauration. Elle a \u00e9t\u00e9 produite antre 1888 et 1922, date de production de ce mod\u00e8le par les ateliers Thonet ( cr\u00e9\u00e9s par Michael Thonet (1796-1971), qui cr\u00e9e la firme&hellip;&nbsp;<a href=\"https:\/\/legrenierdelatour.be\/brocante\/produit\/chaise-thonet-n36-436\/\" class=\"\" rel=\"bookmark\">Lire la suite &raquo;<span class=\"screen-reader-text\">Chaise Thonet N\u00b036 (436)<\/span><\/a><\/p>\n","protected":false},"featured_media":1590,"comment_status":"open","ping_status":"closed","template":"","meta":{"neve_meta_sidebar":"","neve_meta_container":"","neve_meta_enable_content_width":"off","neve_meta_content_width":100,"neve_meta_title_alignment":"","neve_meta_author_avatar":"","neve_post_elements_order":"","neve_meta_disable_header":"","neve_meta_disable_footer":"","neve_meta_disable_title":""},"product_brand":[],"product_cat":[23,129],"product_tag":[21,122,84,130],"class_list":{"0":"post-1624","1":"product","2":"type-product","3":"status-publish","4":"has-post-thumbnail","6":"product_cat-mobilier","7":"product_cat-thonet","8":"product_tag-art-deco","9":"product_tag-bureau","10":"product_tag-mobilier","11":"product_tag-thonet","13":"first","14":"instock","15":"shipping-taxable","16":"purchasable","17":"product-type-simple"},"_links":{"self":[{"href":"https:\/\/legrenierdelatour.be\/brocante\/wp-json\/wp\/v2\/product\/1624","targetHints":{"allow":["GET"]}}],"collection":[{"href":"https:\/\/legrenierdelatour.be\/brocante\/wp-json\/wp\/v2\/product"}],"about":[{"href":"https:\/\/legrenierdelatour.be\/brocante\/wp-json\/wp\/v2\/types\/product"}],"replies":[{"embeddable":true,"href":"https:\/\/legrenierdelatour.be\/brocante\/wp-json\/wp\/v2\/comments?post=1624"}],"wp:featuredmedia":[{"embeddable":true,"href":"https:\/\/legrenierdelatour.be\/brocante\/wp-json\/wp\/v2\/media\/1590"}],"wp:attachment":[{"href":"https:\/\/legrenierdelatour.be\/brocante\/wp-json\/wp\/v2\/media?parent=1624"}],"wp:term":[{"taxonomy":"product_brand","embeddable":true,"href":"https:\/\/legrenierdelatour.be\/brocante\/wp-json\/wp\/v2\/product_brand?post=1624"},{"taxonomy":"product_cat","embeddable":true,"href":"https:\/\/legrenierdelatour.be\/brocante\/wp-json\/wp\/v2\/product_cat?post=1624"},{"taxonomy":"product_tag","embeddable":true,"href":"https:\/\/legrenierdelatour.be\/brocante\/wp-json\/wp\/v2\/product_tag?post=1624"}],"curies":[{"name":"wp","href":"https:\/\/api.w.org\/{rel}","templated":true}]}}