{"id":1623,"date":"2022-04-13T10:37:17","date_gmt":"2022-04-13T08:37:17","guid":{"rendered":"https:\/\/legrenierdelatour.be\/brocante\/?post_type=product&#038;p=1623"},"modified":"2022-05-19T13:05:49","modified_gmt":"2022-05-19T11:05:49","slug":"radio-novera-marbehan","status":"publish","type":"product","link":"https:\/\/legrenierdelatour.be\/brocante\/produit\/radio-novera-marbehan\/","title":{"rendered":"Radio Novera, Marbehan"},"content":{"rendered":"<p>Radio de marque Novera, \u00e0 fonctionnement tr\u00e8s incertain? mais dans un bel \u00e9tat. Novera est une entreprise cr\u00e9\u00e9e en 1924 par Georges Claisse \u00e0 Marbehan, un petit village proche d&rsquo;Arlon. D\u00e8s 1925, la marque Novera (NOUVEaut\u00e9 Radio) est d\u00e9pos\u00e9e. La production s&rsquo;arr\u00eatera en an 1960.<\/p>\n<p>R\u00e9f 6.10<\/p>\n","protected":false},"excerpt":{"rendered":"<p>Radio de marque Novera, \u00e0 fonctionnement tr\u00e8s incertain? mais dans un bel \u00e9tat. Novera est une entreprise cr\u00e9\u00e9e en 1924 par Georges Claisse \u00e0 Marbehan, un petit village proche d&rsquo;Arlon. D\u00e8s 1925, la marque Novera (NOUVEaut\u00e9 Radio) est d\u00e9pos\u00e9e. La production s&rsquo;arr\u00eatera en an 1960. R\u00e9f 6.10<\/p>\n","protected":false},"featured_media":1583,"comment_status":"open","ping_status":"closed","template":"","meta":{"neve_meta_sidebar":"","neve_meta_container":"","neve_meta_enable_content_width":"off","neve_meta_content_width":100,"neve_meta_title_alignment":"","neve_meta_author_avatar":"","neve_post_elements_order":"","neve_meta_disable_header":"","neve_meta_disable_footer":"","neve_meta_disable_title":""},"product_brand":[],"product_cat":[23,30,31,128],"product_tag":[21,40,121,112,127,28],"class_list":{"0":"post-1623","1":"product","2":"type-product","3":"status-publish","4":"has-post-thumbnail","6":"product_cat-mobilier","7":"product_cat-luxemburgensia","8":"product_cat-pays-darlon","9":"product_cat-radio","10":"product_tag-art-deco","11":"product_tag-belgique","12":"product_tag-fumoir","13":"product_tag-pays-darlon","14":"product_tag-radio","15":"product_tag-vintage","17":"first","18":"instock","19":"shipping-taxable","20":"purchasable","21":"product-type-simple"},"_links":{"self":[{"href":"https:\/\/legrenierdelatour.be\/brocante\/wp-json\/wp\/v2\/product\/1623","targetHints":{"allow":["GET"]}}],"collection":[{"href":"https:\/\/legrenierdelatour.be\/brocante\/wp-json\/wp\/v2\/product"}],"about":[{"href":"https:\/\/legrenierdelatour.be\/brocante\/wp-json\/wp\/v2\/types\/product"}],"replies":[{"embeddable":true,"href":"https:\/\/legrenierdelatour.be\/brocante\/wp-json\/wp\/v2\/comments?post=1623"}],"wp:featuredmedia":[{"embeddable":true,"href":"https:\/\/legrenierdelatour.be\/brocante\/wp-json\/wp\/v2\/media\/1583"}],"wp:attachment":[{"href":"https:\/\/legrenierdelatour.be\/brocante\/wp-json\/wp\/v2\/media?parent=1623"}],"wp:term":[{"taxonomy":"product_brand","embeddable":true,"href":"https:\/\/legrenierdelatour.be\/brocante\/wp-json\/wp\/v2\/product_brand?post=1623"},{"taxonomy":"product_cat","embeddable":true,"href":"https:\/\/legrenierdelatour.be\/brocante\/wp-json\/wp\/v2\/product_cat?post=1623"},{"taxonomy":"product_tag","embeddable":true,"href":"https:\/\/legrenierdelatour.be\/brocante\/wp-json\/wp\/v2\/product_tag?post=1623"}],"curies":[{"name":"wp","href":"https:\/\/api.w.org\/{rel}","templated":true}]}}