{"id":162,"date":"2022-02-10T09:45:56","date_gmt":"2022-02-10T08:45:56","guid":{"rendered":"https:\/\/legrenierdelatour.be\/brocante\/?post_type=product&#038;p=162"},"modified":"2024-03-05T14:43:06","modified_gmt":"2024-03-05T13:43:06","slug":"plat-de-service-fontainebleau-villeroy-et-boch","status":"publish","type":"product","link":"https:\/\/legrenierdelatour.be\/brocante\/produit\/plat-de-service-fontainebleau-villeroy-et-boch\/","title":{"rendered":"Plat de service \u00ab\u00a0Fontainebleau\u00a0\u00bb Villeroy et Boch"},"content":{"rendered":"<p>Grand plat de service (45\/29 cm) issu de la collection \u00ab\u00a0Fontainebleau\u00a0\u00bbd&rsquo;apr\u00e8s un dessin de Xavier de Poret (1897-1975). Cette collection fut produite par Villeroy et Boch Septfontaines de 1965 \u00e0 1974 et r\u00e9\u00e9dit\u00e9 avec bordure brune de 1981 \u00e0 1986.<\/p>\n<p>Deux exemplaires disponibles<\/p>\n<p>R\u00e9f 3.11<\/p>\n","protected":false},"excerpt":{"rendered":"<p>Grand plat de service (45\/29 cm) issu de la collection \u00ab\u00a0Fontainebleau\u00a0\u00bbd&rsquo;apr\u00e8s un dessin de Xavier de Poret (1897-1975). Cette collection fut produite par Villeroy et Boch Septfontaines de 1965 \u00e0 1974 et r\u00e9\u00e9dit\u00e9 avec bordure brune de 1981 \u00e0 1986. Deux exemplaires disponibles R\u00e9f 3.11<\/p>\n","protected":false},"featured_media":163,"comment_status":"open","ping_status":"closed","template":"","meta":{"neve_meta_sidebar":"","neve_meta_container":"","neve_meta_enable_content_width":"off","neve_meta_content_width":100,"neve_meta_title_alignment":"","neve_meta_author_avatar":"","neve_post_elements_order":"","neve_meta_disable_header":"","neve_meta_disable_footer":"","neve_meta_disable_title":""},"product_brand":[],"product_cat":[15,172,16,165,29],"product_tag":[19,32],"class_list":{"0":"post-162","1":"product","2":"type-product","3":"status-publish","4":"has-post-thumbnail","6":"product_cat-non-classe","7":"product_cat-en-cuisine","8":"product_cat-ceramique","9":"product_cat-luxembourg","10":"product_cat-villeroy-boch","11":"product_tag-faience","12":"product_tag-villeroy-et-boch","14":"first","15":"instock","16":"shipping-taxable","17":"purchasable","18":"product-type-simple"},"_links":{"self":[{"href":"https:\/\/legrenierdelatour.be\/brocante\/wp-json\/wp\/v2\/product\/162","targetHints":{"allow":["GET"]}}],"collection":[{"href":"https:\/\/legrenierdelatour.be\/brocante\/wp-json\/wp\/v2\/product"}],"about":[{"href":"https:\/\/legrenierdelatour.be\/brocante\/wp-json\/wp\/v2\/types\/product"}],"replies":[{"embeddable":true,"href":"https:\/\/legrenierdelatour.be\/brocante\/wp-json\/wp\/v2\/comments?post=162"}],"wp:featuredmedia":[{"embeddable":true,"href":"https:\/\/legrenierdelatour.be\/brocante\/wp-json\/wp\/v2\/media\/163"}],"wp:attachment":[{"href":"https:\/\/legrenierdelatour.be\/brocante\/wp-json\/wp\/v2\/media?parent=162"}],"wp:term":[{"taxonomy":"product_brand","embeddable":true,"href":"https:\/\/legrenierdelatour.be\/brocante\/wp-json\/wp\/v2\/product_brand?post=162"},{"taxonomy":"product_cat","embeddable":true,"href":"https:\/\/legrenierdelatour.be\/brocante\/wp-json\/wp\/v2\/product_cat?post=162"},{"taxonomy":"product_tag","embeddable":true,"href":"https:\/\/legrenierdelatour.be\/brocante\/wp-json\/wp\/v2\/product_tag?post=162"}],"curies":[{"name":"wp","href":"https:\/\/api.w.org\/{rel}","templated":true}]}}