{"id":158,"date":"2022-02-10T09:29:40","date_gmt":"2022-02-10T08:29:40","guid":{"rendered":"https:\/\/legrenierdelatour.be\/brocante\/?post_type=product&#038;p=158"},"modified":"2022-05-19T17:43:41","modified_gmt":"2022-05-19T15:43:41","slug":"assiette-geranium-villeroy-et-boch-wallerfangen","status":"publish","type":"product","link":"https:\/\/legrenierdelatour.be\/brocante\/produit\/assiette-geranium-villeroy-et-boch-wallerfangen\/","title":{"rendered":"Assiette \u00ab\u00a0Geranium\u00a0\u00bb Villeroy et Boch Wallerfangen"},"content":{"rendered":"<p>Assiette de la collection \u00ab\u00a0Geranium\u00a0\u00bb produite par Villeroy et Boch \u00e0 Wallerfangen (Vaudrevange) au d\u00e9but du XX\u00e8me si\u00e8cle. L&rsquo;entreprise \u00e0 Wallerfangen ferme d\u00e9finitivement ses portes en 1931. L&rsquo;assiette pr\u00e9sente quelques micro fissures et manquements.<\/p>\n<p>R\u00e9f 2.37<\/p>\n","protected":false},"excerpt":{"rendered":"<p>Assiette de la collection \u00ab\u00a0Geranium\u00a0\u00bb produite par Villeroy et Boch \u00e0 Wallerfangen (Vaudrevange) au d\u00e9but du XX\u00e8me si\u00e8cle. L&rsquo;entreprise \u00e0 Wallerfangen ferme d\u00e9finitivement ses portes en 1931. L&rsquo;assiette pr\u00e9sente quelques micro fissures et manquements. R\u00e9f 2.37<\/p>\n","protected":false},"featured_media":160,"comment_status":"open","ping_status":"closed","template":"","meta":{"neve_meta_sidebar":"","neve_meta_container":"","neve_meta_enable_content_width":"off","neve_meta_content_width":100,"neve_meta_title_alignment":"","neve_meta_author_avatar":"","neve_post_elements_order":"","neve_meta_disable_header":"","neve_meta_disable_footer":"","neve_meta_disable_title":""},"product_brand":[],"product_cat":[15,48,172,16,29],"product_tag":[19,32],"class_list":{"0":"post-158","1":"product","2":"type-product","3":"status-publish","4":"has-post-thumbnail","6":"product_cat-non-classe","7":"product_cat-allemagne","8":"product_cat-en-cuisine","9":"product_cat-ceramique","10":"product_cat-villeroy-boch","11":"product_tag-faience","12":"product_tag-villeroy-et-boch","14":"first","15":"instock","16":"shipping-taxable","17":"purchasable","18":"product-type-simple"},"_links":{"self":[{"href":"https:\/\/legrenierdelatour.be\/brocante\/wp-json\/wp\/v2\/product\/158","targetHints":{"allow":["GET"]}}],"collection":[{"href":"https:\/\/legrenierdelatour.be\/brocante\/wp-json\/wp\/v2\/product"}],"about":[{"href":"https:\/\/legrenierdelatour.be\/brocante\/wp-json\/wp\/v2\/types\/product"}],"replies":[{"embeddable":true,"href":"https:\/\/legrenierdelatour.be\/brocante\/wp-json\/wp\/v2\/comments?post=158"}],"wp:featuredmedia":[{"embeddable":true,"href":"https:\/\/legrenierdelatour.be\/brocante\/wp-json\/wp\/v2\/media\/160"}],"wp:attachment":[{"href":"https:\/\/legrenierdelatour.be\/brocante\/wp-json\/wp\/v2\/media?parent=158"}],"wp:term":[{"taxonomy":"product_brand","embeddable":true,"href":"https:\/\/legrenierdelatour.be\/brocante\/wp-json\/wp\/v2\/product_brand?post=158"},{"taxonomy":"product_cat","embeddable":true,"href":"https:\/\/legrenierdelatour.be\/brocante\/wp-json\/wp\/v2\/product_cat?post=158"},{"taxonomy":"product_tag","embeddable":true,"href":"https:\/\/legrenierdelatour.be\/brocante\/wp-json\/wp\/v2\/product_tag?post=158"}],"curies":[{"name":"wp","href":"https:\/\/api.w.org\/{rel}","templated":true}]}}