{"id":155,"date":"2022-02-10T09:28:15","date_gmt":"2022-02-10T08:28:15","guid":{"rendered":"https:\/\/legrenierdelatour.be\/brocante\/?post_type=product&#038;p=155"},"modified":"2022-05-19T17:44:00","modified_gmt":"2022-05-19T15:44:00","slug":"plat-sauciere-livia-villeroy-et-boch-mettlach","status":"publish","type":"product","link":"https:\/\/legrenierdelatour.be\/brocante\/produit\/plat-sauciere-livia-villeroy-et-boch-mettlach\/","title":{"rendered":"Plat sauci\u00e8re \u00ab\u00a0Livia\u00a0\u00bb Villeroy et Boch Mettlach"},"content":{"rendered":"<p>Petit plat \u00e0 sauce de la collection \u00ab\u00a0Livia\u00a0\u00bb fabriqu\u00e9 par Villeroy et Boch Mettlach au d\u00e9but du XX\u00e8me si\u00e8cle. En assez mauvais \u00e9tat (craquelures d&rsquo;\u00e2ge et quelques manques). 20 cm de diam\u00e8tre.<\/p>\n<p>R\u00e9f 1.121<\/p>\n","protected":false},"excerpt":{"rendered":"<p>Petit plat \u00e0 sauce de la collection \u00ab\u00a0Livia\u00a0\u00bb fabriqu\u00e9 par Villeroy et Boch Mettlach au d\u00e9but du XX\u00e8me si\u00e8cle. En assez mauvais \u00e9tat (craquelures d&rsquo;\u00e2ge et quelques manques). 20 cm de diam\u00e8tre. R\u00e9f 1.121<\/p>\n","protected":false},"featured_media":156,"comment_status":"open","ping_status":"closed","template":"","meta":{"neve_meta_sidebar":"","neve_meta_container":"","neve_meta_enable_content_width":"off","neve_meta_content_width":100,"neve_meta_title_alignment":"","neve_meta_author_avatar":"","neve_post_elements_order":"","neve_meta_disable_header":"","neve_meta_disable_footer":"","neve_meta_disable_title":""},"product_brand":[],"product_cat":[15,48,172,16,29],"product_tag":[19,33,32],"class_list":{"0":"post-155","1":"product","2":"type-product","3":"status-publish","4":"has-post-thumbnail","6":"product_cat-non-classe","7":"product_cat-allemagne","8":"product_cat-en-cuisine","9":"product_cat-ceramique","10":"product_cat-villeroy-boch","11":"product_tag-faience","12":"product_tag-mettlach","13":"product_tag-villeroy-et-boch","15":"first","16":"instock","17":"shipping-taxable","18":"purchasable","19":"product-type-simple"},"_links":{"self":[{"href":"https:\/\/legrenierdelatour.be\/brocante\/wp-json\/wp\/v2\/product\/155","targetHints":{"allow":["GET"]}}],"collection":[{"href":"https:\/\/legrenierdelatour.be\/brocante\/wp-json\/wp\/v2\/product"}],"about":[{"href":"https:\/\/legrenierdelatour.be\/brocante\/wp-json\/wp\/v2\/types\/product"}],"replies":[{"embeddable":true,"href":"https:\/\/legrenierdelatour.be\/brocante\/wp-json\/wp\/v2\/comments?post=155"}],"wp:featuredmedia":[{"embeddable":true,"href":"https:\/\/legrenierdelatour.be\/brocante\/wp-json\/wp\/v2\/media\/156"}],"wp:attachment":[{"href":"https:\/\/legrenierdelatour.be\/brocante\/wp-json\/wp\/v2\/media?parent=155"}],"wp:term":[{"taxonomy":"product_brand","embeddable":true,"href":"https:\/\/legrenierdelatour.be\/brocante\/wp-json\/wp\/v2\/product_brand?post=155"},{"taxonomy":"product_cat","embeddable":true,"href":"https:\/\/legrenierdelatour.be\/brocante\/wp-json\/wp\/v2\/product_cat?post=155"},{"taxonomy":"product_tag","embeddable":true,"href":"https:\/\/legrenierdelatour.be\/brocante\/wp-json\/wp\/v2\/product_tag?post=155"}],"curies":[{"name":"wp","href":"https:\/\/api.w.org\/{rel}","templated":true}]}}