{"id":151,"date":"2022-02-10T09:08:02","date_gmt":"2022-02-10T08:08:02","guid":{"rendered":"https:\/\/legrenierdelatour.be\/brocante\/?post_type=product&#038;p=151"},"modified":"2023-09-04T11:39:29","modified_gmt":"2023-09-04T09:39:29","slug":"cafetiere-individuelle-faience-brune-villeroy-et-boch","status":"publish","type":"product","link":"https:\/\/legrenierdelatour.be\/brocante\/produit\/cafetiere-individuelle-faience-brune-villeroy-et-boch\/","title":{"rendered":"Cafeti\u00e8re individuelle fa\u00efence brune Villeroy et Boch"},"content":{"rendered":"<p>Jolie cafeti\u00e8re individuelle avec filtre en fa\u00efence brune produites par Villeroy et Boch. Taille \u00ab\u00a04\u00a0\u00bb, hauteur totale 18 cm. Tr\u00e8s bon \u00e9tat.<\/p>\n<p>Ref 1.63<\/p>\n","protected":false},"excerpt":{"rendered":"<p>Jolie cafeti\u00e8re individuelle avec filtre en fa\u00efence brune produites par Villeroy et Boch. Taille \u00ab\u00a04\u00a0\u00bb, hauteur totale 18 cm. Tr\u00e8s bon \u00e9tat. Ref 1.63<\/p>\n","protected":false},"featured_media":152,"comment_status":"open","ping_status":"closed","template":"","meta":{"neve_meta_sidebar":"","neve_meta_container":"","neve_meta_enable_content_width":"off","neve_meta_content_width":100,"neve_meta_title_alignment":"","neve_meta_author_avatar":"","neve_post_elements_order":"","neve_meta_disable_header":"","neve_meta_disable_footer":"","neve_meta_disable_title":""},"product_brand":[],"product_cat":[15,172,16,165,29],"product_tag":[32,28],"class_list":{"0":"post-151","1":"product","2":"type-product","3":"status-publish","4":"has-post-thumbnail","6":"product_cat-non-classe","7":"product_cat-en-cuisine","8":"product_cat-ceramique","9":"product_cat-luxembourg","10":"product_cat-villeroy-boch","11":"product_tag-villeroy-et-boch","12":"product_tag-vintage","14":"first","15":"instock","16":"sold-individually","17":"shipping-taxable","18":"purchasable","19":"product-type-simple"},"_links":{"self":[{"href":"https:\/\/legrenierdelatour.be\/brocante\/wp-json\/wp\/v2\/product\/151","targetHints":{"allow":["GET"]}}],"collection":[{"href":"https:\/\/legrenierdelatour.be\/brocante\/wp-json\/wp\/v2\/product"}],"about":[{"href":"https:\/\/legrenierdelatour.be\/brocante\/wp-json\/wp\/v2\/types\/product"}],"replies":[{"embeddable":true,"href":"https:\/\/legrenierdelatour.be\/brocante\/wp-json\/wp\/v2\/comments?post=151"}],"wp:featuredmedia":[{"embeddable":true,"href":"https:\/\/legrenierdelatour.be\/brocante\/wp-json\/wp\/v2\/media\/152"}],"wp:attachment":[{"href":"https:\/\/legrenierdelatour.be\/brocante\/wp-json\/wp\/v2\/media?parent=151"}],"wp:term":[{"taxonomy":"product_brand","embeddable":true,"href":"https:\/\/legrenierdelatour.be\/brocante\/wp-json\/wp\/v2\/product_brand?post=151"},{"taxonomy":"product_cat","embeddable":true,"href":"https:\/\/legrenierdelatour.be\/brocante\/wp-json\/wp\/v2\/product_cat?post=151"},{"taxonomy":"product_tag","embeddable":true,"href":"https:\/\/legrenierdelatour.be\/brocante\/wp-json\/wp\/v2\/product_tag?post=151"}],"curies":[{"name":"wp","href":"https:\/\/api.w.org\/{rel}","templated":true}]}}