{"id":1462,"date":"2022-04-09T11:51:11","date_gmt":"2022-04-09T09:51:11","guid":{"rendered":"https:\/\/legrenierdelatour.be\/brocante\/?post_type=product&#038;p=1462"},"modified":"2022-05-19T13:08:58","modified_gmt":"2022-05-19T11:08:58","slug":"boite-ancienne-tulipes","status":"publish","type":"product","link":"https:\/\/legrenierdelatour.be\/brocante\/produit\/boite-ancienne-tulipes\/","title":{"rendered":"Bo\u00eete ancienne \u00ab\u00a0Tulipes\u00a0\u00bb"},"content":{"rendered":"<p>Grande bo\u00eete (34,5x26x6,5 cm) ancienne en carton et tissus peint de tulipes. La peinture est sign\u00e9e de \u00ab\u00a0Perlay\u00a0\u00bb. Bon \u00e9tat si ce n&rsquo;est l&rsquo;usure due \u00e0 son \u00e2ge. Elle devrait dater des ann\u00e9es 1950-60.<\/p>\n<p>R\u00e9f 8.88<\/p>\n","protected":false},"excerpt":{"rendered":"<p>Grande bo\u00eete (34,5x26x6,5 cm) ancienne en carton et tissus peint de tulipes. La peinture est sign\u00e9e de \u00ab\u00a0Perlay\u00a0\u00bb. Bon \u00e9tat si ce n&rsquo;est l&rsquo;usure due \u00e0 son \u00e2ge. Elle devrait dater des ann\u00e9es 1950-60. R\u00e9f 8.88<\/p>\n","protected":false},"featured_media":1610,"comment_status":"open","ping_status":"closed","template":"","meta":{"neve_meta_sidebar":"","neve_meta_container":"","neve_meta_enable_content_width":"off","neve_meta_content_width":100,"neve_meta_title_alignment":"","neve_meta_author_avatar":"","neve_post_elements_order":"","neve_meta_disable_header":"","neve_meta_disable_footer":"","neve_meta_disable_title":""},"product_brand":[],"product_cat":[15,160],"product_tag":[28],"class_list":{"0":"post-1462","1":"product","2":"type-product","3":"status-publish","4":"has-post-thumbnail","6":"product_cat-non-classe","7":"product_cat-la-mode","8":"product_tag-vintage","10":"first","11":"instock","12":"shipping-taxable","13":"purchasable","14":"product-type-simple"},"_links":{"self":[{"href":"https:\/\/legrenierdelatour.be\/brocante\/wp-json\/wp\/v2\/product\/1462","targetHints":{"allow":["GET"]}}],"collection":[{"href":"https:\/\/legrenierdelatour.be\/brocante\/wp-json\/wp\/v2\/product"}],"about":[{"href":"https:\/\/legrenierdelatour.be\/brocante\/wp-json\/wp\/v2\/types\/product"}],"replies":[{"embeddable":true,"href":"https:\/\/legrenierdelatour.be\/brocante\/wp-json\/wp\/v2\/comments?post=1462"}],"wp:featuredmedia":[{"embeddable":true,"href":"https:\/\/legrenierdelatour.be\/brocante\/wp-json\/wp\/v2\/media\/1610"}],"wp:attachment":[{"href":"https:\/\/legrenierdelatour.be\/brocante\/wp-json\/wp\/v2\/media?parent=1462"}],"wp:term":[{"taxonomy":"product_brand","embeddable":true,"href":"https:\/\/legrenierdelatour.be\/brocante\/wp-json\/wp\/v2\/product_brand?post=1462"},{"taxonomy":"product_cat","embeddable":true,"href":"https:\/\/legrenierdelatour.be\/brocante\/wp-json\/wp\/v2\/product_cat?post=1462"},{"taxonomy":"product_tag","embeddable":true,"href":"https:\/\/legrenierdelatour.be\/brocante\/wp-json\/wp\/v2\/product_tag?post=1462"}],"curies":[{"name":"wp","href":"https:\/\/api.w.org\/{rel}","templated":true}]}}