{"id":1461,"date":"2022-04-07T16:21:14","date_gmt":"2022-04-07T14:21:14","guid":{"rendered":"https:\/\/legrenierdelatour.be\/brocante\/?post_type=product&#038;p=1461"},"modified":"2022-05-19T13:09:43","modified_gmt":"2022-05-19T11:09:43","slug":"statuette-dun-cheval-et-dun-singe-en-bronze","status":"publish","type":"product","link":"https:\/\/legrenierdelatour.be\/brocante\/produit\/statuette-dun-cheval-et-dun-singe-en-bronze\/","title":{"rendered":"Statuette d&rsquo;un cheval et d&rsquo;un singe en bronze"},"content":{"rendered":"<p>Statuette en bronze repr\u00e9sentant un cheval avec un singe sur son dos, en bronze. Il s&rsquo;agit d&rsquo;une production chinoise de la seconde moiti\u00e9 du XX\u00e8 si\u00e8cle. Elle est dans un \u00e9tat moyen, avec des traces d&rsquo;oxydation assez importantes \u00e0 diff\u00e9rents endroits.<\/p>\n<p>r\u00e9f 1.82<\/p>\n","protected":false},"excerpt":{"rendered":"<p>Statuette en bronze repr\u00e9sentant un cheval avec un singe sur son dos, en bronze. Il s&rsquo;agit d&rsquo;une production chinoise de la seconde moiti\u00e9 du XX\u00e8 si\u00e8cle. Elle est dans un \u00e9tat moyen, avec des traces d&rsquo;oxydation assez importantes \u00e0 diff\u00e9rents endroits. r\u00e9f 1.82<\/p>\n","protected":false},"featured_media":1409,"comment_status":"open","ping_status":"closed","template":"","meta":{"neve_meta_sidebar":"","neve_meta_container":"","neve_meta_enable_content_width":"off","neve_meta_content_width":100,"neve_meta_title_alignment":"","neve_meta_author_avatar":"","neve_post_elements_order":"","neve_meta_disable_header":"","neve_meta_disable_footer":"","neve_meta_disable_title":""},"product_brand":[],"product_cat":[167],"product_tag":[79,126],"class_list":{"0":"post-1461","1":"product","2":"type-product","3":"status-publish","4":"has-post-thumbnail","6":"product_cat-peintures-et-sculptures","7":"product_tag-art","8":"product_tag-chine","10":"first","11":"instock","12":"shipping-taxable","13":"purchasable","14":"product-type-simple"},"_links":{"self":[{"href":"https:\/\/legrenierdelatour.be\/brocante\/wp-json\/wp\/v2\/product\/1461","targetHints":{"allow":["GET"]}}],"collection":[{"href":"https:\/\/legrenierdelatour.be\/brocante\/wp-json\/wp\/v2\/product"}],"about":[{"href":"https:\/\/legrenierdelatour.be\/brocante\/wp-json\/wp\/v2\/types\/product"}],"replies":[{"embeddable":true,"href":"https:\/\/legrenierdelatour.be\/brocante\/wp-json\/wp\/v2\/comments?post=1461"}],"wp:featuredmedia":[{"embeddable":true,"href":"https:\/\/legrenierdelatour.be\/brocante\/wp-json\/wp\/v2\/media\/1409"}],"wp:attachment":[{"href":"https:\/\/legrenierdelatour.be\/brocante\/wp-json\/wp\/v2\/media?parent=1461"}],"wp:term":[{"taxonomy":"product_brand","embeddable":true,"href":"https:\/\/legrenierdelatour.be\/brocante\/wp-json\/wp\/v2\/product_brand?post=1461"},{"taxonomy":"product_cat","embeddable":true,"href":"https:\/\/legrenierdelatour.be\/brocante\/wp-json\/wp\/v2\/product_cat?post=1461"},{"taxonomy":"product_tag","embeddable":true,"href":"https:\/\/legrenierdelatour.be\/brocante\/wp-json\/wp\/v2\/product_tag?post=1461"}],"curies":[{"name":"wp","href":"https:\/\/api.w.org\/{rel}","templated":true}]}}